{"id":75204,"date":"2023-03-17T18:45:17","date_gmt":"2023-03-17T17:45:17","guid":{"rendered":"https:\/\/watchdeluxe.it\/prodotto\/tag-heuer-carrera-blau-42mm-ref-cbn2011-ba0642\/"},"modified":"2026-04-07T12:07:47","modified_gmt":"2026-04-07T10:07:47","slug":"tag-heuer-carrera-blu-42mm-ref-cbn2011-ba0642","status":"publish","type":"product","link":"https:\/\/watchdeluxe.it\/de\/prodotto\/tag-heuer-carrera-blu-42mm-ref-cbn2011-ba0642\/","title":{"rendered":"TAG Heuer Carrera blau 42mm ref. CBN2011.BA0642"},"content":{"rendered":"<ul>\n<li>Marke: Tag Heuer<\/li>\n<li>Modell: Carrera<\/li>\n<li>Aktenzeichen: CBN2011.BA0642<\/li>\n<li>Uhrwerk: automatisch<\/li>\n<li>Geh\u00e4use: Stahl<\/li>\n<li>Armband: Stahl<\/li>\n<li>Durchmesser: 42 mm<\/li>\n<li>L\u00fcnette: feste L\u00fcnette aus rhodiniertem und poliertem Stahl<\/li>\n<li>Glas: gew\u00f6lbtes und abgeschr\u00e4gtes Saphirglas, beidseitig antireflektierend<\/li>\n<li>Zifferblatt: blau<\/li>\n<li>Funktionen: Chronograph<\/li>\n<li>Boden: verschraubtes Saphirglas und Stahl<\/li>\n<li>Wasserdichtigkeit: 10 bar (100m)<\/li>\n<li>Garantie: 2 Jahre international<\/li>\n<\/ul>\n","protected":false},"excerpt":{"rendered":"<p>Marke: Tag Heuer Modell: Carrera Aktenzeichen: CBN2011.BA0642 Uhrwerk: automatisch Geh\u00e4use: Stahl Armband: Stahl Durchmesser: 42 mm L\u00fcnette: feste L\u00fcnette aus rhodiniertem und poliertem Stahl Glas: gew\u00f6lbtes und abgeschr\u00e4gtes Saphirglas, beidseitig antireflektierend Zifferblatt: blau Funktionen: Chronograph Boden: verschraubtes Saphirglas und Stahl Wasserdichtigkeit: 10 bar (100m) Garantie: 2 Jahre international<\/p>\n","protected":false},"featured_media":157427,"template":"","meta":{"_crdt_document":"","advanced_seo_description":"","jetpack_seo_html_title":"","jetpack_seo_noindex":false},"product_brand":[],"product_cat":[1920],"product_tag":[2368],"berocket_brand":[],"woo-feed-brand":[],"class_list":{"0":"post-75204","1":"product","2":"type-product","3":"status-publish","4":"has-post-thumbnail","6":"product_cat-tag-heuer","7":"product_tag-carrera-de","9":"first","10":"instock","11":"sale","12":"taxable","13":"shipping-taxable","14":"purchasable","15":"product-type-simple"},"bundled_by":[],"bundle_stock_status":"instock","bundle_stock_quantity":1,"bundle_virtual":false,"bundle_layout":"","bundle_add_to_cart_form_location":"","bundle_editable_in_cart":false,"bundle_sold_individually_context":"","bundle_item_grouping":"","bundle_min_size":"","bundle_max_size":"","bundle_price":[],"bundled_items":[],"bundle_sell_ids":[],"group_of_quantity":0,"min_quantity":0,"max_quantity":"","exclude_order_quantity_value_rules":"no","exclude_category_quantity_rules":"no","combine_variations":"no","jetpack_sharing_enabled":true,"jetpack_likes_enabled":true,"_links":{"self":[{"href":"https:\/\/watchdeluxe.it\/de\/wp-json\/wp\/v2\/product\/75204","targetHints":{"allow":["GET"]}}],"collection":[{"href":"https:\/\/watchdeluxe.it\/de\/wp-json\/wp\/v2\/product"}],"about":[{"href":"https:\/\/watchdeluxe.it\/de\/wp-json\/wp\/v2\/types\/product"}],"wp:featuredmedia":[{"embeddable":true,"href":"https:\/\/watchdeluxe.it\/de\/wp-json\/wp\/v2\/media\/157427"}],"wp:attachment":[{"href":"https:\/\/watchdeluxe.it\/de\/wp-json\/wp\/v2\/media?parent=75204"}],"wp:term":[{"taxonomy":"product_brand","embeddable":true,"href":"https:\/\/watchdeluxe.it\/de\/wp-json\/wp\/v2\/product_brand?post=75204"},{"taxonomy":"product_cat","embeddable":true,"href":"https:\/\/watchdeluxe.it\/de\/wp-json\/wp\/v2\/product_cat?post=75204"},{"taxonomy":"product_tag","embeddable":true,"href":"https:\/\/watchdeluxe.it\/de\/wp-json\/wp\/v2\/product_tag?post=75204"},{"taxonomy":"berocket_brand","embeddable":true,"href":"https:\/\/watchdeluxe.it\/de\/wp-json\/wp\/v2\/berocket_brand?post=75204"},{"taxonomy":"woo-feed-brand","embeddable":true,"href":"https:\/\/watchdeluxe.it\/de\/wp-json\/wp\/v2\/woo-feed-brand?post=75204"}],"curies":[{"name":"wp","href":"https:\/\/api.w.org\/{rel}","templated":true}]}}