{"id":75183,"date":"2025-07-14T17:47:25","date_gmt":"2025-07-14T15:47:25","guid":{"rendered":"https:\/\/watchdeluxe.it\/prodotto\/tag-heuer-carrera-quarz-wbk1318-ba0652\/"},"modified":"2025-07-14T17:47:29","modified_gmt":"2025-07-14T15:47:29","slug":"tag-heuer-carrera-quartz-wbk1318-ba0652","status":"publish","type":"product","link":"https:\/\/watchdeluxe.it\/de\/prodotto\/tag-heuer-carrera-quartz-wbk1318-ba0652\/","title":{"rendered":"TAG HEUER CARRERA QUARZ WBK1318.BA0652"},"content":{"rendered":"<ul>\n<li>Marke: Tag Heuer<\/li>\n<li>Modell: Carrera<\/li>\n<li>Aktenzeichen: WBK1318.BA0652<\/li>\n<li>Uhrwerk: Quarz<\/li>\n<li>Geh\u00e4use: Stahl<\/li>\n<li>Armb\u00e4nder : Stahl<\/li>\n<li>Durchmesser: 36 mm<\/li>\n<li>L\u00fcnette: Feste Stahll\u00fcnette<\/li>\n<li>Glas: gew\u00f6lbtes, abgeschr\u00e4gtes Saphirglas mit doppelter Antireflexionsbeschichtung.<\/li>\n<li>Zifferblatt: Perlmutt<\/li>\n<li>Zeiger: rhodiniert<\/li>\n<li>Indizes: 12 Diamanten<\/li>\n<li>Funktionen: nur Zeit<\/li>\n<li>R\u00fcckseite: geschlossen aus poliertem und satiniertem Stahl Dekorative Gravur<\/li>\n<li>Krone: Push-Pull<\/li>\n<li>Wasserdichtigkeit: 10 bar (100m)<\/li>\n<li>Garantie: 2 Jahre international<\/li>\n<\/ul>\n","protected":false},"excerpt":{"rendered":"<p>Marke: Tag Heuer Modell: Carrera Aktenzeichen: WBK1318.BA0652 Uhrwerk: Quarz Geh\u00e4use: Stahl Armb\u00e4nder : Stahl Durchmesser: 36 mm L\u00fcnette: Feste Stahll\u00fcnette Glas: gew\u00f6lbtes, abgeschr\u00e4gtes Saphirglas mit doppelter Antireflexionsbeschichtung. Zifferblatt: Perlmutt Zeiger: rhodiniert Indizes: 12 Diamanten Funktionen: nur Zeit R\u00fcckseite: geschlossen aus poliertem und satiniertem Stahl Dekorative Gravur Krone: Push-Pull Wasserdichtigkeit: 10 bar (100m) Garantie: 2 Jahre [&hellip;]<\/p>\n","protected":false},"featured_media":57116,"template":"","meta":{"_crdt_document":"","advanced_seo_description":"","jetpack_seo_html_title":"","jetpack_seo_noindex":false},"product_brand":[],"product_cat":[2255],"product_tag":[3738],"berocket_brand":[],"woo-feed-brand":[],"class_list":{"0":"post-75183","1":"product","2":"type-product","3":"status-publish","4":"has-post-thumbnail","6":"product_cat-tag-heuer-de","7":"product_tag-carrera-2","9":"first","10":"instock","11":"sale","12":"taxable","13":"shipping-taxable","14":"purchasable","15":"product-type-simple"},"bundled_by":[],"bundle_stock_status":"instock","bundle_stock_quantity":1,"bundle_virtual":false,"bundle_layout":"","bundle_add_to_cart_form_location":"","bundle_editable_in_cart":false,"bundle_sold_individually_context":"","bundle_item_grouping":"","bundle_min_size":"","bundle_max_size":"","bundle_price":[],"bundled_items":[],"bundle_sell_ids":[],"group_of_quantity":0,"min_quantity":0,"max_quantity":"","exclude_order_quantity_value_rules":"no","exclude_category_quantity_rules":"no","combine_variations":"no","exclude_global_add_ons":[],"addons":[],"jetpack_sharing_enabled":true,"jetpack_likes_enabled":true,"_links":{"self":[{"href":"https:\/\/watchdeluxe.it\/de\/wp-json\/wp\/v2\/product\/75183","targetHints":{"allow":["GET"]}}],"collection":[{"href":"https:\/\/watchdeluxe.it\/de\/wp-json\/wp\/v2\/product"}],"about":[{"href":"https:\/\/watchdeluxe.it\/de\/wp-json\/wp\/v2\/types\/product"}],"wp:featuredmedia":[{"embeddable":true,"href":"https:\/\/watchdeluxe.it\/de\/wp-json\/wp\/v2\/media\/57116"}],"wp:attachment":[{"href":"https:\/\/watchdeluxe.it\/de\/wp-json\/wp\/v2\/media?parent=75183"}],"wp:term":[{"taxonomy":"product_brand","embeddable":true,"href":"https:\/\/watchdeluxe.it\/de\/wp-json\/wp\/v2\/product_brand?post=75183"},{"taxonomy":"product_cat","embeddable":true,"href":"https:\/\/watchdeluxe.it\/de\/wp-json\/wp\/v2\/product_cat?post=75183"},{"taxonomy":"product_tag","embeddable":true,"href":"https:\/\/watchdeluxe.it\/de\/wp-json\/wp\/v2\/product_tag?post=75183"},{"taxonomy":"berocket_brand","embeddable":true,"href":"https:\/\/watchdeluxe.it\/de\/wp-json\/wp\/v2\/berocket_brand?post=75183"},{"taxonomy":"woo-feed-brand","embeddable":true,"href":"https:\/\/watchdeluxe.it\/de\/wp-json\/wp\/v2\/woo-feed-brand?post=75183"}],"curies":[{"name":"wp","href":"https:\/\/api.w.org\/{rel}","templated":true}]}}