{"id":74782,"date":"2023-03-17T19:05:42","date_gmt":"2023-03-17T18:05:42","guid":{"rendered":"https:\/\/watchdeluxe.it\/prodotto\/longines-damen-rollkragenpullover-l55124116\/"},"modified":"2026-04-08T18:30:54","modified_gmt":"2026-04-08T16:30:54","slug":"longines-dolcevita-donna-l55124116","status":"publish","type":"product","link":"https:\/\/watchdeluxe.it\/de\/prodotto\/longines-dolcevita-donna-l55124116\/","title":{"rendered":"Longines Damen Rollkragenpullover L55124116"},"content":{"rendered":"<div>\n<p><strong>L55124116 Longines DolceVita Damenuhr Gangreserve Quarz Analoganzeige Funktionen Nur Zeit Wasserdicht 03 atm Wasserdicht Geh\u00e4usematerial Geh\u00e4usefarbe Stahl Zifferblattfarbe Wei\u00df Armbandmaterial Stahl Armbandfarbe Stahl<\/strong><\/p>\n<\/div>\n<ul>\n<li>\n<table class=\"data-table\">\n<tbody>\n<tr class=\"odd\">\n<td class=\"spec-name\">Marke<\/td>\n<td class=\"spec-value\">Longines<\/td>\n<\/tr>\n<tr class=\"even\">\n<td class=\"spec-name\">Linie<\/td>\n<td class=\"spec-value\">DOLCEVITA<\/td>\n<\/tr>\n<tr class=\"odd\">\n<td class=\"spec-name\">Komplikation<\/td>\n<td class=\"spec-value\">NUR ZEIT<\/td>\n<\/tr>\n<tr class=\"even\">\n<td class=\"spec-name\">Uhrwerk<\/td>\n<td class=\"spec-value\">QUARTZ<\/td>\n<\/tr>\n<tr class=\"odd\">\n<td class=\"spec-name\">Gestalten Sie<\/td>\n<td class=\"spec-value\">SHAPE<\/td>\n<\/tr>\n<tr class=\"even\">\n<td class=\"spec-name\">Gr\u00f6\u00dfe<\/td>\n<td class=\"spec-value\">23,3&#215;37 mm<\/td>\n<\/tr>\n<tr class=\"odd\">\n<td class=\"spec-name\">Material<\/td>\n<td class=\"spec-value\">Stahl<\/td>\n<\/tr>\n<tr class=\"even\">\n<td class=\"spec-name\">W\u00e4hlen Sie<\/td>\n<td class=\"spec-value\">WEISS<\/td>\n<\/tr>\n<tr class=\"odd\">\n<td class=\"spec-name\">Armb\u00e4nder<\/td>\n<td class=\"spec-value\">STAHL<\/td>\n<\/tr>\n<tr class=\"even\">\n<td class=\"spec-name\">Wasserdichtigkeit<\/td>\n<td class=\"spec-value\">30 M<\/td>\n<\/tr>\n<\/tbody>\n<\/table>\n<\/li>\n<\/ul>\n","protected":false},"excerpt":{"rendered":"<p>L55124116 Longines DolceVita Damenuhr Gangreserve Quarz Analoganzeige Funktionen Nur Zeit Wasserdicht 03 atm Wasserdicht Geh\u00e4usematerial Geh\u00e4usefarbe Stahl Zifferblattfarbe Wei\u00df Armbandmaterial Stahl Armbandfarbe Stahl Marke Longines Linie DOLCEVITA Komplikation NUR ZEIT Uhrwerk QUARTZ Gestalten Sie SHAPE Gr\u00f6\u00dfe 23,3&#215;37 mm Material Stahl W\u00e4hlen Sie WEISS Armb\u00e4nder STAHL Wasserdichtigkeit 30 M<\/p>\n","protected":false},"featured_media":20077,"template":"","meta":{"_crdt_document":"","advanced_seo_description":"","jetpack_seo_html_title":"","jetpack_seo_noindex":false},"product_brand":[],"product_cat":[2192],"product_tag":[3083,2975,2848],"berocket_brand":[],"woo-feed-brand":[],"class_list":{"0":"post-74782","1":"product","2":"type-product","3":"status-publish","4":"has-post-thumbnail","6":"product_cat-longines-de","7":"product_tag-rollkragenpullover","8":"product_tag-hydroconquest-de","9":"product_tag-quarz","11":"first","12":"instock","13":"sale","14":"taxable","15":"shipping-taxable","16":"purchasable","17":"product-type-simple"},"bundled_by":[],"bundle_stock_status":"instock","bundle_stock_quantity":1,"bundle_virtual":false,"bundle_layout":"","bundle_add_to_cart_form_location":"","bundle_editable_in_cart":false,"bundle_sold_individually_context":"","bundle_item_grouping":"","bundle_min_size":"","bundle_max_size":"","bundle_price":[],"bundled_items":[],"bundle_sell_ids":[],"group_of_quantity":0,"min_quantity":0,"max_quantity":"","exclude_order_quantity_value_rules":"no","exclude_category_quantity_rules":"no","combine_variations":"no","jetpack_sharing_enabled":true,"jetpack_likes_enabled":true,"_links":{"self":[{"href":"https:\/\/watchdeluxe.it\/de\/wp-json\/wp\/v2\/product\/74782","targetHints":{"allow":["GET"]}}],"collection":[{"href":"https:\/\/watchdeluxe.it\/de\/wp-json\/wp\/v2\/product"}],"about":[{"href":"https:\/\/watchdeluxe.it\/de\/wp-json\/wp\/v2\/types\/product"}],"wp:featuredmedia":[{"embeddable":true,"href":"https:\/\/watchdeluxe.it\/de\/wp-json\/wp\/v2\/media\/20077"}],"wp:attachment":[{"href":"https:\/\/watchdeluxe.it\/de\/wp-json\/wp\/v2\/media?parent=74782"}],"wp:term":[{"taxonomy":"product_brand","embeddable":true,"href":"https:\/\/watchdeluxe.it\/de\/wp-json\/wp\/v2\/product_brand?post=74782"},{"taxonomy":"product_cat","embeddable":true,"href":"https:\/\/watchdeluxe.it\/de\/wp-json\/wp\/v2\/product_cat?post=74782"},{"taxonomy":"product_tag","embeddable":true,"href":"https:\/\/watchdeluxe.it\/de\/wp-json\/wp\/v2\/product_tag?post=74782"},{"taxonomy":"berocket_brand","embeddable":true,"href":"https:\/\/watchdeluxe.it\/de\/wp-json\/wp\/v2\/berocket_brand?post=74782"},{"taxonomy":"woo-feed-brand","embeddable":true,"href":"https:\/\/watchdeluxe.it\/de\/wp-json\/wp\/v2\/woo-feed-brand?post=74782"}],"curies":[{"name":"wp","href":"https:\/\/api.w.org\/{rel}","templated":true}]}}