{"id":74376,"date":"2023-03-17T19:10:01","date_gmt":"2023-03-17T18:10:01","guid":{"rendered":"https:\/\/watchdeluxe.it\/prodotto\/longines-record-automatischer-chronometer-mit-blauem-zifferblatt-40-mm-ref-l28214966\/"},"modified":"2026-04-09T09:52:57","modified_gmt":"2026-04-09T07:52:57","slug":"longines-record-chronometer-automatik-mit-blauem-zifferblatt-40-mm-ref-l28214966","status":"publish","type":"product","link":"https:\/\/watchdeluxe.it\/de\/prodotto\/longines-record-chronometer-automatik-mit-blauem-zifferblatt-40-mm-ref-l28214966\/","title":{"rendered":"Longines Record &#8211; Automatischer Chronometer mit blauem Zifferblatt, 40 mm ref. L28214966"},"content":{"rendered":"<div>\n<p>Silberfarbenes Edelstahlgeh\u00e4use mit Edelstahlarmband. Feste L\u00fcnette. Blaues Zifferblatt mit versilberten Zeigern und arabischen Ziffern. Zifferblatttyp: analog. Datumsanzeige auf der 3-Uhr-Position. Automatikwerk Longines Kaliber 888.4 mit 64 Stunden Gangreserve. Kratzfestes Saphirglas. Transparente R\u00fcckseite. Runde Geh\u00e4useform. Geh\u00e4usegr\u00f6\u00dfe: 40 mm. Breite des Armbands: 20 mm. Wasserdicht bis 30 Meter. Funktionen: Datum, Stunde, Minute, Sekunde. Uhrenlabel: Swiss Made. Longines Record Automatic Blue Dial Herrenuhr L28214966.<\/p>\n<\/div>\n","protected":false},"excerpt":{"rendered":"<p>Silberfarbenes Edelstahlgeh\u00e4use mit Edelstahlarmband. Feste L\u00fcnette. Blaues Zifferblatt mit versilberten Zeigern und arabischen Ziffern. Zifferblatttyp: analog. Datumsanzeige auf der 3-Uhr-Position. Automatikwerk Longines Kaliber 888.4 mit 64 Stunden Gangreserve. Kratzfestes Saphirglas. Transparente R\u00fcckseite. Runde Geh\u00e4useform. Geh\u00e4usegr\u00f6\u00dfe: 40 mm. Breite des Armbands: 20 mm. Wasserdicht bis 30 Meter. Funktionen: Datum, Stunde, Minute, Sekunde. Uhrenlabel: Swiss Made. Longines [&hellip;]<\/p>\n","protected":false},"featured_media":164664,"template":"","meta":{"_crdt_document":"","advanced_seo_description":"","jetpack_seo_html_title":"","jetpack_seo_noindex":false},"product_brand":[],"product_cat":[2192],"product_tag":[3737,3960,4550],"berocket_brand":[],"woo-feed-brand":[],"class_list":{"0":"post-74376","1":"product","2":"type-product","3":"status-publish","4":"has-post-thumbnail","6":"product_cat-longines-de","7":"product_tag-hydroconquest-2","8":"product_tag-quartz-2","9":"product_tag-record-2","11":"first","12":"instock","13":"sale","14":"taxable","15":"shipping-taxable","16":"purchasable","17":"product-type-simple"},"bundled_by":[],"bundle_stock_status":"instock","bundle_stock_quantity":1,"bundle_virtual":false,"bundle_layout":"","bundle_add_to_cart_form_location":"","bundle_editable_in_cart":false,"bundle_sold_individually_context":"","bundle_item_grouping":"","bundle_min_size":"","bundle_max_size":"","bundle_price":[],"bundled_items":[],"bundle_sell_ids":[],"group_of_quantity":0,"min_quantity":0,"max_quantity":"","exclude_order_quantity_value_rules":"no","exclude_category_quantity_rules":"no","combine_variations":"no","jetpack_sharing_enabled":true,"jetpack_likes_enabled":true,"_links":{"self":[{"href":"https:\/\/watchdeluxe.it\/de\/wp-json\/wp\/v2\/product\/74376","targetHints":{"allow":["GET"]}}],"collection":[{"href":"https:\/\/watchdeluxe.it\/de\/wp-json\/wp\/v2\/product"}],"about":[{"href":"https:\/\/watchdeluxe.it\/de\/wp-json\/wp\/v2\/types\/product"}],"wp:featuredmedia":[{"embeddable":true,"href":"https:\/\/watchdeluxe.it\/de\/wp-json\/wp\/v2\/media\/164664"}],"wp:attachment":[{"href":"https:\/\/watchdeluxe.it\/de\/wp-json\/wp\/v2\/media?parent=74376"}],"wp:term":[{"taxonomy":"product_brand","embeddable":true,"href":"https:\/\/watchdeluxe.it\/de\/wp-json\/wp\/v2\/product_brand?post=74376"},{"taxonomy":"product_cat","embeddable":true,"href":"https:\/\/watchdeluxe.it\/de\/wp-json\/wp\/v2\/product_cat?post=74376"},{"taxonomy":"product_tag","embeddable":true,"href":"https:\/\/watchdeluxe.it\/de\/wp-json\/wp\/v2\/product_tag?post=74376"},{"taxonomy":"berocket_brand","embeddable":true,"href":"https:\/\/watchdeluxe.it\/de\/wp-json\/wp\/v2\/berocket_brand?post=74376"},{"taxonomy":"woo-feed-brand","embeddable":true,"href":"https:\/\/watchdeluxe.it\/de\/wp-json\/wp\/v2\/woo-feed-brand?post=74376"}],"curies":[{"name":"wp","href":"https:\/\/api.w.org\/{rel}","templated":true}]}}