{"id":74077,"date":"2023-03-17T19:12:20","date_gmt":"2023-03-17T18:12:20","guid":{"rendered":"https:\/\/watchdeluxe.it\/prodotto\/longines-master-collection-automatik-l27934786\/"},"modified":"2026-04-08T18:27:21","modified_gmt":"2026-04-08T16:27:21","slug":"longines-master-kollektion-automatik-l27934786","status":"publish","type":"product","link":"https:\/\/watchdeluxe.it\/de\/prodotto\/longines-master-kollektion-automatik-l27934786\/","title":{"rendered":"Longines Master Collection Automatik L27934786"},"content":{"rendered":"<div>\n<p>Eine klassische Automatikuhr, bis ins kleinste Detail. Ein erstes Highlight der Edelstahl-Herrenuhr der Marke Longines ist das versilberte Zifferblatt mit dem Gerstenkornmuster hinter kratzfestem Saphirglas. Davor drehen sie regelm\u00e4\u00dfig geblaeutem Stahlprodukte von Stunden, Minuten und Sekunden um. Die runde Uhr nimmt zus\u00e4tzlich zu den arabischen Ziffern ein Fenster mit Datumsanzeige auf, das in drei Uhrzeiten eingestellt ist. Rad Sie die Uhr, so sofort eine zus\u00e4tzliche Aufmerksamkeit: der Boden des Geh\u00e4uses ist aus transparentem Saphirglas gefertigt. So kann man direkt sehen, wie das mechanische l636-Uhrwerk, dessen Zeiger mit einer Gangreserve von je 38 Stunden bei 28.800 Halbschwingungen pro Stunde arbeiten, lebt. Ein echtes Liebhaberst\u00fcck, das einen Blick auf die wesentliche Aufschl\u00fcsselung erlaubt.<\/p>\n<\/div>\n<ul>\n<li>Die Herrenuhr der Marke Longines mit Edelstahlgeh\u00e4use gibt Ihnen die M\u00f6glichkeit, in jedem Outfit f\u00fcr Aufsehen zu sorgen.<\/li>\n<li>Automatikuhr (Analog) mit Edelstahlarmband und Faltschlie\u00dfe mit Schmetterlingsverschluss<\/li>\n<li>Durchmesser: ca. 40 mm<\/li>\n<\/ul>\n","protected":false},"excerpt":{"rendered":"<p>Eine klassische Automatikuhr, bis ins kleinste Detail. Ein erstes Highlight der Edelstahl-Herrenuhr der Marke Longines ist das versilberte Zifferblatt mit dem Gerstenkornmuster hinter kratzfestem Saphirglas. Davor drehen sie regelm\u00e4\u00dfig geblaeutem Stahlprodukte von Stunden, Minuten und Sekunden um. Die runde Uhr nimmt zus\u00e4tzlich zu den arabischen Ziffern ein Fenster mit Datumsanzeige auf, das in drei Uhrzeiten [&hellip;]<\/p>\n","protected":false},"featured_media":26494,"template":"","meta":{"_crdt_document":"","advanced_seo_description":"","jetpack_seo_html_title":"","jetpack_seo_noindex":false},"product_brand":[],"product_cat":[2192],"product_tag":[2975,2987,2848],"berocket_brand":[],"woo-feed-brand":[],"class_list":{"0":"post-74077","1":"product","2":"type-product","3":"status-publish","4":"has-post-thumbnail","6":"product_cat-longines-de","7":"product_tag-hydroconquest-de","8":"product_tag-meister","9":"product_tag-quarz","11":"first","12":"instock","13":"sale","14":"taxable","15":"shipping-taxable","16":"purchasable","17":"product-type-simple"},"bundled_by":[],"bundle_stock_status":"instock","bundle_stock_quantity":1,"bundle_virtual":false,"bundle_layout":"","bundle_add_to_cart_form_location":"","bundle_editable_in_cart":false,"bundle_sold_individually_context":"","bundle_item_grouping":"","bundle_min_size":"","bundle_max_size":"","bundle_price":[],"bundled_items":[],"bundle_sell_ids":[],"group_of_quantity":0,"min_quantity":0,"max_quantity":"","exclude_order_quantity_value_rules":"no","exclude_category_quantity_rules":"no","combine_variations":"no","jetpack_sharing_enabled":true,"jetpack_likes_enabled":true,"_links":{"self":[{"href":"https:\/\/watchdeluxe.it\/de\/wp-json\/wp\/v2\/product\/74077","targetHints":{"allow":["GET"]}}],"collection":[{"href":"https:\/\/watchdeluxe.it\/de\/wp-json\/wp\/v2\/product"}],"about":[{"href":"https:\/\/watchdeluxe.it\/de\/wp-json\/wp\/v2\/types\/product"}],"wp:featuredmedia":[{"embeddable":true,"href":"https:\/\/watchdeluxe.it\/de\/wp-json\/wp\/v2\/media\/26494"}],"wp:attachment":[{"href":"https:\/\/watchdeluxe.it\/de\/wp-json\/wp\/v2\/media?parent=74077"}],"wp:term":[{"taxonomy":"product_brand","embeddable":true,"href":"https:\/\/watchdeluxe.it\/de\/wp-json\/wp\/v2\/product_brand?post=74077"},{"taxonomy":"product_cat","embeddable":true,"href":"https:\/\/watchdeluxe.it\/de\/wp-json\/wp\/v2\/product_cat?post=74077"},{"taxonomy":"product_tag","embeddable":true,"href":"https:\/\/watchdeluxe.it\/de\/wp-json\/wp\/v2\/product_tag?post=74077"},{"taxonomy":"berocket_brand","embeddable":true,"href":"https:\/\/watchdeluxe.it\/de\/wp-json\/wp\/v2\/berocket_brand?post=74077"},{"taxonomy":"woo-feed-brand","embeddable":true,"href":"https:\/\/watchdeluxe.it\/de\/wp-json\/wp\/v2\/woo-feed-brand?post=74077"}],"curies":[{"name":"wp","href":"https:\/\/api.w.org\/{rel}","templated":true}]}}