{"id":73860,"date":"2023-03-20T12:21:23","date_gmt":"2023-03-20T11:21:23","guid":{"rendered":"https:\/\/watchdeluxe.it\/prodotto\/oris-aquis-datum-ref-01-733-7730-4135-07-4-24-65eb\/"},"modified":"2025-10-01T16:10:35","modified_gmt":"2025-10-01T14:10:35","slug":"oris-aquis-date-ref-01-733-7730-4135-07-4-24-65eb","status":"publish","type":"product","link":"https:\/\/watchdeluxe.it\/de\/prodotto\/oris-aquis-date-ref-01-733-7730-4135-07-4-24-65eb\/","title":{"rendered":"Oris Aquis Datum ref. 01 733 7730 4135-07 4 24 65EB"},"content":{"rendered":"<p>Oris Aquis Datum ref. 01 733 7730 4135-07 4 24 65EB<\/p>\n<ul>\n<li class=\"panel ng-scope\">\n<div id=\"heading0\" class=\"accordion-button accordion-button-with-icon\" role=\"tab\"><a role=\"button\" aria-controls=\"collapse0\" aria-expanded=\"true\" data-target=\"#collapse0\" data-parent=\"#accordion\" data-toggle=\"collapse\"> <strong class=\"ng-binding\">Geh\u00e4use<\/strong> <span class=\"watch-feature-text-big ng-binding\">Aquis, 43,50 mm, Stahl<\/span> <\/a><\/div>\n<div id=\"collapse0\" class=\"collapse in\" role=\"tabpanel\" aria-expanded=\"true\" aria-labelledby=\"heading0\">\n<ul>\n<li class=\"accordion-button is-child ng-scope\"><strong class=\"ng-binding\">Material<\/strong> <span class=\"watch-feature-text-big ng-binding\">Edelstahl in mehreren Teilen, Minutenskala auf keramischem Oberring<\/span><\/li>\n<li class=\"accordion-button is-child ng-scope\"><strong class=\"ng-binding\">Gr\u00f6\u00dfe<\/strong> <span class=\"watch-feature-text-big ng-binding\">43,50 mm<\/span><\/li>\n<li class=\"accordion-button is-child ng-scope\"><strong class=\"ng-binding\">Glas<\/strong> <span class=\"watch-feature-text-big ng-binding\">Saphirglas, beidseitig gew\u00f6lbt, innen entspiegelt<\/span><\/li>\n<li class=\"accordion-button is-child ng-scope\"><strong class=\"ng-binding\">Geh\u00e4useboden<\/strong> <span class=\"watch-feature-text-big ng-binding\">Edelstahl, verschraubt, Bullauge aus Mineralglas<\/span><\/li>\n<li class=\"accordion-button is-child ng-scope\"><strong class=\"ng-binding\">Kronen und Kn\u00f6pfe<\/strong> <span class=\"watch-feature-text-big ng-binding\">Verschraubte Krone aus Edelstahl<\/span><\/li>\n<li class=\"accordion-button is-child ng-scope\"><strong class=\"ng-binding\">Wasserbest\u00e4ndigkeit<\/strong> <span class=\"watch-feature-text-big ng-binding\">30 bar<\/span><\/li>\n<li class=\"accordion-button is-child ng-scope\"><strong class=\"ng-binding\">Schleifen<\/strong> <span class=\"watch-feature-text-big ng-binding\">24 mm<\/span><\/li>\n<\/ul>\n<\/div>\n<\/li>\n<li class=\"panel ng-scope\">\n<div id=\"heading1\" class=\"accordion-button accordion-button-with-icon\" role=\"tab\"><a class=\"collapsed\" role=\"button\" aria-controls=\"collapse1\" aria-expanded=\"false\" data-target=\"#collapse1\" data-parent=\"#accordion\" data-toggle=\"collapse\"> <strong class=\"ng-binding\">Uhrwerk<\/strong> <span class=\"watch-feature-text-big ng-binding\">Automatischer Datumsaufzug<\/span> <\/a><\/div>\n<\/li>\n<li class=\"panel ng-scope\">\n<div id=\"heading2\" class=\"accordion-button accordion-button-with-icon\" role=\"tab\"><a class=\"collapsed\" role=\"button\" aria-controls=\"collapse2\" aria-expanded=\"false\" data-target=\"#collapse2\" data-parent=\"#accordion\" data-toggle=\"collapse\"> <strong class=\"ng-binding\">W\u00e4hlen Sie<\/strong> <span class=\"watch-feature-text-big ng-binding\">Blau<\/span> <\/a><\/div>\n<\/li>\n<li class=\"panel ng-scope\">\n<div id=\"heading3\" class=\"accordion-button accordion-button-with-icon\" role=\"tab\"><a class=\"collapsed\" role=\"button\" aria-controls=\"collapse3\" aria-expanded=\"false\" data-target=\"#collapse3\" data-parent=\"#accordion\" data-toggle=\"collapse\"> <strong class=\"ng-binding\">Armband\/Riemen<\/strong> <span class=\"watch-feature-text-big ng-binding\">Gummi<\/span> <\/a><\/div>\n<\/li>\n<\/ul>\n","protected":false},"excerpt":{"rendered":"<p>Oris Aquis Datum ref. 01 733 7730 4135-07 4 24 65EB Geh\u00e4use Aquis, 43,50 mm, Stahl Material Edelstahl in mehreren Teilen, Minutenskala auf keramischem Oberring Gr\u00f6\u00dfe 43,50 mm Glas Saphirglas, beidseitig gew\u00f6lbt, innen entspiegelt Geh\u00e4useboden Edelstahl, verschraubt, Bullauge aus Mineralglas Kronen und Kn\u00f6pfe Verschraubte Krone aus Edelstahl Wasserbest\u00e4ndigkeit 30 bar Schleifen 24 mm Uhrwerk Automatischer [&hellip;]<\/p>\n","protected":false},"featured_media":121090,"template":"","meta":{"_crdt_document":"","advanced_seo_description":"","jetpack_seo_html_title":"","jetpack_seo_noindex":false,"jetpack_post_was_ever_published":false},"product_brand":[],"product_cat":[2464],"product_tag":[3176],"berocket_brand":[],"woo-feed-brand":[],"class_list":{"0":"post-73860","1":"product","2":"type-product","3":"status-publish","4":"has-post-thumbnail","6":"product_cat-oris-de","7":"product_tag-aquis-datum","9":"first","10":"instock","11":"sale","12":"taxable","13":"shipping-taxable","14":"purchasable","15":"product-type-simple"},"bundled_by":[],"bundle_stock_status":"instock","bundle_stock_quantity":1,"bundle_virtual":false,"bundle_layout":"","bundle_add_to_cart_form_location":"","bundle_editable_in_cart":false,"bundle_sold_individually_context":"","bundle_item_grouping":"","bundle_min_size":"","bundle_max_size":"","bundle_price":[],"bundled_items":[],"bundle_sell_ids":[],"group_of_quantity":0,"min_quantity":0,"max_quantity":"","exclude_order_quantity_value_rules":"no","exclude_category_quantity_rules":"no","combine_variations":"no","exclude_global_add_ons":[],"addons":[],"jetpack_sharing_enabled":true,"jetpack_likes_enabled":true,"_links":{"self":[{"href":"https:\/\/watchdeluxe.it\/de\/wp-json\/wp\/v2\/product\/73860","targetHints":{"allow":["GET"]}}],"collection":[{"href":"https:\/\/watchdeluxe.it\/de\/wp-json\/wp\/v2\/product"}],"about":[{"href":"https:\/\/watchdeluxe.it\/de\/wp-json\/wp\/v2\/types\/product"}],"wp:featuredmedia":[{"embeddable":true,"href":"https:\/\/watchdeluxe.it\/de\/wp-json\/wp\/v2\/media\/121090"}],"wp:attachment":[{"href":"https:\/\/watchdeluxe.it\/de\/wp-json\/wp\/v2\/media?parent=73860"}],"wp:term":[{"taxonomy":"product_brand","embeddable":true,"href":"https:\/\/watchdeluxe.it\/de\/wp-json\/wp\/v2\/product_brand?post=73860"},{"taxonomy":"product_cat","embeddable":true,"href":"https:\/\/watchdeluxe.it\/de\/wp-json\/wp\/v2\/product_cat?post=73860"},{"taxonomy":"product_tag","embeddable":true,"href":"https:\/\/watchdeluxe.it\/de\/wp-json\/wp\/v2\/product_tag?post=73860"},{"taxonomy":"berocket_brand","embeddable":true,"href":"https:\/\/watchdeluxe.it\/de\/wp-json\/wp\/v2\/berocket_brand?post=73860"},{"taxonomy":"woo-feed-brand","embeddable":true,"href":"https:\/\/watchdeluxe.it\/de\/wp-json\/wp\/v2\/woo-feed-brand?post=73860"}],"curies":[{"name":"wp","href":"https:\/\/api.w.org\/{rel}","templated":true}]}}