{"id":73700,"date":"2025-11-05T15:51:58","date_gmt":"2025-11-05T14:51:58","guid":{"rendered":"https:\/\/watchdeluxe.it\/prodotto\/montblanc-mini-clutch-bag-meisterstuck-ref-129903\/"},"modified":"2025-11-05T15:52:03","modified_gmt":"2025-11-05T14:52:03","slug":"montblanc-mini-tasche-meisterstuck-ref-129903","status":"publish","type":"product","link":"https:\/\/watchdeluxe.it\/de\/prodotto\/montblanc-mini-tasche-meisterstuck-ref-129903\/","title":{"rendered":"Montblanc Mini Clutch Bag Meisterstuck Ref. 129903"},"content":{"rendered":"<p>Montblanc Mini Clutch Bag Meisterstuck Ref. 129903<\/p>\n<ul>\n<li>Hergestellt aus nat\u00fcrlich gl\u00e4nzendem <strong>, vollnarbigem Kalbsleder<\/strong>;<\/li>\n<li>Chromgerbung;<\/li>\n<li><strong>Gl\u00e4nzend schwarz<\/strong> durchgef\u00e4rbt;<\/li>\n<li><strong> Umweltfreundliches<\/strong> Futter<strong> aus recyceltem Stoff<\/strong>;<\/li>\n<li>Montblanc Emblem mit <strong>palladiumfarbenem Ring<\/strong>;<\/li>\n<li>Zwei D-Ringe zur Befestigung des Schultergurts (separat erh\u00e4ltlich);<\/li>\n<li>Verschluss mit zwei Druckkn\u00f6pfen;<\/li>\n<li><strong>Abmessungen<\/strong>: 22,5 x 4 x 12,5 cm<\/li>\n<\/ul>\n","protected":false},"excerpt":{"rendered":"<p>Montblanc Mini Clutch Bag Meisterstuck Ref. 129903 Hergestellt aus nat\u00fcrlich gl\u00e4nzendem , vollnarbigem Kalbsleder; Chromgerbung; Gl\u00e4nzend schwarz durchgef\u00e4rbt; Umweltfreundliches Futter aus recyceltem Stoff; Montblanc Emblem mit palladiumfarbenem Ring; Zwei D-Ringe zur Befestigung des Schultergurts (separat erh\u00e4ltlich); Verschluss mit zwei Druckkn\u00f6pfen; Abmessungen: 22,5 x 4 x 12,5 cm<\/p>\n","protected":false},"featured_media":60937,"template":"","meta":{"_crdt_document":"","advanced_seo_description":"","jetpack_seo_html_title":"","jetpack_seo_noindex":false},"product_brand":[],"product_cat":[1929],"product_tag":[1441,1445],"berocket_brand":[],"woo-feed-brand":[],"class_list":{"0":"post-73700","1":"product","2":"type-product","3":"status-publish","4":"has-post-thumbnail","6":"product_cat-montblanc","7":"product_tag-borsello","8":"product_tag-borse","10":"first","11":"instock","12":"sale","13":"taxable","14":"shipping-taxable","15":"purchasable","16":"product-type-simple"},"bundled_by":[],"bundle_stock_status":"instock","bundle_stock_quantity":1,"bundle_virtual":false,"bundle_layout":"","bundle_add_to_cart_form_location":"","bundle_editable_in_cart":false,"bundle_sold_individually_context":"","bundle_item_grouping":"","bundle_min_size":"","bundle_max_size":"","bundle_price":[],"bundled_items":[],"bundle_sell_ids":[],"group_of_quantity":0,"min_quantity":0,"max_quantity":"","exclude_order_quantity_value_rules":"no","exclude_category_quantity_rules":"no","combine_variations":"no","jetpack_sharing_enabled":true,"jetpack_likes_enabled":true,"_links":{"self":[{"href":"https:\/\/watchdeluxe.it\/de\/wp-json\/wp\/v2\/product\/73700","targetHints":{"allow":["GET"]}}],"collection":[{"href":"https:\/\/watchdeluxe.it\/de\/wp-json\/wp\/v2\/product"}],"about":[{"href":"https:\/\/watchdeluxe.it\/de\/wp-json\/wp\/v2\/types\/product"}],"wp:featuredmedia":[{"embeddable":true,"href":"https:\/\/watchdeluxe.it\/de\/wp-json\/wp\/v2\/media\/60937"}],"wp:attachment":[{"href":"https:\/\/watchdeluxe.it\/de\/wp-json\/wp\/v2\/media?parent=73700"}],"wp:term":[{"taxonomy":"product_brand","embeddable":true,"href":"https:\/\/watchdeluxe.it\/de\/wp-json\/wp\/v2\/product_brand?post=73700"},{"taxonomy":"product_cat","embeddable":true,"href":"https:\/\/watchdeluxe.it\/de\/wp-json\/wp\/v2\/product_cat?post=73700"},{"taxonomy":"product_tag","embeddable":true,"href":"https:\/\/watchdeluxe.it\/de\/wp-json\/wp\/v2\/product_tag?post=73700"},{"taxonomy":"berocket_brand","embeddable":true,"href":"https:\/\/watchdeluxe.it\/de\/wp-json\/wp\/v2\/berocket_brand?post=73700"},{"taxonomy":"woo-feed-brand","embeddable":true,"href":"https:\/\/watchdeluxe.it\/de\/wp-json\/wp\/v2\/woo-feed-brand?post=73700"}],"curies":[{"name":"wp","href":"https:\/\/api.w.org\/{rel}","templated":true}]}}