{"id":73641,"date":"2023-03-20T13:45:11","date_gmt":"2023-03-20T12:45:11","guid":{"rendered":"https:\/\/watchdeluxe.it\/prodotto\/montblanc-heritage-collection-fuellfederhalter-rouge-et-noir-baby-sonderedition-ref-127801\/"},"modified":"2026-04-06T05:52:55","modified_gmt":"2026-04-06T03:52:55","slug":"montblanc-pen-stylographic-heritage-collection-rouge-et-noir-baby-special-edition-ref-127801","status":"publish","type":"product","link":"https:\/\/watchdeluxe.it\/de\/prodotto\/montblanc-pen-stylographic-heritage-collection-rouge-et-noir-baby-special-edition-ref-127801\/","title":{"rendered":"Montblanc F\u00fcllfederhalter Heritage Collection Rouge et Noir \u201eBaby\u201c Special Edition Ref. 127801"},"content":{"rendered":"<p>Montblanc F\u00fcllfederhalter Heritage Collection Rouge et Noir \u201eBaby\u201c Special Edition Ref. 127801<\/p>\n<div class=\"picture-thumbs in-carousel\"><\/div>\n<div class=\"overview\">\n<div class=\"short-description\">Die Montblanc Heritage Collection Rouge et Noir &#8216;Baby&#8217; zelebriert den Pioniergeist und die reiche Tradition der Maison. Inspiriert von den &#8220;Baby&#8221;-F\u00fcllern der 1920er Jahre, interpretiert Montblanc dieses f\u00fcr die damalige Zeit revolution\u00e4re Design in einer modernen Form neu. Der Name ist eine spielerische Anspielung auf die geringe Gr\u00f6\u00dfe dieses Modells im Vergleich zu anderen Montblanc Schreibger\u00e4ten. Sie ist aus kostbarem schwarzem Lack mit platinfarbenen Details gefertigt und wird von dem Montblanc Emblem aus Edelharz gekr\u00f6nt, das von dem ikonischen Korallenfarbton der Rouge et Noir Kollektion umgeben ist. Die handgefertigte Au585-Feder aus massivem Gold zeigt ein Motiv des Mont Blanc.<\/div>\n<\/div>\n","protected":false},"excerpt":{"rendered":"<p>Montblanc F\u00fcllfederhalter Heritage Collection Rouge et Noir \u201eBaby\u201c Special Edition Ref. 127801 Die Montblanc Heritage Collection Rouge et Noir &#8216;Baby&#8217; zelebriert den Pioniergeist und die reiche Tradition der Maison. Inspiriert von den &#8220;Baby&#8221;-F\u00fcllern der 1920er Jahre, interpretiert Montblanc dieses f\u00fcr die damalige Zeit revolution\u00e4re Design in einer modernen Form neu. Der Name ist eine spielerische [&hellip;]<\/p>\n","protected":false},"featured_media":164363,"template":"","meta":{"_crdt_document":"","advanced_seo_description":"","jetpack_seo_html_title":"","jetpack_seo_noindex":false},"product_brand":[],"product_cat":[2250],"product_tag":[4004],"berocket_brand":[],"woo-feed-brand":[],"class_list":{"0":"post-73641","1":"product","2":"type-product","3":"status-publish","4":"has-post-thumbnail","6":"product_cat-montblanc-de","7":"product_tag-penne-de","9":"first","10":"instock","11":"sale","12":"taxable","13":"shipping-taxable","14":"purchasable","15":"product-type-simple"},"bundled_by":[],"bundle_stock_status":"instock","bundle_stock_quantity":1,"bundle_virtual":false,"bundle_layout":"","bundle_add_to_cart_form_location":"","bundle_editable_in_cart":false,"bundle_sold_individually_context":"","bundle_item_grouping":"","bundle_min_size":"","bundle_max_size":"","bundle_price":[],"bundled_items":[],"bundle_sell_ids":[],"group_of_quantity":0,"min_quantity":0,"max_quantity":"","exclude_order_quantity_value_rules":"no","exclude_category_quantity_rules":"no","combine_variations":"no","exclude_global_add_ons":[],"addons":[],"jetpack_sharing_enabled":true,"jetpack_likes_enabled":true,"_links":{"self":[{"href":"https:\/\/watchdeluxe.it\/de\/wp-json\/wp\/v2\/product\/73641","targetHints":{"allow":["GET"]}}],"collection":[{"href":"https:\/\/watchdeluxe.it\/de\/wp-json\/wp\/v2\/product"}],"about":[{"href":"https:\/\/watchdeluxe.it\/de\/wp-json\/wp\/v2\/types\/product"}],"wp:featuredmedia":[{"embeddable":true,"href":"https:\/\/watchdeluxe.it\/de\/wp-json\/wp\/v2\/media\/164363"}],"wp:attachment":[{"href":"https:\/\/watchdeluxe.it\/de\/wp-json\/wp\/v2\/media?parent=73641"}],"wp:term":[{"taxonomy":"product_brand","embeddable":true,"href":"https:\/\/watchdeluxe.it\/de\/wp-json\/wp\/v2\/product_brand?post=73641"},{"taxonomy":"product_cat","embeddable":true,"href":"https:\/\/watchdeluxe.it\/de\/wp-json\/wp\/v2\/product_cat?post=73641"},{"taxonomy":"product_tag","embeddable":true,"href":"https:\/\/watchdeluxe.it\/de\/wp-json\/wp\/v2\/product_tag?post=73641"},{"taxonomy":"berocket_brand","embeddable":true,"href":"https:\/\/watchdeluxe.it\/de\/wp-json\/wp\/v2\/berocket_brand?post=73641"},{"taxonomy":"woo-feed-brand","embeddable":true,"href":"https:\/\/watchdeluxe.it\/de\/wp-json\/wp\/v2\/woo-feed-brand?post=73641"}],"curies":[{"name":"wp","href":"https:\/\/api.w.org\/{rel}","templated":true}]}}