{"id":73535,"date":"2023-03-20T13:45:37","date_gmt":"2023-03-20T12:45:37","guid":{"rendered":"https:\/\/watchdeluxe.it\/prodotto\/montblanc-wendeguertel-mit-hufeisenhaken-montblanc-129441\/"},"modified":"2026-01-21T15:06:32","modified_gmt":"2026-01-21T14:06:32","slug":"montblanc-umkehrbarer-gurtel-mit-einem-haken-montblanc-129441","status":"publish","type":"product","link":"https:\/\/watchdeluxe.it\/de\/prodotto\/montblanc-umkehrbarer-gurtel-mit-einem-haken-montblanc-129441\/","title":{"rendered":"Montblanc Wendeg\u00fcrtel mit Hufeisenhaken Montblanc 129441"},"content":{"rendered":"<p>Montblanc Wendeg\u00fcrtel mit Hufeisenhaken Montblanc 129441<\/p>\n<div id=\"description\" class=\"tab-pane fade in active\" role=\"tabpanel\">\n<div class=\"product-description\">\n<p><strong>Schnalle<\/strong><\/p>\n<p>Hufeisenform<\/p>\n<p><strong>Material<\/strong><\/p>\n<p>Rostfreier Stahl<\/p>\n<p><strong>Mechanismus<\/strong><\/p>\n<p>Leicht zu \u00f6ffnender Mechanismus zum Einstellen der L\u00e4nge des Gurtes<\/p>\n<p><strong>Wappen  <\/strong><\/p>\n<p>Montblanc Emblem auf Metallschlaufe<\/p>\n<p><strong>Material des Riemens<\/strong><\/p>\n<p>Braunes und rauchfarbenes reversibles Rindsleder<\/p>\n<p><strong>L\u00e4nge und Breite des Riemens<\/strong><\/p>\n<p>120 x 0,5 x 3,5<\/p>\n<\/div>\n<\/div>\n","protected":false},"excerpt":{"rendered":"<p>Montblanc Wendeg\u00fcrtel mit Hufeisenhaken Montblanc 129441 Schnalle Hufeisenform Material Rostfreier Stahl Mechanismus Leicht zu \u00f6ffnender Mechanismus zum Einstellen der L\u00e4nge des Gurtes Wappen Montblanc Emblem auf Metallschlaufe Material des Riemens Braunes und rauchfarbenes reversibles Rindsleder L\u00e4nge und Breite des Riemens 120 x 0,5 x 3,5<\/p>\n","protected":false},"featured_media":164099,"template":"","meta":{"_crdt_document":"","advanced_seo_description":"","jetpack_seo_html_title":"","jetpack_seo_noindex":false},"product_brand":[],"product_cat":[2250],"product_tag":[2444],"berocket_brand":[],"woo-feed-brand":[],"class_list":{"0":"post-73535","1":"product","2":"type-product","3":"status-publish","4":"has-post-thumbnail","6":"product_cat-montblanc-de","7":"product_tag-gurtel-de","9":"first","10":"instock","11":"sale","12":"taxable","13":"shipping-taxable","14":"purchasable","15":"product-type-simple"},"bundled_by":[],"bundle_stock_status":"instock","bundle_stock_quantity":1,"bundle_virtual":false,"bundle_layout":"","bundle_add_to_cart_form_location":"","bundle_editable_in_cart":false,"bundle_sold_individually_context":"","bundle_item_grouping":"","bundle_min_size":"","bundle_max_size":"","bundle_price":[],"bundled_items":[],"bundle_sell_ids":[],"group_of_quantity":0,"min_quantity":0,"max_quantity":"","exclude_order_quantity_value_rules":"no","exclude_category_quantity_rules":"no","combine_variations":"no","exclude_global_add_ons":[],"addons":[],"jetpack_sharing_enabled":true,"jetpack_likes_enabled":true,"_links":{"self":[{"href":"https:\/\/watchdeluxe.it\/de\/wp-json\/wp\/v2\/product\/73535","targetHints":{"allow":["GET"]}}],"collection":[{"href":"https:\/\/watchdeluxe.it\/de\/wp-json\/wp\/v2\/product"}],"about":[{"href":"https:\/\/watchdeluxe.it\/de\/wp-json\/wp\/v2\/types\/product"}],"wp:featuredmedia":[{"embeddable":true,"href":"https:\/\/watchdeluxe.it\/de\/wp-json\/wp\/v2\/media\/164099"}],"wp:attachment":[{"href":"https:\/\/watchdeluxe.it\/de\/wp-json\/wp\/v2\/media?parent=73535"}],"wp:term":[{"taxonomy":"product_brand","embeddable":true,"href":"https:\/\/watchdeluxe.it\/de\/wp-json\/wp\/v2\/product_brand?post=73535"},{"taxonomy":"product_cat","embeddable":true,"href":"https:\/\/watchdeluxe.it\/de\/wp-json\/wp\/v2\/product_cat?post=73535"},{"taxonomy":"product_tag","embeddable":true,"href":"https:\/\/watchdeluxe.it\/de\/wp-json\/wp\/v2\/product_tag?post=73535"},{"taxonomy":"berocket_brand","embeddable":true,"href":"https:\/\/watchdeluxe.it\/de\/wp-json\/wp\/v2\/berocket_brand?post=73535"},{"taxonomy":"woo-feed-brand","embeddable":true,"href":"https:\/\/watchdeluxe.it\/de\/wp-json\/wp\/v2\/woo-feed-brand?post=73535"}],"curies":[{"name":"wp","href":"https:\/\/api.w.org\/{rel}","templated":true}]}}