{"id":73425,"date":"2023-03-20T13:45:19","date_gmt":"2023-03-20T12:45:19","guid":{"rendered":"https:\/\/watchdeluxe.it\/prodotto\/montblanc-compact-handgepaeck-trolley-my4810-ref-130083\/"},"modified":"2026-01-16T13:54:10","modified_gmt":"2026-01-16T12:54:10","slug":"montblanc-trolley-bagaglio-a-mano-compatto-my4810-ref-130083","status":"publish","type":"product","link":"https:\/\/watchdeluxe.it\/de\/prodotto\/montblanc-trolley-bagaglio-a-mano-compatto-my4810-ref-130083\/","title":{"rendered":"Montblanc Compact Handgep\u00e4ck-Trolley #My4810 Ref. 130083"},"content":{"rendered":"<p>Trolley #MY4810 und finden Sie Ihren pers\u00f6nlichen Reisebegleiter. Ein kompakter Gep\u00e4cktrolley aus leichtem Polycarbonat mit Lederdetails, der dank seines vierst\u00fcndigen, mehrfach verl\u00e4ngerten Griffs und seiner cleveren Organisation mit mehreren F\u00e4chern \u00e4u\u00dferst praktisch ist. Er misst 35 x 55 x 21 cm (Volumen 34 L) und wird allgemein als Handgep\u00e4ck akzeptiert. Da die Beschr\u00e4nkungen f\u00fcr Gewicht und Gr\u00f6\u00dfe des Handgep\u00e4cks jedoch oft von Fluggesellschaft zu Fluggesellschaft variieren, ist es ratsam, sich vor dem Abflug \u00fcber die Flugbestimmungen zu informieren.<\/p>\n","protected":false},"excerpt":{"rendered":"<p>Trolley #MY4810 und finden Sie Ihren pers\u00f6nlichen Reisebegleiter. Ein kompakter Gep\u00e4cktrolley aus leichtem Polycarbonat mit Lederdetails, der dank seines vierst\u00fcndigen, mehrfach verl\u00e4ngerten Griffs und seiner cleveren Organisation mit mehreren F\u00e4chern \u00e4u\u00dferst praktisch ist. Er misst 35 x 55 x 21 cm (Volumen 34 L) und wird allgemein als Handgep\u00e4ck akzeptiert. Da die Beschr\u00e4nkungen f\u00fcr Gewicht [&hellip;]<\/p>\n","protected":false},"featured_media":156730,"template":"","meta":{"_crdt_document":"","advanced_seo_description":"","jetpack_seo_html_title":"","jetpack_seo_noindex":false},"product_brand":[],"product_cat":[2250],"product_tag":[3124],"berocket_brand":[],"woo-feed-brand":[],"class_list":{"0":"post-73425","1":"product","2":"type-product","3":"status-publish","4":"has-post-thumbnail","6":"product_cat-montblanc-de","7":"product_tag-wagen","9":"first","10":"instock","11":"sale","12":"taxable","13":"shipping-taxable","14":"purchasable","15":"product-type-simple"},"bundled_by":[],"bundle_stock_status":"instock","bundle_stock_quantity":1,"bundle_virtual":false,"bundle_layout":"","bundle_add_to_cart_form_location":"","bundle_editable_in_cart":false,"bundle_sold_individually_context":"","bundle_item_grouping":"","bundle_min_size":"","bundle_max_size":"","bundle_price":[],"bundled_items":[],"bundle_sell_ids":[],"group_of_quantity":0,"min_quantity":0,"max_quantity":"","exclude_order_quantity_value_rules":"no","exclude_category_quantity_rules":"no","combine_variations":"no","jetpack_sharing_enabled":true,"jetpack_likes_enabled":true,"_links":{"self":[{"href":"https:\/\/watchdeluxe.it\/de\/wp-json\/wp\/v2\/product\/73425","targetHints":{"allow":["GET"]}}],"collection":[{"href":"https:\/\/watchdeluxe.it\/de\/wp-json\/wp\/v2\/product"}],"about":[{"href":"https:\/\/watchdeluxe.it\/de\/wp-json\/wp\/v2\/types\/product"}],"wp:featuredmedia":[{"embeddable":true,"href":"https:\/\/watchdeluxe.it\/de\/wp-json\/wp\/v2\/media\/156730"}],"wp:attachment":[{"href":"https:\/\/watchdeluxe.it\/de\/wp-json\/wp\/v2\/media?parent=73425"}],"wp:term":[{"taxonomy":"product_brand","embeddable":true,"href":"https:\/\/watchdeluxe.it\/de\/wp-json\/wp\/v2\/product_brand?post=73425"},{"taxonomy":"product_cat","embeddable":true,"href":"https:\/\/watchdeluxe.it\/de\/wp-json\/wp\/v2\/product_cat?post=73425"},{"taxonomy":"product_tag","embeddable":true,"href":"https:\/\/watchdeluxe.it\/de\/wp-json\/wp\/v2\/product_tag?post=73425"},{"taxonomy":"berocket_brand","embeddable":true,"href":"https:\/\/watchdeluxe.it\/de\/wp-json\/wp\/v2\/berocket_brand?post=73425"},{"taxonomy":"woo-feed-brand","embeddable":true,"href":"https:\/\/watchdeluxe.it\/de\/wp-json\/wp\/v2\/woo-feed-brand?post=73425"}],"curies":[{"name":"wp","href":"https:\/\/api.w.org\/{rel}","templated":true}]}}