{"id":73363,"date":"2023-03-20T13:45:27","date_gmt":"2023-03-20T12:45:27","guid":{"rendered":"https:\/\/watchdeluxe.it\/prodotto\/montblanc-star-classique-uhr-ref-108769\/"},"modified":"2023-03-20T13:45:27","modified_gmt":"2023-03-20T12:45:27","slug":"montblanc-uhr-star-classic-ref-108769","status":"publish","type":"product","link":"https:\/\/watchdeluxe.it\/de\/prodotto\/montblanc-uhr-star-classic-ref-108769\/","title":{"rendered":"MONTBLANC STAR CLASSIQUE UHR REF.108769"},"content":{"rendered":"<p>MONTBLANC STAR CLASSIQUE UHR REF.108769<\/p>\n<p>Star Classique Date Montblanc Uhr 108769<\/p>\n<p>Geh\u00e4use: rostfreier Stahl<\/p>\n<p>Armband: schwarzes Krokodilleder<\/p>\n<p>L\u00fcnette: fest aus Edelstahl<\/p>\n<p>Zifferblatt: schwarz mit versilberten Zeigern und Stundenmarkierungen. Die arabische Ziffer markiert die 12-Uhr-Position.<\/p>\n<p>Zifferblatttyp: analog.<\/p>\n<p>Datumsanzeige auf Position 6.<\/p>\n<p>Quarzwerk.<\/p>\n<p>Kaliber 4810\/101<\/p>\n<p>Kratzfestes Saphirglas.<\/p>\n<p>Solider R\u00fccken.<\/p>\n<p>Geh\u00e4usedurchmesser: 39 mm.<\/p>\n<p>Rundes Geh\u00e4use.<\/p>\n<p>Tang schlie\u00dfen.<\/p>\n<p>Wasserdicht bis 30 Meter \/ 100 Fu\u00df.<\/p>\n<p>Funktionen: Datum, Stunden, Minuten.<\/p>\n","protected":false},"excerpt":{"rendered":"<p>MONTBLANC STAR CLASSIQUE UHR REF.108769 Star Classique Date Montblanc Uhr 108769 Geh\u00e4use: rostfreier Stahl Armband: schwarzes Krokodilleder L\u00fcnette: fest aus Edelstahl Zifferblatt: schwarz mit versilberten Zeigern und Stundenmarkierungen. Die arabische Ziffer markiert die 12-Uhr-Position. Zifferblatttyp: analog. Datumsanzeige auf Position 6. Quarzwerk. Kaliber 4810\/101 Kratzfestes Saphirglas. Solider R\u00fccken. Geh\u00e4usedurchmesser: 39 mm. Rundes Geh\u00e4use. Tang schlie\u00dfen. Wasserdicht [&hellip;]<\/p>\n","protected":false},"featured_media":61281,"template":"","meta":{"_crdt_document":"","advanced_seo_description":"","jetpack_seo_html_title":"","jetpack_seo_noindex":false,"jetpack_post_was_ever_published":false},"product_brand":[],"product_cat":[2250],"product_tag":[],"berocket_brand":[],"woo-feed-brand":[],"class_list":{"0":"post-73363","1":"product","2":"type-product","3":"status-publish","4":"has-post-thumbnail","6":"product_cat-montblanc-de","8":"first","9":"instock","10":"sale","11":"taxable","12":"shipping-taxable","13":"purchasable","14":"product-type-simple"},"bundled_by":[],"bundle_stock_status":"instock","bundle_stock_quantity":1,"bundle_virtual":false,"bundle_layout":"","bundle_add_to_cart_form_location":"","bundle_editable_in_cart":false,"bundle_sold_individually_context":"","bundle_item_grouping":"","bundle_min_size":"","bundle_max_size":"","bundle_price":[],"bundled_items":[],"bundle_sell_ids":[],"group_of_quantity":0,"min_quantity":0,"max_quantity":"","exclude_order_quantity_value_rules":"no","exclude_category_quantity_rules":"no","combine_variations":"no","exclude_global_add_ons":[],"addons":[],"jetpack_sharing_enabled":true,"jetpack_likes_enabled":true,"_links":{"self":[{"href":"https:\/\/watchdeluxe.it\/de\/wp-json\/wp\/v2\/product\/73363","targetHints":{"allow":["GET"]}}],"collection":[{"href":"https:\/\/watchdeluxe.it\/de\/wp-json\/wp\/v2\/product"}],"about":[{"href":"https:\/\/watchdeluxe.it\/de\/wp-json\/wp\/v2\/types\/product"}],"wp:featuredmedia":[{"embeddable":true,"href":"https:\/\/watchdeluxe.it\/de\/wp-json\/wp\/v2\/media\/61281"}],"wp:attachment":[{"href":"https:\/\/watchdeluxe.it\/de\/wp-json\/wp\/v2\/media?parent=73363"}],"wp:term":[{"taxonomy":"product_brand","embeddable":true,"href":"https:\/\/watchdeluxe.it\/de\/wp-json\/wp\/v2\/product_brand?post=73363"},{"taxonomy":"product_cat","embeddable":true,"href":"https:\/\/watchdeluxe.it\/de\/wp-json\/wp\/v2\/product_cat?post=73363"},{"taxonomy":"product_tag","embeddable":true,"href":"https:\/\/watchdeluxe.it\/de\/wp-json\/wp\/v2\/product_tag?post=73363"},{"taxonomy":"berocket_brand","embeddable":true,"href":"https:\/\/watchdeluxe.it\/de\/wp-json\/wp\/v2\/berocket_brand?post=73363"},{"taxonomy":"woo-feed-brand","embeddable":true,"href":"https:\/\/watchdeluxe.it\/de\/wp-json\/wp\/v2\/woo-feed-brand?post=73363"}],"curies":[{"name":"wp","href":"https:\/\/api.w.org\/{rel}","templated":true}]}}