{"id":73159,"date":"2023-03-20T13:45:48","date_gmt":"2023-03-20T12:45:48","guid":{"rendered":"https:\/\/watchdeluxe.it\/prodotto\/montblanc-compact-wallet-6-faecher-extreme-3-0-ref-129975\/"},"modified":"2026-01-21T15:21:02","modified_gmt":"2026-01-21T14:21:02","slug":"montblanc-kompaktes-portemonnaie-6-facher-extrem-3-0-ref-129975","status":"publish","type":"product","link":"https:\/\/watchdeluxe.it\/de\/prodotto\/montblanc-kompaktes-portemonnaie-6-facher-extrem-3-0-ref-129975\/","title":{"rendered":"Montblanc Compact Wallet 6 F\u00e4cher Extreme 3.0 Ref. 129975"},"content":{"rendered":"<p>Montblanc Compact Wallet 6 F\u00e4cher Extreme 3.0 Ref. 129975<\/p>\n<div class=\"short-description\">Die kompakte Montblanc Extreme 3.0 Brieftasche verf\u00fcgt \u00fcber 6 Kreditkartenf\u00e4cher und F\u00e4cher f\u00fcr Geldscheine und Belege. Gepr\u00e4gtes, vollnarbiges Rindsleder mit Montblanc Extreme 3.0 Muster und schwarze Metalldetails bieten unverwechselbaren Stil. Dank eines Rings auf der R\u00fcckseite k\u00f6nnen Sie das Portemonnaie an einem Haken oder einem Umh\u00e4ngeband befestigen, damit Sie Ihre wichtigsten Utensilien immer griffbereit haben. Halsgurt separat erh\u00e4ltlich.<\/div>\n<p>&nbsp;<\/p>\n<p>&nbsp;<\/p>\n<div class=\"product-collateral\">\n<div class=\"product-specs-box\">\n<div class=\"title\"><strong>Einzelheiten zum Produkt<\/strong><\/div>\n<div class=\"table-wrapper\">\n<table class=\"data-table\">\n<colgroup>\n<col width=\"25%\">\n<col> <\/colgroup>\n<tbody>\n<tr class=\"odd\">\n<td class=\"spec-name\">Marke<\/td>\n<td class=\"spec-value\">Montblanc<\/td>\n<\/tr>\n<tr class=\"even\">\n<td class=\"spec-name\">Leitung<\/td>\n<td class=\"spec-value\">Extrem 3.0<\/td>\n<\/tr>\n<tr class=\"odd\">\n<td class=\"spec-name\">Typ<\/td>\n<td class=\"spec-value\">Geldb\u00f6rsen<\/td>\n<\/tr>\n<tr class=\"even\">\n<td class=\"spec-name\">Material<\/td>\n<td class=\"spec-value\">LEATHER<\/td>\n<\/tr>\n<tr class=\"odd\">\n<td class=\"spec-name\">FARBE<\/td>\n<td class=\"spec-value\">SCHWARZ<\/td>\n<\/tr>\n<\/tbody>\n<\/table>\n<\/div>\n<\/div>\n<\/div>\n","protected":false},"excerpt":{"rendered":"<p>Montblanc Compact Wallet 6 F\u00e4cher Extreme 3.0 Ref. 129975 Die kompakte Montblanc Extreme 3.0 Brieftasche verf\u00fcgt \u00fcber 6 Kreditkartenf\u00e4cher und F\u00e4cher f\u00fcr Geldscheine und Belege. Gepr\u00e4gtes, vollnarbiges Rindsleder mit Montblanc Extreme 3.0 Muster und schwarze Metalldetails bieten unverwechselbaren Stil. Dank eines Rings auf der R\u00fcckseite k\u00f6nnen Sie das Portemonnaie an einem Haken oder einem Umh\u00e4ngeband [&hellip;]<\/p>\n","protected":false},"featured_media":61545,"template":"","meta":{"_crdt_document":"","advanced_seo_description":"","jetpack_seo_html_title":"","jetpack_seo_noindex":false},"product_brand":[],"product_cat":[2250],"product_tag":[2346],"berocket_brand":[],"woo-feed-brand":[],"class_list":{"0":"post-73159","1":"product","2":"type-product","3":"status-publish","4":"has-post-thumbnail","6":"product_cat-montblanc-de","7":"product_tag-brieftasche","9":"first","10":"instock","11":"sale","12":"taxable","13":"shipping-taxable","14":"purchasable","15":"product-type-simple"},"bundled_by":[],"bundle_stock_status":"instock","bundle_stock_quantity":1,"bundle_virtual":false,"bundle_layout":"","bundle_add_to_cart_form_location":"","bundle_editable_in_cart":false,"bundle_sold_individually_context":"","bundle_item_grouping":"","bundle_min_size":"","bundle_max_size":"","bundle_price":[],"bundled_items":[],"bundle_sell_ids":[],"group_of_quantity":0,"min_quantity":0,"max_quantity":"","exclude_order_quantity_value_rules":"no","exclude_category_quantity_rules":"no","combine_variations":"no","jetpack_sharing_enabled":true,"jetpack_likes_enabled":true,"_links":{"self":[{"href":"https:\/\/watchdeluxe.it\/de\/wp-json\/wp\/v2\/product\/73159","targetHints":{"allow":["GET"]}}],"collection":[{"href":"https:\/\/watchdeluxe.it\/de\/wp-json\/wp\/v2\/product"}],"about":[{"href":"https:\/\/watchdeluxe.it\/de\/wp-json\/wp\/v2\/types\/product"}],"wp:featuredmedia":[{"embeddable":true,"href":"https:\/\/watchdeluxe.it\/de\/wp-json\/wp\/v2\/media\/61545"}],"wp:attachment":[{"href":"https:\/\/watchdeluxe.it\/de\/wp-json\/wp\/v2\/media?parent=73159"}],"wp:term":[{"taxonomy":"product_brand","embeddable":true,"href":"https:\/\/watchdeluxe.it\/de\/wp-json\/wp\/v2\/product_brand?post=73159"},{"taxonomy":"product_cat","embeddable":true,"href":"https:\/\/watchdeluxe.it\/de\/wp-json\/wp\/v2\/product_cat?post=73159"},{"taxonomy":"product_tag","embeddable":true,"href":"https:\/\/watchdeluxe.it\/de\/wp-json\/wp\/v2\/product_tag?post=73159"},{"taxonomy":"berocket_brand","embeddable":true,"href":"https:\/\/watchdeluxe.it\/de\/wp-json\/wp\/v2\/berocket_brand?post=73159"},{"taxonomy":"woo-feed-brand","embeddable":true,"href":"https:\/\/watchdeluxe.it\/de\/wp-json\/wp\/v2\/woo-feed-brand?post=73159"}],"curies":[{"name":"wp","href":"https:\/\/api.w.org\/{rel}","templated":true}]}}