{"id":73091,"date":"2023-03-20T13:45:55","date_gmt":"2023-03-20T12:45:55","guid":{"rendered":"https:\/\/watchdeluxe.it\/prodotto\/montblanc-reversible-lederguertel-blau-schwarz-ref-128771\/"},"modified":"2026-04-06T05:20:02","modified_gmt":"2026-04-06T03:20:02","slug":"montblanc-gurtel-umkehrbar-leder-blau-schwarz-ref-128771","status":"publish","type":"product","link":"https:\/\/watchdeluxe.it\/de\/prodotto\/montblanc-gurtel-umkehrbar-leder-blau-schwarz-ref-128771\/","title":{"rendered":"Montblanc Wendeg\u00fcrtel aus Leder Blau\/Schwarz Ref. 128771"},"content":{"rendered":"<p data-mce-fragment=\"1\">Montblanc Wendeg\u00fcrtel aus Leder Blau\/Schwarz Ref. 128771<\/p>\n<p data-mce-fragment=\"1\">Polierte achteckige Schnalle mit Palladium-Finish. Selbstregulierendes Band, 3,5 cm x 120 cm, wendbar aus genarbtem blauem Leder auf der einen und schwarzem Glattleder auf der anderen Seite. Entworfen f\u00fcr ein anspruchsvolles Aussehen.<\/p>\n<table class=\"data-table\">\n<tbody>\n<tr class=\"odd\">\n<td class=\"spec-name\">Marke<\/td>\n<td class=\"spec-value\">Montblanc<\/td>\n<\/tr>\n<tr class=\"even\">\n<td class=\"spec-name\">Linie<\/td>\n<td class=\"spec-value\">CLASSIC<\/td>\n<\/tr>\n<tr class=\"odd\">\n<td class=\"spec-name\">Typologie<\/td>\n<td class=\"spec-value\">G\u00fcrtel<\/td>\n<\/tr>\n<tr class=\"even\">\n<td class=\"spec-name\">Schlie\u00dfe<\/td>\n<td class=\"spec-value\">PALLADIUM-FINISH<\/td>\n<\/tr>\n<tr class=\"odd\">\n<td class=\"spec-name\">Material<\/td>\n<td class=\"spec-value\">LEDER BLAU SCHATTIERT<\/td>\n<\/tr>\n<tr class=\"even\">\n<td class=\"spec-name\">FARBE<\/td>\n<td class=\"spec-value\">SCHWARZ\/BLAU<\/td>\n<\/tr>\n<\/tbody>\n<\/table>\n","protected":false},"excerpt":{"rendered":"<p>Montblanc Wendeg\u00fcrtel aus Leder Blau\/Schwarz Ref. 128771 Polierte achteckige Schnalle mit Palladium-Finish. Selbstregulierendes Band, 3,5 cm x 120 cm, wendbar aus genarbtem blauem Leder auf der einen und schwarzem Glattleder auf der anderen Seite. Entworfen f\u00fcr ein anspruchsvolles Aussehen. Marke Montblanc Linie CLASSIC Typologie G\u00fcrtel Schlie\u00dfe PALLADIUM-FINISH Material LEDER BLAU SCHATTIERT FARBE SCHWARZ\/BLAU<\/p>\n","protected":false},"featured_media":164219,"template":"","meta":{"_crdt_document":"","advanced_seo_description":"","jetpack_seo_html_title":"","jetpack_seo_noindex":false},"product_brand":[],"product_cat":[2250],"product_tag":[2444],"berocket_brand":[],"woo-feed-brand":[],"class_list":{"0":"post-73091","1":"product","2":"type-product","3":"status-publish","4":"has-post-thumbnail","6":"product_cat-montblanc-de","7":"product_tag-gurtel-de","9":"first","10":"instock","11":"sale","12":"taxable","13":"shipping-taxable","14":"purchasable","15":"product-type-simple"},"bundled_by":[],"bundle_stock_status":"instock","bundle_stock_quantity":1,"bundle_virtual":false,"bundle_layout":"","bundle_add_to_cart_form_location":"","bundle_editable_in_cart":false,"bundle_sold_individually_context":"","bundle_item_grouping":"","bundle_min_size":"","bundle_max_size":"","bundle_price":[],"bundled_items":[],"bundle_sell_ids":[],"group_of_quantity":0,"min_quantity":0,"max_quantity":"","exclude_order_quantity_value_rules":"no","exclude_category_quantity_rules":"no","combine_variations":"no","jetpack_sharing_enabled":true,"jetpack_likes_enabled":true,"_links":{"self":[{"href":"https:\/\/watchdeluxe.it\/de\/wp-json\/wp\/v2\/product\/73091","targetHints":{"allow":["GET"]}}],"collection":[{"href":"https:\/\/watchdeluxe.it\/de\/wp-json\/wp\/v2\/product"}],"about":[{"href":"https:\/\/watchdeluxe.it\/de\/wp-json\/wp\/v2\/types\/product"}],"wp:featuredmedia":[{"embeddable":true,"href":"https:\/\/watchdeluxe.it\/de\/wp-json\/wp\/v2\/media\/164219"}],"wp:attachment":[{"href":"https:\/\/watchdeluxe.it\/de\/wp-json\/wp\/v2\/media?parent=73091"}],"wp:term":[{"taxonomy":"product_brand","embeddable":true,"href":"https:\/\/watchdeluxe.it\/de\/wp-json\/wp\/v2\/product_brand?post=73091"},{"taxonomy":"product_cat","embeddable":true,"href":"https:\/\/watchdeluxe.it\/de\/wp-json\/wp\/v2\/product_cat?post=73091"},{"taxonomy":"product_tag","embeddable":true,"href":"https:\/\/watchdeluxe.it\/de\/wp-json\/wp\/v2\/product_tag?post=73091"},{"taxonomy":"berocket_brand","embeddable":true,"href":"https:\/\/watchdeluxe.it\/de\/wp-json\/wp\/v2\/berocket_brand?post=73091"},{"taxonomy":"woo-feed-brand","embeddable":true,"href":"https:\/\/watchdeluxe.it\/de\/wp-json\/wp\/v2\/woo-feed-brand?post=73091"}],"curies":[{"name":"wp","href":"https:\/\/api.w.org\/{rel}","templated":true}]}}