{"id":73057,"date":"2023-03-20T13:45:55","date_gmt":"2023-03-20T12:45:55","guid":{"rendered":"https:\/\/watchdeluxe.it\/prodotto\/montblanc-kartenetui-4-faecher-soft-grain-meisterstueck-ref-129352\/"},"modified":"2026-04-06T05:19:03","modified_gmt":"2026-04-06T03:19:03","slug":"montblanc-kartenhalter-4-facher-weichkorn-meisterstuck-ref-129352","status":"publish","type":"product","link":"https:\/\/watchdeluxe.it\/de\/prodotto\/montblanc-kartenhalter-4-facher-weichkorn-meisterstuck-ref-129352\/","title":{"rendered":"Montblanc Kartenetui 4 F\u00e4cher Soft Grain MEISTERST\u00dcCK Ref. 129352"},"content":{"rendered":"<p data-mce-fragment=\"1\">Montblanc Kartenetui 4 F\u00e4cher Soft Grain MEISTERST\u00dcCK Ref. 129352<\/p>\n<p data-mce-fragment=\"1\">Dieses Taschenaccessoire aus schwarzem Leder ist eine elegante L\u00f6sung f\u00fcr die sichere Aufbewahrung von Kreditkarten. Eine kompakte und moderne Alternative zum Portemonnaie.<\/p>\n<table class=\"data-table\">\n<tbody>\n<tr class=\"odd\">\n<td class=\"spec-name\">Marke<\/td>\n<td class=\"spec-value\">Montblanc<\/td>\n<\/tr>\n<tr class=\"even\">\n<td class=\"spec-name\">Linie<\/td>\n<td class=\"spec-value\">Meisterst\u00fcck<\/td>\n<\/tr>\n<tr class=\"odd\">\n<td class=\"spec-name\">Typologie<\/td>\n<td class=\"spec-value\">Kartenetui<\/td>\n<\/tr>\n<tr class=\"even\">\n<td class=\"spec-name\">Material<\/td>\n<td class=\"spec-value\">SOFT GRAIN KALBSLEDER<\/td>\n<\/tr>\n<tr class=\"odd\">\n<td class=\"spec-name\">FARBE<\/td>\n<td class=\"spec-value\">SCHWARZ<\/td>\n<\/tr>\n<\/tbody>\n<\/table>\n","protected":false},"excerpt":{"rendered":"<p>Montblanc Kartenetui 4 F\u00e4cher Soft Grain MEISTERST\u00dcCK Ref. 129352 Dieses Taschenaccessoire aus schwarzem Leder ist eine elegante L\u00f6sung f\u00fcr die sichere Aufbewahrung von Kreditkarten. Eine kompakte und moderne Alternative zum Portemonnaie. Marke Montblanc Linie Meisterst\u00fcck Typologie Kartenetui Material SOFT GRAIN KALBSLEDER FARBE SCHWARZ<\/p>\n","protected":false},"featured_media":164177,"template":"","meta":{"_crdt_document":"","advanced_seo_description":"","jetpack_seo_html_title":"","jetpack_seo_noindex":false},"product_brand":[],"product_cat":[2250],"product_tag":[1418],"berocket_brand":[],"woo-feed-brand":[],"class_list":{"0":"post-73057","1":"product","2":"type-product","3":"status-publish","4":"has-post-thumbnail","6":"product_cat-montblanc-de","7":"product_tag-portafogli","9":"first","10":"instock","11":"sale","12":"taxable","13":"shipping-taxable","14":"purchasable","15":"product-type-simple"},"bundled_by":[],"bundle_stock_status":"instock","bundle_stock_quantity":1,"bundle_virtual":false,"bundle_layout":"","bundle_add_to_cart_form_location":"","bundle_editable_in_cart":false,"bundle_sold_individually_context":"","bundle_item_grouping":"","bundle_min_size":"","bundle_max_size":"","bundle_price":[],"bundled_items":[],"bundle_sell_ids":[],"group_of_quantity":0,"min_quantity":0,"max_quantity":"","exclude_order_quantity_value_rules":"no","exclude_category_quantity_rules":"no","combine_variations":"no","jetpack_sharing_enabled":true,"jetpack_likes_enabled":true,"_links":{"self":[{"href":"https:\/\/watchdeluxe.it\/de\/wp-json\/wp\/v2\/product\/73057","targetHints":{"allow":["GET"]}}],"collection":[{"href":"https:\/\/watchdeluxe.it\/de\/wp-json\/wp\/v2\/product"}],"about":[{"href":"https:\/\/watchdeluxe.it\/de\/wp-json\/wp\/v2\/types\/product"}],"wp:featuredmedia":[{"embeddable":true,"href":"https:\/\/watchdeluxe.it\/de\/wp-json\/wp\/v2\/media\/164177"}],"wp:attachment":[{"href":"https:\/\/watchdeluxe.it\/de\/wp-json\/wp\/v2\/media?parent=73057"}],"wp:term":[{"taxonomy":"product_brand","embeddable":true,"href":"https:\/\/watchdeluxe.it\/de\/wp-json\/wp\/v2\/product_brand?post=73057"},{"taxonomy":"product_cat","embeddable":true,"href":"https:\/\/watchdeluxe.it\/de\/wp-json\/wp\/v2\/product_cat?post=73057"},{"taxonomy":"product_tag","embeddable":true,"href":"https:\/\/watchdeluxe.it\/de\/wp-json\/wp\/v2\/product_tag?post=73057"},{"taxonomy":"berocket_brand","embeddable":true,"href":"https:\/\/watchdeluxe.it\/de\/wp-json\/wp\/v2\/berocket_brand?post=73057"},{"taxonomy":"woo-feed-brand","embeddable":true,"href":"https:\/\/watchdeluxe.it\/de\/wp-json\/wp\/v2\/woo-feed-brand?post=73057"}],"curies":[{"name":"wp","href":"https:\/\/api.w.org\/{rel}","templated":true}]}}