{"id":73000,"date":"2023-03-20T13:45:57","date_gmt":"2023-03-20T12:45:57","guid":{"rendered":"https:\/\/watchdeluxe.it\/prodotto\/montblanc-schwarzes-leather-belt-35-mm-ref-129455\/"},"modified":"2026-04-06T05:59:20","modified_gmt":"2026-04-06T03:59:20","slug":"montblanc-cintura-in-pelle-nera-35-mm-ref-129455","status":"publish","type":"product","link":"https:\/\/watchdeluxe.it\/de\/prodotto\/montblanc-cintura-in-pelle-nera-35-mm-ref-129455\/","title":{"rendered":"MONTBLANC G\u00dcRTEL AUS SCHWARZEM LEDER 35 MM Ref. 129455"},"content":{"rendered":"<p>MONTBLANC G\u00dcRTEL AUS SCHWARZEM LEDER 35 MM Ref. 129455<\/p>\n<div id=\"description\" class=\"data item content\" role=\"tabpanel\" aria-hidden=\"false\" aria-labelledby=\"tab-label-description\" data-role=\"content\">\n<div class=\"product attribute description\">\n<div class=\"value\">\n<ul>\n<li>G\u00fcrtel aus schwarzem Glattleder<\/li>\n<li>Rechteckige Stahlschnalle<\/li>\n<li>H\u00f6he 3,5 cm<\/li>\n<li>Montblanc Emblem aus Metall an der Schlaufe<\/li>\n<li>Schwarz<\/li>\n<li>Hergestellt in Italien<\/li>\n<li>Zusammensetzung: 100% Leder<\/li>\n<\/ul>\n<\/div>\n<\/div>\n<\/div>\n","protected":false},"excerpt":{"rendered":"<p>MONTBLANC G\u00dcRTEL AUS SCHWARZEM LEDER 35 MM Ref. 129455 G\u00fcrtel aus schwarzem Glattleder Rechteckige Stahlschnalle H\u00f6he 3,5 cm Montblanc Emblem aus Metall an der Schlaufe Schwarz Hergestellt in Italien Zusammensetzung: 100% Leder<\/p>\n","protected":false},"featured_media":147730,"template":"","meta":{"_crdt_document":"","advanced_seo_description":"","jetpack_seo_html_title":"","jetpack_seo_noindex":false},"product_brand":[],"product_cat":[2250],"product_tag":[2263],"berocket_brand":[],"woo-feed-brand":[],"class_list":{"0":"post-73000","1":"product","2":"type-product","3":"status-publish","4":"has-post-thumbnail","6":"product_cat-montblanc-de","7":"product_tag-belts","9":"first","10":"instock","11":"sale","12":"taxable","13":"shipping-taxable","14":"purchasable","15":"product-type-simple"},"bundled_by":[],"bundle_stock_status":"instock","bundle_stock_quantity":1,"bundle_virtual":false,"bundle_layout":"","bundle_add_to_cart_form_location":"","bundle_editable_in_cart":false,"bundle_sold_individually_context":"","bundle_item_grouping":"","bundle_min_size":"","bundle_max_size":"","bundle_price":[],"bundled_items":[],"bundle_sell_ids":[],"group_of_quantity":0,"min_quantity":0,"max_quantity":"","exclude_order_quantity_value_rules":"no","exclude_category_quantity_rules":"no","combine_variations":"no","jetpack_sharing_enabled":true,"jetpack_likes_enabled":true,"_links":{"self":[{"href":"https:\/\/watchdeluxe.it\/de\/wp-json\/wp\/v2\/product\/73000","targetHints":{"allow":["GET"]}}],"collection":[{"href":"https:\/\/watchdeluxe.it\/de\/wp-json\/wp\/v2\/product"}],"about":[{"href":"https:\/\/watchdeluxe.it\/de\/wp-json\/wp\/v2\/types\/product"}],"wp:featuredmedia":[{"embeddable":true,"href":"https:\/\/watchdeluxe.it\/de\/wp-json\/wp\/v2\/media\/147730"}],"wp:attachment":[{"href":"https:\/\/watchdeluxe.it\/de\/wp-json\/wp\/v2\/media?parent=73000"}],"wp:term":[{"taxonomy":"product_brand","embeddable":true,"href":"https:\/\/watchdeluxe.it\/de\/wp-json\/wp\/v2\/product_brand?post=73000"},{"taxonomy":"product_cat","embeddable":true,"href":"https:\/\/watchdeluxe.it\/de\/wp-json\/wp\/v2\/product_cat?post=73000"},{"taxonomy":"product_tag","embeddable":true,"href":"https:\/\/watchdeluxe.it\/de\/wp-json\/wp\/v2\/product_tag?post=73000"},{"taxonomy":"berocket_brand","embeddable":true,"href":"https:\/\/watchdeluxe.it\/de\/wp-json\/wp\/v2\/berocket_brand?post=73000"},{"taxonomy":"woo-feed-brand","embeddable":true,"href":"https:\/\/watchdeluxe.it\/de\/wp-json\/wp\/v2\/woo-feed-brand?post=73000"}],"curies":[{"name":"wp","href":"https:\/\/api.w.org\/{rel}","templated":true}]}}