{"id":72957,"date":"2023-03-20T13:46:00","date_gmt":"2023-03-20T12:46:00","guid":{"rendered":"https:\/\/watchdeluxe.it\/prodotto\/montblanc-around-the-world-in-80-days-fuellfederhalter-ref-126344\/"},"modified":"2026-04-14T14:30:08","modified_gmt":"2026-04-14T12:30:08","slug":"montblanc-fountain-pen-around-the-world-in-80-days-ref-126344","status":"publish","type":"product","link":"https:\/\/watchdeluxe.it\/de\/prodotto\/montblanc-fountain-pen-around-the-world-in-80-days-ref-126344\/","title":{"rendered":"Montblanc F\u00fcllfederhalter Around the World in 80 Days Ref. 126344"},"content":{"rendered":"<p>Montblanc F\u00fcllfederhalter Around the World in 80 Days REF. 126344<\/p>\n<p>Auf der Oberseite der Kappe ist die Dauer der Reise eingepr\u00e4gt, 18 Tage von London nach Bombay und 80 Tage insgesamt. Das Schreibger\u00e4t wird durch eine handgefertigte Feder aus 14 K Gold mit Rhodinierung erg\u00e4nzt, die mit einem Hei\u00dfluftballon sowie dem Start- und Enddatum der abenteuerlichen Reise verziert ist.<br \/>\nFederst\u00e4rke M<\/p>\n","protected":false},"excerpt":{"rendered":"<p>Montblanc F\u00fcllfederhalter Around the World in 80 Days REF. 126344 Auf der Oberseite der Kappe ist die Dauer der Reise eingepr\u00e4gt, 18 Tage von London nach Bombay und 80 Tage insgesamt. Das Schreibger\u00e4t wird durch eine handgefertigte Feder aus 14 K Gold mit Rhodinierung erg\u00e4nzt, die mit einem Hei\u00dfluftballon sowie dem Start- und Enddatum der [&hellip;]<\/p>\n","protected":false},"featured_media":174783,"template":"","meta":{"_crdt_document":"","advanced_seo_description":"","jetpack_seo_html_title":"","jetpack_seo_noindex":false},"product_brand":[],"product_cat":[1929],"product_tag":[1452],"berocket_brand":[],"woo-feed-brand":[],"class_list":{"0":"post-72957","1":"product","2":"type-product","3":"status-publish","4":"has-post-thumbnail","6":"product_cat-montblanc","7":"product_tag-penne","9":"first","10":"instock","11":"sale","12":"taxable","13":"shipping-taxable","14":"purchasable","15":"product-type-simple"},"bundled_by":[],"bundle_stock_status":"instock","bundle_stock_quantity":1,"bundle_virtual":false,"bundle_layout":"","bundle_add_to_cart_form_location":"","bundle_editable_in_cart":false,"bundle_sold_individually_context":"","bundle_item_grouping":"","bundle_min_size":"","bundle_max_size":"","bundle_price":[],"bundled_items":[],"bundle_sell_ids":[],"group_of_quantity":0,"min_quantity":0,"max_quantity":"","exclude_order_quantity_value_rules":"no","exclude_category_quantity_rules":"no","combine_variations":"no","jetpack_sharing_enabled":true,"jetpack_likes_enabled":true,"_links":{"self":[{"href":"https:\/\/watchdeluxe.it\/de\/wp-json\/wp\/v2\/product\/72957","targetHints":{"allow":["GET"]}}],"collection":[{"href":"https:\/\/watchdeluxe.it\/de\/wp-json\/wp\/v2\/product"}],"about":[{"href":"https:\/\/watchdeluxe.it\/de\/wp-json\/wp\/v2\/types\/product"}],"wp:featuredmedia":[{"embeddable":true,"href":"https:\/\/watchdeluxe.it\/de\/wp-json\/wp\/v2\/media\/174783"}],"wp:attachment":[{"href":"https:\/\/watchdeluxe.it\/de\/wp-json\/wp\/v2\/media?parent=72957"}],"wp:term":[{"taxonomy":"product_brand","embeddable":true,"href":"https:\/\/watchdeluxe.it\/de\/wp-json\/wp\/v2\/product_brand?post=72957"},{"taxonomy":"product_cat","embeddable":true,"href":"https:\/\/watchdeluxe.it\/de\/wp-json\/wp\/v2\/product_cat?post=72957"},{"taxonomy":"product_tag","embeddable":true,"href":"https:\/\/watchdeluxe.it\/de\/wp-json\/wp\/v2\/product_tag?post=72957"},{"taxonomy":"berocket_brand","embeddable":true,"href":"https:\/\/watchdeluxe.it\/de\/wp-json\/wp\/v2\/berocket_brand?post=72957"},{"taxonomy":"woo-feed-brand","embeddable":true,"href":"https:\/\/watchdeluxe.it\/de\/wp-json\/wp\/v2\/woo-feed-brand?post=72957"}],"curies":[{"name":"wp","href":"https:\/\/api.w.org\/{rel}","templated":true}]}}