{"id":72770,"date":"2023-03-20T13:46:31","date_gmt":"2023-03-20T12:46:31","guid":{"rendered":"https:\/\/watchdeluxe.it\/prodotto\/montblanc-sartorial-brieftasche-8cc-denim-blue-ref-124185\/"},"modified":"2026-04-02T11:11:58","modified_gmt":"2026-04-02T09:11:58","slug":"montblanc-sartorial-wallet-8cc-denim-blau-ref-124185","status":"publish","type":"product","link":"https:\/\/watchdeluxe.it\/de\/prodotto\/montblanc-sartorial-wallet-8cc-denim-blau-ref-124185\/","title":{"rendered":"Montblanc Sartorial Brieftasche 8cc Denim Blue Ref. 124185"},"content":{"rendered":"<h2 data-mce-fragment=\"1\">Beschreibung<\/h2>\n<p data-mce-fragment=\"1\">Montblanc Sartorial Geldb\u00f6rse<\/p>\n<p data-mce-fragment=\"1\">Montblanc Brieftasche aus jeansblauem Leder mit 8 Kreditkartenf\u00e4chern, 2 F\u00e4chern f\u00fcr Geldscheine und 2 Extraf\u00e4chern.<\/p>\n<p data-mce-fragment=\"1\"><strong data-mce-fragment=\"1\">DETAILS:<\/strong><\/p>\n<p data-mce-fragment=\"1\">MATERIAL: Vollnarbiges Kalbsleder, chromgegerbt, durchgef\u00e4rbt, mit Saffiano-Druck.<\/p>\n<p data-mce-fragment=\"1\">MERKMALE: 8 Kreditkartenf\u00e4cher, 2 Geldscheinf\u00e4cher, 2 Zusatzf\u00e4cher. Farbe: Denim Blue.<\/p>\n<p data-mce-fragment=\"1\">ABMESSUNGEN: 11,5 x 1,5 x 9,5 cm.<\/p>\n<p data-mce-fragment=\"1\">\n","protected":false},"excerpt":{"rendered":"<p>Beschreibung Montblanc Sartorial Geldb\u00f6rse Montblanc Brieftasche aus jeansblauem Leder mit 8 Kreditkartenf\u00e4chern, 2 F\u00e4chern f\u00fcr Geldscheine und 2 Extraf\u00e4chern. DETAILS: MATERIAL: Vollnarbiges Kalbsleder, chromgegerbt, durchgef\u00e4rbt, mit Saffiano-Druck. MERKMALE: 8 Kreditkartenf\u00e4cher, 2 Geldscheinf\u00e4cher, 2 Zusatzf\u00e4cher. Farbe: Denim Blue. ABMESSUNGEN: 11,5 x 1,5 x 9,5 cm.<\/p>\n","protected":false},"featured_media":148786,"template":"","meta":{"_crdt_document":"","advanced_seo_description":"","jetpack_seo_html_title":"","jetpack_seo_noindex":false},"product_brand":[],"product_cat":[2250],"product_tag":[2346,2399,3136],"berocket_brand":[],"woo-feed-brand":[],"class_list":{"0":"post-72770","1":"product","2":"type-product","3":"status-publish","4":"has-post-thumbnail","6":"product_cat-montblanc-de","7":"product_tag-brieftasche","8":"product_tag-dokumentenhalter","9":"product_tag-ticketinhaber","11":"first","12":"instock","13":"sale","14":"taxable","15":"shipping-taxable","16":"purchasable","17":"product-type-simple"},"bundled_by":[],"bundle_stock_status":"instock","bundle_stock_quantity":1,"bundle_virtual":false,"bundle_layout":"","bundle_add_to_cart_form_location":"","bundle_editable_in_cart":false,"bundle_sold_individually_context":"","bundle_item_grouping":"","bundle_min_size":"","bundle_max_size":"","bundle_price":[],"bundled_items":[],"bundle_sell_ids":[],"group_of_quantity":0,"min_quantity":0,"max_quantity":"","exclude_order_quantity_value_rules":"no","exclude_category_quantity_rules":"no","combine_variations":"no","exclude_global_add_ons":[],"addons":[],"jetpack_sharing_enabled":true,"jetpack_likes_enabled":true,"_links":{"self":[{"href":"https:\/\/watchdeluxe.it\/de\/wp-json\/wp\/v2\/product\/72770","targetHints":{"allow":["GET"]}}],"collection":[{"href":"https:\/\/watchdeluxe.it\/de\/wp-json\/wp\/v2\/product"}],"about":[{"href":"https:\/\/watchdeluxe.it\/de\/wp-json\/wp\/v2\/types\/product"}],"wp:featuredmedia":[{"embeddable":true,"href":"https:\/\/watchdeluxe.it\/de\/wp-json\/wp\/v2\/media\/148786"}],"wp:attachment":[{"href":"https:\/\/watchdeluxe.it\/de\/wp-json\/wp\/v2\/media?parent=72770"}],"wp:term":[{"taxonomy":"product_brand","embeddable":true,"href":"https:\/\/watchdeluxe.it\/de\/wp-json\/wp\/v2\/product_brand?post=72770"},{"taxonomy":"product_cat","embeddable":true,"href":"https:\/\/watchdeluxe.it\/de\/wp-json\/wp\/v2\/product_cat?post=72770"},{"taxonomy":"product_tag","embeddable":true,"href":"https:\/\/watchdeluxe.it\/de\/wp-json\/wp\/v2\/product_tag?post=72770"},{"taxonomy":"berocket_brand","embeddable":true,"href":"https:\/\/watchdeluxe.it\/de\/wp-json\/wp\/v2\/berocket_brand?post=72770"},{"taxonomy":"woo-feed-brand","embeddable":true,"href":"https:\/\/watchdeluxe.it\/de\/wp-json\/wp\/v2\/woo-feed-brand?post=72770"}],"curies":[{"name":"wp","href":"https:\/\/api.w.org\/{rel}","templated":true}]}}