{"id":72596,"date":"2023-03-20T13:46:53","date_gmt":"2023-03-20T12:46:53","guid":{"rendered":"https:\/\/watchdeluxe.it\/prodotto\/montblanc-pocket-case-meisterstueck-5-faecher-mit-reissverschluss-ref-126217\/"},"modified":"2026-04-06T05:14:58","modified_gmt":"2026-04-06T03:14:58","slug":"montblanc-etui-tasche-meisterstuck-5-facher-mit-kerne-ref-126217","status":"publish","type":"product","link":"https:\/\/watchdeluxe.it\/de\/prodotto\/montblanc-etui-tasche-meisterstuck-5-facher-mit-kerne-ref-126217\/","title":{"rendered":"Montblanc Pocket Case Meisterst\u00fcck 5 F\u00e4cher mit Rei\u00dfverschluss ref.126217"},"content":{"rendered":"<div class=\"column material\" data-mce-fragment=\"1\">\n<h3 data-mce-fragment=\"1\">Material<\/h3>\n<p class=\"materials\" data-mce-fragment=\"1\"><strong class=\"key\" data-mce-fragment=\"1\">MaterialTasche<\/strong><\/p>\n<p class=\"leather\" data-mce-fragment=\"1\"><strong class=\"key\" data-mce-fragment=\"1\">LederVollnarbiges Rindsleder<\/strong>mit Montblanc Glanzeffekt, Chromgerbung, Durchf\u00e4rbung<\/p>\n<p class=\"brand_colour\" data-mce-fragment=\"1\"><strong class=\"key\" data-mce-fragment=\"1\">FarbeNavy<\/strong><\/p>\n<p class=\"lining\" data-mce-fragment=\"1\"><strong class=\"key\" data-mce-fragment=\"1\">InnenfutterJacquard-Futter<\/strong>mit Montblanc Logo<\/p>\n<\/div>\n<div class=\"column dimensions\" data-mce-fragment=\"1\">\n<h3 data-mce-fragment=\"1\">Abmessungen<\/h3>\n<p class=\"length first\" data-mce-fragment=\"1\"><strong class=\"key\" data-mce-fragment=\"1\">Abmessungen80<\/strong><\/p>\n<p class=\"width\" data-mce-fragment=\"1\">5<\/p>\n<p class=\"height\" data-mce-fragment=\"1\">130<\/p>\n<p class=\"emblem\" data-mce-fragment=\"1\"><strong class=\"key\" data-mce-fragment=\"1\">Veredelung \/ EmblemDie<\/strong>Embleme werden von unseren Handwerkern eins nach dem anderen von Hand zentriert. Das Emblem befindet sich in der Mitte, kann sich aber durch manuelles Dr\u00fccken mit den entsprechenden Ger\u00e4ten bewegen oder drehen. Dies ist ein Merkmal, das die \u00c4sthetik des Produkts nicht beeintr\u00e4chtigt, so dass es gem\u00e4\u00df unserer Politik nicht als Reklamation akzeptiert werden kann.<\/p>\n<\/div>\n","protected":false},"excerpt":{"rendered":"<p>Material MaterialTasche LederVollnarbiges Rindsledermit Montblanc Glanzeffekt, Chromgerbung, Durchf\u00e4rbung FarbeNavy InnenfutterJacquard-Futtermit Montblanc Logo Abmessungen Abmessungen80 5 130 Veredelung \/ EmblemDieEmbleme werden von unseren Handwerkern eins nach dem anderen von Hand zentriert. Das Emblem befindet sich in der Mitte, kann sich aber durch manuelles Dr\u00fccken mit den entsprechenden Ger\u00e4ten bewegen oder drehen. Dies ist ein Merkmal, das [&hellip;]<\/p>\n","protected":false},"featured_media":148600,"template":"","meta":{"_crdt_document":"","advanced_seo_description":"","jetpack_seo_html_title":"","jetpack_seo_noindex":false},"product_brand":[],"product_cat":[2250],"product_tag":[2399,3098],"berocket_brand":[],"woo-feed-brand":[],"class_list":{"0":"post-72596","1":"product","2":"type-product","3":"status-publish","4":"has-post-thumbnail","6":"product_cat-montblanc-de","7":"product_tag-dokumentenhalter","8":"product_tag-fall","10":"first","11":"instock","12":"sale","13":"taxable","14":"shipping-taxable","15":"purchasable","16":"product-type-simple"},"bundled_by":[],"bundle_stock_status":"instock","bundle_stock_quantity":1,"bundle_virtual":false,"bundle_layout":"","bundle_add_to_cart_form_location":"","bundle_editable_in_cart":false,"bundle_sold_individually_context":"","bundle_item_grouping":"","bundle_min_size":"","bundle_max_size":"","bundle_price":[],"bundled_items":[],"bundle_sell_ids":[],"group_of_quantity":0,"min_quantity":0,"max_quantity":"","exclude_order_quantity_value_rules":"no","exclude_category_quantity_rules":"no","combine_variations":"no","exclude_global_add_ons":[],"addons":[],"jetpack_sharing_enabled":true,"jetpack_likes_enabled":true,"_links":{"self":[{"href":"https:\/\/watchdeluxe.it\/de\/wp-json\/wp\/v2\/product\/72596","targetHints":{"allow":["GET"]}}],"collection":[{"href":"https:\/\/watchdeluxe.it\/de\/wp-json\/wp\/v2\/product"}],"about":[{"href":"https:\/\/watchdeluxe.it\/de\/wp-json\/wp\/v2\/types\/product"}],"wp:featuredmedia":[{"embeddable":true,"href":"https:\/\/watchdeluxe.it\/de\/wp-json\/wp\/v2\/media\/148600"}],"wp:attachment":[{"href":"https:\/\/watchdeluxe.it\/de\/wp-json\/wp\/v2\/media?parent=72596"}],"wp:term":[{"taxonomy":"product_brand","embeddable":true,"href":"https:\/\/watchdeluxe.it\/de\/wp-json\/wp\/v2\/product_brand?post=72596"},{"taxonomy":"product_cat","embeddable":true,"href":"https:\/\/watchdeluxe.it\/de\/wp-json\/wp\/v2\/product_cat?post=72596"},{"taxonomy":"product_tag","embeddable":true,"href":"https:\/\/watchdeluxe.it\/de\/wp-json\/wp\/v2\/product_tag?post=72596"},{"taxonomy":"berocket_brand","embeddable":true,"href":"https:\/\/watchdeluxe.it\/de\/wp-json\/wp\/v2\/berocket_brand?post=72596"},{"taxonomy":"woo-feed-brand","embeddable":true,"href":"https:\/\/watchdeluxe.it\/de\/wp-json\/wp\/v2\/woo-feed-brand?post=72596"}],"curies":[{"name":"wp","href":"https:\/\/api.w.org\/{rel}","templated":true}]}}