{"id":72547,"date":"2023-03-20T13:46:54","date_gmt":"2023-03-20T12:46:54","guid":{"rendered":"https:\/\/watchdeluxe.it\/prodotto\/montblanc-brieftasche-mit-6-faechern-meisterstueck-soft-grain-ref-126250\/"},"modified":"2026-04-06T05:14:18","modified_gmt":"2026-04-06T03:14:18","slug":"montblanc-wallet-a-6-fach-meisterstuck-soft-grain-ref-126250","status":"publish","type":"product","link":"https:\/\/watchdeluxe.it\/de\/prodotto\/montblanc-wallet-a-6-fach-meisterstuck-soft-grain-ref-126250\/","title":{"rendered":"Montblanc Brieftasche mit 6 F\u00e4chern Meisterst\u00fcck Soft Grain Ref. 126250"},"content":{"rendered":"<div class=\"column material\" data-mce-fragment=\"1\">\n<h3 data-mce-fragment=\"1\">Material<\/h3>\n<p class=\"materials\" data-mce-fragment=\"1\"><strong class=\"key\" data-mce-fragment=\"1\">MaterialRindsleder<\/strong><\/p>\n<p class=\"leather\" data-mce-fragment=\"1\"><strong class=\"key\" data-mce-fragment=\"1\">LederKombination aus<\/strong>genarbtem und glattem vollnarbigem Rindsleder, chromgegerbt, durchgef\u00e4rbt<\/p>\n<p class=\"brand_colour\" data-mce-fragment=\"1\"><strong class=\"key\" data-mce-fragment=\"1\">FarbeSchwarz<\/strong><\/p>\n<p class=\"lining\" data-mce-fragment=\"1\"><strong class=\"key\" data-mce-fragment=\"1\">Futter<\/strong>Futter aus Polyamid und Baumwolle<\/p>\n<\/div>\n<div class=\"column dimensions\" data-mce-fragment=\"1\">\n<h3 data-mce-fragment=\"1\">Abmessungen<\/h3>\n<p class=\"length first\" data-mce-fragment=\"1\"><strong class=\"key\" data-mce-fragment=\"1\">Abmessungen115<\/strong><\/p>\n<p class=\"width\" data-mce-fragment=\"1\">15<\/p>\n<p class=\"height\" data-mce-fragment=\"1\">85<\/p>\n<p class=\"emblem\" data-mce-fragment=\"1\"><strong class=\"key\" data-mce-fragment=\"1\">Veredelung \/ EmblemDie<\/strong>Embleme werden von unseren Handwerkern eins nach dem anderen von Hand zentriert. Das Emblem befindet sich in der Mitte, kann sich aber durch manuelles Dr\u00fccken mit den entsprechenden Ger\u00e4ten bewegen oder drehen. Dies ist ein Merkmal, das die \u00c4sthetik des Produkts nicht beeintr\u00e4chtigt, so dass es gem\u00e4\u00df unserer Politik nicht als Reklamation akzeptiert werden kann.<\/p>\n<\/div>\n","protected":false},"excerpt":{"rendered":"<p>Material MaterialRindsleder LederKombination ausgenarbtem und glattem vollnarbigem Rindsleder, chromgegerbt, durchgef\u00e4rbt FarbeSchwarz FutterFutter aus Polyamid und Baumwolle Abmessungen Abmessungen115 15 85 Veredelung \/ EmblemDieEmbleme werden von unseren Handwerkern eins nach dem anderen von Hand zentriert. Das Emblem befindet sich in der Mitte, kann sich aber durch manuelles Dr\u00fccken mit den entsprechenden Ger\u00e4ten bewegen oder drehen. Dies [&hellip;]<\/p>\n","protected":false},"featured_media":148588,"template":"","meta":{"_crdt_document":"","advanced_seo_description":"","jetpack_seo_html_title":"","jetpack_seo_noindex":false},"product_brand":[],"product_cat":[2250],"product_tag":[2346],"berocket_brand":[],"woo-feed-brand":[],"class_list":{"0":"post-72547","1":"product","2":"type-product","3":"status-publish","4":"has-post-thumbnail","6":"product_cat-montblanc-de","7":"product_tag-brieftasche","9":"first","10":"instock","11":"sale","12":"taxable","13":"shipping-taxable","14":"purchasable","15":"product-type-simple"},"bundled_by":[],"bundle_stock_status":"instock","bundle_stock_quantity":1,"bundle_virtual":false,"bundle_layout":"","bundle_add_to_cart_form_location":"","bundle_editable_in_cart":false,"bundle_sold_individually_context":"","bundle_item_grouping":"","bundle_min_size":"","bundle_max_size":"","bundle_price":[],"bundled_items":[],"bundle_sell_ids":[],"group_of_quantity":0,"min_quantity":0,"max_quantity":"","exclude_order_quantity_value_rules":"no","exclude_category_quantity_rules":"no","combine_variations":"no","exclude_global_add_ons":[],"addons":[],"jetpack_sharing_enabled":true,"jetpack_likes_enabled":true,"_links":{"self":[{"href":"https:\/\/watchdeluxe.it\/de\/wp-json\/wp\/v2\/product\/72547","targetHints":{"allow":["GET"]}}],"collection":[{"href":"https:\/\/watchdeluxe.it\/de\/wp-json\/wp\/v2\/product"}],"about":[{"href":"https:\/\/watchdeluxe.it\/de\/wp-json\/wp\/v2\/types\/product"}],"wp:featuredmedia":[{"embeddable":true,"href":"https:\/\/watchdeluxe.it\/de\/wp-json\/wp\/v2\/media\/148588"}],"wp:attachment":[{"href":"https:\/\/watchdeluxe.it\/de\/wp-json\/wp\/v2\/media?parent=72547"}],"wp:term":[{"taxonomy":"product_brand","embeddable":true,"href":"https:\/\/watchdeluxe.it\/de\/wp-json\/wp\/v2\/product_brand?post=72547"},{"taxonomy":"product_cat","embeddable":true,"href":"https:\/\/watchdeluxe.it\/de\/wp-json\/wp\/v2\/product_cat?post=72547"},{"taxonomy":"product_tag","embeddable":true,"href":"https:\/\/watchdeluxe.it\/de\/wp-json\/wp\/v2\/product_tag?post=72547"},{"taxonomy":"berocket_brand","embeddable":true,"href":"https:\/\/watchdeluxe.it\/de\/wp-json\/wp\/v2\/berocket_brand?post=72547"},{"taxonomy":"woo-feed-brand","embeddable":true,"href":"https:\/\/watchdeluxe.it\/de\/wp-json\/wp\/v2\/woo-feed-brand?post=72547"}],"curies":[{"name":"wp","href":"https:\/\/api.w.org\/{rel}","templated":true}]}}