{"id":72430,"date":"2026-01-26T16:52:57","date_gmt":"2026-01-26T15:52:57","guid":{"rendered":"https:\/\/watchdeluxe.it\/prodotto\/tag-heuer-aquaracer-professional-300-date-ref-wbp231g-ft6226\/"},"modified":"2026-01-26T16:53:00","modified_gmt":"2026-01-26T15:53:00","slug":"tag-heuer-quaracer-professional-300-date-ref-wbp231g-ft6226","status":"publish","type":"product","link":"https:\/\/watchdeluxe.it\/de\/prodotto\/tag-heuer-quaracer-professional-300-date-ref-wbp231g-ft6226\/","title":{"rendered":"Tag Heuer Aquaracer Professional 300 Date ref. WBP231G.FT6226"},"content":{"rendered":"<p>Tag Heuer Aquaracer Professional 300 Date ref. WBP231G.FT6226<\/p>\n<div id=\"collapsecase\" class=\"collapse show\" data-parent=\"#tech-accordion\" aria-labelledby=\"headingcase\">\n<div class=\"card-body\">\n<div class=\"row\">\n<div class=\"col-12 col-lg-6\">\n<p> <span class=\"spec-title\"> Gr\u00f6\u00dfe <\/span> <span class=\"spec-value\"> 36 mm <\/span> <\/p>\n<\/div>\n<div class=\"col-12 col-lg-6\">\n<p> <span class=\"spec-title\"> Wasserbest\u00e4ndigkeit <\/span> <span class=\"spec-value\"> 300 m <\/span> <\/p>\n<\/div>\n<div class=\"col-12 col-lg-6\">\n<p> <span class=\"spec-title\"> Geh\u00e4usek\u00f6rper <\/span> <span class=\"spec-value\"> Stahl Satiniert\/Poliert <\/span> <\/p>\n<\/div>\n<div class=\"col-12 col-lg-6\">\n<p> <span class=\"spec-title\"> L\u00fcnette <\/span> <span class=\"spec-value\"> Drehbare L\u00fcnette Keramik <\/span> <\/p>\n<\/div>\n<div class=\"col-12 col-lg-6\">\n<p> <span class=\"spec-title\"> R\u00fccken <\/span> <span class=\"spec-value\"> Stahl <\/span> <\/p>\n<p><span class=\"spec-value\">Gurt<\/span><\/p>\n<div id=\"collapsestrap\" class=\"collapse show\" data-parent=\"#tech-accordion\" aria-labelledby=\"headingstrap\">\n<div class=\"card-body\">\n<div class=\"row\">\n<div class=\"col-12 col-lg-6\">\n<p> <span class=\"spec-title\"> Material <\/span> <span class=\"spec-value\"> Gummi <\/span> <\/p>\n<\/div>\n<div class=\"col-12 col-lg-6\">\n<p> <span class=\"spec-title\"> Farbe <\/span> <span class=\"spec-value\"> Blau <\/span> <\/p>\n<\/div>\n<div class=\"col-12 col-lg-6\">\n<p> <span class=\"spec-title\"> Schnalle <\/span> <span class=\"spec-value\"> Faltschlie\u00dfe mit Kn\u00f6pfen &#8211; polierter Stahl<\/span><\/p>\n<div class=\"card\">\n<div id=\"collapsemovement\" class=\"collapse show\" data-parent=\"#tech-accordion\" aria-labelledby=\"headingmovement\">\n<div class=\"card-body\">\n<div class=\"row\">\n<div class=\"col-12 col-lg-6\">\n<p> <span class=\"spec-title\"> Kaliber <\/span> <span class=\"spec-value\"> Kaliber 5 automatisch <\/span> <\/p>\n<\/div>\n<div class=\"col-12 col-lg-6\">\n<p> <span class=\"spec-title\"> Uhrwerk <\/span> <span class=\"spec-value\"> Automatische Uhr <\/span> <\/p>\n<\/div>\n<div class=\"col-12 col-lg-6\">\n<p> <span class=\"spec-title\"> Gangreserve (Stunden) <\/span> <span class=\"spec-value\"> 38 <\/span> <\/p>\n<\/div>\n<div class=\"col-12 col-lg-6\">\n<p> <span class=\"spec-title\"> Frequenz der Wippe <\/span> <span class=\"spec-value\"> 28&#8217;800 (4 Hz) <\/span> <\/p>\n<\/div>\n<div class=\"col-12 col-lg-6\">\n<p> <span class=\"spec-title\"> Funktionen <\/span> <span class=\"spec-value\"> Stunden, Minuten, Sekunden, Datum <\/span> <\/p>\n<\/div>\n<\/div>\n<\/div>\n<\/div>\n<\/div>\n<\/div>\n<\/div>\n<\/div>\n<\/div>\n<\/div>\n<\/div>\n<\/div>\n<\/div>\n","protected":false},"excerpt":{"rendered":"<p>Tag Heuer Aquaracer Professional 300 Date ref. WBP231G.FT6226 Gr\u00f6\u00dfe 36 mm Wasserbest\u00e4ndigkeit 300 m Geh\u00e4usek\u00f6rper Stahl Satiniert\/Poliert L\u00fcnette Drehbare L\u00fcnette Keramik R\u00fccken Stahl Gurt Material Gummi Farbe Blau Schnalle Faltschlie\u00dfe mit Kn\u00f6pfen &#8211; polierter Stahl Kaliber Kaliber 5 automatisch Uhrwerk Automatische Uhr Gangreserve (Stunden) 38 Frequenz der Wippe 28&#8217;800 (4 Hz) Funktionen Stunden, Minuten, Sekunden, [&hellip;]<\/p>\n","protected":false},"featured_media":56781,"template":"","meta":{"_crdt_document":"","advanced_seo_description":"","jetpack_seo_html_title":"","jetpack_seo_noindex":false},"product_brand":[],"product_cat":[1920],"product_tag":[],"berocket_brand":[],"woo-feed-brand":[],"class_list":{"0":"post-72430","1":"product","2":"type-product","3":"status-publish","4":"has-post-thumbnail","6":"product_cat-tag-heuer","8":"first","9":"instock","10":"sale","11":"taxable","12":"shipping-taxable","13":"purchasable","14":"product-type-simple"},"bundled_by":[],"bundle_stock_status":"instock","bundle_stock_quantity":1,"bundle_virtual":false,"bundle_layout":"","bundle_add_to_cart_form_location":"","bundle_editable_in_cart":false,"bundle_sold_individually_context":"","bundle_item_grouping":"","bundle_min_size":"","bundle_max_size":"","bundle_price":[],"bundled_items":[],"bundle_sell_ids":[],"group_of_quantity":0,"min_quantity":0,"max_quantity":"","exclude_order_quantity_value_rules":"no","exclude_category_quantity_rules":"no","combine_variations":"no","jetpack_sharing_enabled":true,"jetpack_likes_enabled":true,"_links":{"self":[{"href":"https:\/\/watchdeluxe.it\/de\/wp-json\/wp\/v2\/product\/72430","targetHints":{"allow":["GET"]}}],"collection":[{"href":"https:\/\/watchdeluxe.it\/de\/wp-json\/wp\/v2\/product"}],"about":[{"href":"https:\/\/watchdeluxe.it\/de\/wp-json\/wp\/v2\/types\/product"}],"wp:featuredmedia":[{"embeddable":true,"href":"https:\/\/watchdeluxe.it\/de\/wp-json\/wp\/v2\/media\/56781"}],"wp:attachment":[{"href":"https:\/\/watchdeluxe.it\/de\/wp-json\/wp\/v2\/media?parent=72430"}],"wp:term":[{"taxonomy":"product_brand","embeddable":true,"href":"https:\/\/watchdeluxe.it\/de\/wp-json\/wp\/v2\/product_brand?post=72430"},{"taxonomy":"product_cat","embeddable":true,"href":"https:\/\/watchdeluxe.it\/de\/wp-json\/wp\/v2\/product_cat?post=72430"},{"taxonomy":"product_tag","embeddable":true,"href":"https:\/\/watchdeluxe.it\/de\/wp-json\/wp\/v2\/product_tag?post=72430"},{"taxonomy":"berocket_brand","embeddable":true,"href":"https:\/\/watchdeluxe.it\/de\/wp-json\/wp\/v2\/berocket_brand?post=72430"},{"taxonomy":"woo-feed-brand","embeddable":true,"href":"https:\/\/watchdeluxe.it\/de\/wp-json\/wp\/v2\/woo-feed-brand?post=72430"}],"curies":[{"name":"wp","href":"https:\/\/api.w.org\/{rel}","templated":true}]}}