{"id":72209,"date":"2023-03-17T19:08:30","date_gmt":"2023-03-17T18:08:30","guid":{"rendered":"https:\/\/watchdeluxe.it\/prodotto\/tag-heuer-formula-1-43mm-aus-stahl-quarzref-caz1010-ba0842\/"},"modified":"2026-04-10T17:04:20","modified_gmt":"2026-04-10T15:04:20","slug":"tag-heuer-formula-1-43mm-in-acciaio-al-quarzo-ref-caz1010-ba0842","status":"publish","type":"product","link":"https:\/\/watchdeluxe.it\/de\/prodotto\/tag-heuer-formula-1-43mm-in-acciaio-al-quarzo-ref-caz1010-ba0842\/","title":{"rendered":"TAG Heuer Formula-1 43mm aus Stahl, Quarzref. CAZ1010.BA0842"},"content":{"rendered":"<p>TAG Heuer Innovation, Prestige, Leistung und Pr\u00e4zision sind die Seele von TAG Heuer. Aber vor allem geht es um Leidenschaft. Exzellenz, Pr\u00e4zision und Eleganz sind die anspruchsvollen Standards und das leidenschaftliche Engagement, die TAG Heuers fabelhafte Kollektion von Schweizer Luxusuhren antreiben. TAGHeuer Vier Schlagworte: Prestige, Leistung, Spitzentechnologie und absolute Zuverl\u00e4ssigkeit kennzeichnen die Philosophie der Luxusuhren von TAG (Techniques d&#8217;Avant Garde) Heuer seit ihrer Gr\u00fcndung im Jahr 1860.<\/p>\n<p>Saphirglas &#8211; der Triumph der modernen Wissenschaft &#8211; das kratzfesteste Material auf dem Markt<br \/>\nSchweizer Quarzwerk mit Analoganzeige und Zifferblattfenster aus Saphirglas<br \/>\nKalender mit Datum, wasserdicht, Chronograph, verschraubte Krone<br \/>\nEdelstahlgeh\u00e4use mit schwarzem Zifferblatt<br \/>\nWasserdicht bis 20 ATM \/ 200 Meter \/ 660 Fu\u00df: geeignet f\u00fcr professionelle Wassersportaktivit\u00e4ten, Oberfl\u00e4chenwassersport und Freitauchen.<\/p>\n","protected":false},"excerpt":{"rendered":"<p>TAG Heuer Innovation, Prestige, Leistung und Pr\u00e4zision sind die Seele von TAG Heuer. Aber vor allem geht es um Leidenschaft. Exzellenz, Pr\u00e4zision und Eleganz sind die anspruchsvollen Standards und das leidenschaftliche Engagement, die TAG Heuers fabelhafte Kollektion von Schweizer Luxusuhren antreiben. TAGHeuer Vier Schlagworte: Prestige, Leistung, Spitzentechnologie und absolute Zuverl\u00e4ssigkeit kennzeichnen die Philosophie der Luxusuhren [&hellip;]<\/p>\n","protected":false},"featured_media":170114,"template":"","meta":{"_crdt_document":"","advanced_seo_description":"","jetpack_seo_html_title":"","jetpack_seo_noindex":false},"product_brand":[],"product_cat":[2255],"product_tag":[2257],"berocket_brand":[],"woo-feed-brand":[],"class_list":{"0":"post-72209","1":"product","2":"type-product","3":"status-publish","4":"has-post-thumbnail","6":"product_cat-tag-heuer-de","7":"product_tag-formel-1","9":"first","10":"instock","11":"sale","12":"taxable","13":"shipping-taxable","14":"purchasable","15":"product-type-simple"},"bundled_by":[],"bundle_stock_status":"instock","bundle_stock_quantity":1,"bundle_virtual":false,"bundle_layout":"","bundle_add_to_cart_form_location":"","bundle_editable_in_cart":false,"bundle_sold_individually_context":"","bundle_item_grouping":"","bundle_min_size":"","bundle_max_size":"","bundle_price":[],"bundled_items":[],"bundle_sell_ids":[],"group_of_quantity":0,"min_quantity":0,"max_quantity":"","exclude_order_quantity_value_rules":"no","exclude_category_quantity_rules":"no","combine_variations":"no","exclude_global_add_ons":[],"addons":[],"jetpack_sharing_enabled":true,"jetpack_likes_enabled":true,"_links":{"self":[{"href":"https:\/\/watchdeluxe.it\/de\/wp-json\/wp\/v2\/product\/72209","targetHints":{"allow":["GET"]}}],"collection":[{"href":"https:\/\/watchdeluxe.it\/de\/wp-json\/wp\/v2\/product"}],"about":[{"href":"https:\/\/watchdeluxe.it\/de\/wp-json\/wp\/v2\/types\/product"}],"wp:featuredmedia":[{"embeddable":true,"href":"https:\/\/watchdeluxe.it\/de\/wp-json\/wp\/v2\/media\/170114"}],"wp:attachment":[{"href":"https:\/\/watchdeluxe.it\/de\/wp-json\/wp\/v2\/media?parent=72209"}],"wp:term":[{"taxonomy":"product_brand","embeddable":true,"href":"https:\/\/watchdeluxe.it\/de\/wp-json\/wp\/v2\/product_brand?post=72209"},{"taxonomy":"product_cat","embeddable":true,"href":"https:\/\/watchdeluxe.it\/de\/wp-json\/wp\/v2\/product_cat?post=72209"},{"taxonomy":"product_tag","embeddable":true,"href":"https:\/\/watchdeluxe.it\/de\/wp-json\/wp\/v2\/product_tag?post=72209"},{"taxonomy":"berocket_brand","embeddable":true,"href":"https:\/\/watchdeluxe.it\/de\/wp-json\/wp\/v2\/berocket_brand?post=72209"},{"taxonomy":"woo-feed-brand","embeddable":true,"href":"https:\/\/watchdeluxe.it\/de\/wp-json\/wp\/v2\/woo-feed-brand?post=72209"}],"curies":[{"name":"wp","href":"https:\/\/api.w.org\/{rel}","templated":true}]}}