{"id":72035,"date":"2023-03-20T13:47:17","date_gmt":"2023-03-20T12:47:17","guid":{"rendered":"https:\/\/watchdeluxe.it\/prodotto\/montblanc-brieftasche-6-faecher-sartorial-ref-128585\/"},"modified":"2026-04-02T11:04:50","modified_gmt":"2026-04-02T09:04:50","slug":"montblanc-wallet-6-facher-artorial-ref-128585","status":"publish","type":"product","link":"https:\/\/watchdeluxe.it\/de\/prodotto\/montblanc-wallet-6-facher-artorial-ref-128585\/","title":{"rendered":"Montblanc Brieftasche 6 F\u00e4cher Sartorial Ref. 128585"},"content":{"rendered":"<div class=\"column material\" data-mce-fragment=\"1\">\n<h3 data-mce-fragment=\"1\">Material<\/h3>\n<p class=\"materials\" data-mce-fragment=\"1\"><strong class=\"key\" data-mce-fragment=\"1\">MaterialKalbsleder<\/strong><\/p>\n<p class=\"leather\" data-mce-fragment=\"1\"><strong class=\"key\" data-mce-fragment=\"1\">LederVollnarbiges Kalbsleder<\/strong>, chromgegerbt, durchgef\u00e4rbt, mit Saffiano-Druck<\/p>\n<p class=\"brand_colour\" data-mce-fragment=\"1\"><strong class=\"key\" data-mce-fragment=\"1\">FarbeBlau<\/strong><\/p>\n<p class=\"lining\" data-mce-fragment=\"1\"><strong class=\"key\" data-mce-fragment=\"1\">Futter<\/strong>Futter aus Polyamid und Baumwolle<\/p>\n<\/div>\n<div class=\"column dimensions\" data-mce-fragment=\"1\">\n<h3 data-mce-fragment=\"1\">Abmessungen<\/h3>\n<p class=\"emblem\" data-mce-fragment=\"1\"><strong class=\"key\" data-mce-fragment=\"1\">Veredelung \/ EmblemDie<\/strong>Embleme werden von unseren Handwerkern eins nach dem anderen von Hand zentriert. Das Emblem befindet sich in der Mitte, kann sich aber durch manuelles Dr\u00fccken mit den entsprechenden Ger\u00e4ten bewegen oder drehen. Dies ist ein Merkmal, das die \u00c4sthetik des Produkts nicht beeintr\u00e4chtigt, so dass es gem\u00e4\u00df unserer Politik nicht als Reklamation akzeptiert werden kann.<\/p>\n<\/div>\n","protected":false},"excerpt":{"rendered":"<p>Material MaterialKalbsleder LederVollnarbiges Kalbsleder, chromgegerbt, durchgef\u00e4rbt, mit Saffiano-Druck FarbeBlau FutterFutter aus Polyamid und Baumwolle Abmessungen Veredelung \/ EmblemDieEmbleme werden von unseren Handwerkern eins nach dem anderen von Hand zentriert. Das Emblem befindet sich in der Mitte, kann sich aber durch manuelles Dr\u00fccken mit den entsprechenden Ger\u00e4ten bewegen oder drehen. Dies ist ein Merkmal, das die [&hellip;]<\/p>\n","protected":false},"featured_media":164267,"template":"","meta":{"_crdt_document":"","advanced_seo_description":"","jetpack_seo_html_title":"","jetpack_seo_noindex":false},"product_brand":[],"product_cat":[2250],"product_tag":[2346],"berocket_brand":[],"woo-feed-brand":[],"class_list":{"0":"post-72035","1":"product","2":"type-product","3":"status-publish","4":"has-post-thumbnail","6":"product_cat-montblanc-de","7":"product_tag-brieftasche","9":"first","10":"instock","11":"sale","12":"taxable","13":"shipping-taxable","14":"purchasable","15":"product-type-simple"},"bundled_by":[],"bundle_stock_status":"instock","bundle_stock_quantity":1,"bundle_virtual":false,"bundle_layout":"","bundle_add_to_cart_form_location":"","bundle_editable_in_cart":false,"bundle_sold_individually_context":"","bundle_item_grouping":"","bundle_min_size":"","bundle_max_size":"","bundle_price":[],"bundled_items":[],"bundle_sell_ids":[],"group_of_quantity":0,"min_quantity":0,"max_quantity":"","exclude_order_quantity_value_rules":"no","exclude_category_quantity_rules":"no","combine_variations":"no","jetpack_sharing_enabled":true,"jetpack_likes_enabled":true,"_links":{"self":[{"href":"https:\/\/watchdeluxe.it\/de\/wp-json\/wp\/v2\/product\/72035","targetHints":{"allow":["GET"]}}],"collection":[{"href":"https:\/\/watchdeluxe.it\/de\/wp-json\/wp\/v2\/product"}],"about":[{"href":"https:\/\/watchdeluxe.it\/de\/wp-json\/wp\/v2\/types\/product"}],"wp:featuredmedia":[{"embeddable":true,"href":"https:\/\/watchdeluxe.it\/de\/wp-json\/wp\/v2\/media\/164267"}],"wp:attachment":[{"href":"https:\/\/watchdeluxe.it\/de\/wp-json\/wp\/v2\/media?parent=72035"}],"wp:term":[{"taxonomy":"product_brand","embeddable":true,"href":"https:\/\/watchdeluxe.it\/de\/wp-json\/wp\/v2\/product_brand?post=72035"},{"taxonomy":"product_cat","embeddable":true,"href":"https:\/\/watchdeluxe.it\/de\/wp-json\/wp\/v2\/product_cat?post=72035"},{"taxonomy":"product_tag","embeddable":true,"href":"https:\/\/watchdeluxe.it\/de\/wp-json\/wp\/v2\/product_tag?post=72035"},{"taxonomy":"berocket_brand","embeddable":true,"href":"https:\/\/watchdeluxe.it\/de\/wp-json\/wp\/v2\/berocket_brand?post=72035"},{"taxonomy":"woo-feed-brand","embeddable":true,"href":"https:\/\/watchdeluxe.it\/de\/wp-json\/wp\/v2\/woo-feed-brand?post=72035"}],"curies":[{"name":"wp","href":"https:\/\/api.w.org\/{rel}","templated":true}]}}