{"id":71866,"date":"2023-03-20T13:48:09","date_gmt":"2023-03-20T12:48:09","guid":{"rendered":"https:\/\/watchdeluxe.it\/prodotto\/montblanc-herren-kreditkartenetui-124189\/"},"modified":"2026-03-27T12:41:58","modified_gmt":"2026-03-27T11:41:58","slug":"kreditkarten-halter-montblanc-man-124189","status":"publish","type":"product","link":"https:\/\/watchdeluxe.it\/de\/prodotto\/kreditkarten-halter-montblanc-man-124189\/","title":{"rendered":"Montblanc Herren-Kreditkartenetui 124189"},"content":{"rendered":"<div>\n<p>Die Montblanc Sartorial Collection ist Ausdruck moderner Eleganz. Dieses kleine, aber funktionelle Kartenetui aus Leder mit Saffiano-Print verf\u00fcgt \u00fcber 5 Kartenf\u00e4cher und passt in jede Jacken- oder Hosentasche.<\/p>\n<p>Material: Saffiano-Leder<\/p>\n<p>Farbe: Blue Denim<\/p>\n<p>Abmessungen: 7 x 10 cm<\/p>\n<\/div>\n","protected":false},"excerpt":{"rendered":"<p>Die Montblanc Sartorial Collection ist Ausdruck moderner Eleganz. Dieses kleine, aber funktionelle Kartenetui aus Leder mit Saffiano-Print verf\u00fcgt \u00fcber 5 Kartenf\u00e4cher und passt in jede Jacken- oder Hosentasche. Material: Saffiano-Leder Farbe: Blue Denim Abmessungen: 7 x 10 cm<\/p>\n","protected":false},"featured_media":50101,"template":"","meta":{"_crdt_document":"","advanced_seo_description":"","jetpack_seo_html_title":"","jetpack_seo_noindex":false},"product_brand":[],"product_cat":[1929],"product_tag":[1418],"berocket_brand":[],"woo-feed-brand":[],"class_list":{"0":"post-71866","1":"product","2":"type-product","3":"status-publish","4":"has-post-thumbnail","6":"product_cat-montblanc","7":"product_tag-portafogli","9":"first","10":"instock","11":"sale","12":"taxable","13":"shipping-taxable","14":"purchasable","15":"product-type-simple"},"bundled_by":[],"bundle_stock_status":"instock","bundle_stock_quantity":1,"bundle_virtual":false,"bundle_layout":"","bundle_add_to_cart_form_location":"","bundle_editable_in_cart":false,"bundle_sold_individually_context":"","bundle_item_grouping":"","bundle_min_size":"","bundle_max_size":"","bundle_price":[],"bundled_items":[],"bundle_sell_ids":[],"group_of_quantity":0,"min_quantity":0,"max_quantity":"","exclude_order_quantity_value_rules":"no","exclude_category_quantity_rules":"no","combine_variations":"no","jetpack_sharing_enabled":true,"jetpack_likes_enabled":true,"_links":{"self":[{"href":"https:\/\/watchdeluxe.it\/de\/wp-json\/wp\/v2\/product\/71866","targetHints":{"allow":["GET"]}}],"collection":[{"href":"https:\/\/watchdeluxe.it\/de\/wp-json\/wp\/v2\/product"}],"about":[{"href":"https:\/\/watchdeluxe.it\/de\/wp-json\/wp\/v2\/types\/product"}],"wp:featuredmedia":[{"embeddable":true,"href":"https:\/\/watchdeluxe.it\/de\/wp-json\/wp\/v2\/media\/50101"}],"wp:attachment":[{"href":"https:\/\/watchdeluxe.it\/de\/wp-json\/wp\/v2\/media?parent=71866"}],"wp:term":[{"taxonomy":"product_brand","embeddable":true,"href":"https:\/\/watchdeluxe.it\/de\/wp-json\/wp\/v2\/product_brand?post=71866"},{"taxonomy":"product_cat","embeddable":true,"href":"https:\/\/watchdeluxe.it\/de\/wp-json\/wp\/v2\/product_cat?post=71866"},{"taxonomy":"product_tag","embeddable":true,"href":"https:\/\/watchdeluxe.it\/de\/wp-json\/wp\/v2\/product_tag?post=71866"},{"taxonomy":"berocket_brand","embeddable":true,"href":"https:\/\/watchdeluxe.it\/de\/wp-json\/wp\/v2\/berocket_brand?post=71866"},{"taxonomy":"woo-feed-brand","embeddable":true,"href":"https:\/\/watchdeluxe.it\/de\/wp-json\/wp\/v2\/woo-feed-brand?post=71866"}],"curies":[{"name":"wp","href":"https:\/\/api.w.org\/{rel}","templated":true}]}}