{"id":71864,"date":"2023-03-20T13:47:54","date_gmt":"2023-03-20T12:47:54","guid":{"rendered":"https:\/\/watchdeluxe.it\/prodotto\/montblanc-schluesselanhaenger-select-tobacco-ref-112427\/"},"modified":"2026-04-08T18:22:46","modified_gmt":"2026-04-08T16:22:46","slug":"montblanc-keychain-select-tobacco-ref-112427","status":"publish","type":"product","link":"https:\/\/watchdeluxe.it\/de\/prodotto\/montblanc-keychain-select-tobacco-ref-112427\/","title":{"rendered":"Montblanc Schl\u00fcsselanh\u00e4nger Select Tobacco Ref. 112427"},"content":{"rendered":"<div>\n<p>Montblanc Schl\u00fcsselanh\u00e4nger aus der Meisterstuck Selection Linie aus gl\u00e4nzendem, dunkelbraunem, europ\u00e4ischem, vollnarbigem Kalbsleder exklusiv f\u00fcr Montblanc, chromgegerbt, durchgef\u00e4rbt, mit Montblanc Emblem und palladiertem Stahlring mit Schraubverschluss.<\/p>\n<\/div>\n<ul>\n<li>Leder<\/li>\n<\/ul>\n","protected":false},"excerpt":{"rendered":"<p>Montblanc Schl\u00fcsselanh\u00e4nger aus der Meisterstuck Selection Linie aus gl\u00e4nzendem, dunkelbraunem, europ\u00e4ischem, vollnarbigem Kalbsleder exklusiv f\u00fcr Montblanc, chromgegerbt, durchgef\u00e4rbt, mit Montblanc Emblem und palladiertem Stahlring mit Schraubverschluss. Leder<\/p>\n","protected":false},"featured_media":10733,"template":"","meta":{"_crdt_document":"","advanced_seo_description":"","jetpack_seo_html_title":"","jetpack_seo_noindex":false},"product_brand":[],"product_cat":[1929],"product_tag":[1545],"berocket_brand":[],"woo-feed-brand":[],"class_list":{"0":"post-71864","1":"product","2":"type-product","3":"status-publish","4":"has-post-thumbnail","6":"product_cat-montblanc","7":"product_tag-portachiavi","9":"first","10":"instock","11":"sale","12":"taxable","13":"shipping-taxable","14":"purchasable","15":"product-type-simple"},"bundled_by":[],"bundle_stock_status":"instock","bundle_stock_quantity":1,"bundle_virtual":false,"bundle_layout":"","bundle_add_to_cart_form_location":"","bundle_editable_in_cart":false,"bundle_sold_individually_context":"","bundle_item_grouping":"","bundle_min_size":"","bundle_max_size":"","bundle_price":[],"bundled_items":[],"bundle_sell_ids":[],"group_of_quantity":0,"min_quantity":0,"max_quantity":"","exclude_order_quantity_value_rules":"no","exclude_category_quantity_rules":"no","combine_variations":"no","jetpack_sharing_enabled":true,"jetpack_likes_enabled":true,"_links":{"self":[{"href":"https:\/\/watchdeluxe.it\/de\/wp-json\/wp\/v2\/product\/71864","targetHints":{"allow":["GET"]}}],"collection":[{"href":"https:\/\/watchdeluxe.it\/de\/wp-json\/wp\/v2\/product"}],"about":[{"href":"https:\/\/watchdeluxe.it\/de\/wp-json\/wp\/v2\/types\/product"}],"wp:featuredmedia":[{"embeddable":true,"href":"https:\/\/watchdeluxe.it\/de\/wp-json\/wp\/v2\/media\/10733"}],"wp:attachment":[{"href":"https:\/\/watchdeluxe.it\/de\/wp-json\/wp\/v2\/media?parent=71864"}],"wp:term":[{"taxonomy":"product_brand","embeddable":true,"href":"https:\/\/watchdeluxe.it\/de\/wp-json\/wp\/v2\/product_brand?post=71864"},{"taxonomy":"product_cat","embeddable":true,"href":"https:\/\/watchdeluxe.it\/de\/wp-json\/wp\/v2\/product_cat?post=71864"},{"taxonomy":"product_tag","embeddable":true,"href":"https:\/\/watchdeluxe.it\/de\/wp-json\/wp\/v2\/product_tag?post=71864"},{"taxonomy":"berocket_brand","embeddable":true,"href":"https:\/\/watchdeluxe.it\/de\/wp-json\/wp\/v2\/berocket_brand?post=71864"},{"taxonomy":"woo-feed-brand","embeddable":true,"href":"https:\/\/watchdeluxe.it\/de\/wp-json\/wp\/v2\/woo-feed-brand?post=71864"}],"curies":[{"name":"wp","href":"https:\/\/api.w.org\/{rel}","templated":true}]}}