{"id":71727,"date":"2023-03-20T13:47:16","date_gmt":"2023-03-20T12:47:16","guid":{"rendered":"https:\/\/watchdeluxe.it\/prodotto\/eleganter-reversibler-schwarz-blauer-guertel-ref-128140\/"},"modified":"2026-01-21T16:03:25","modified_gmt":"2026-01-21T15:03:25","slug":"gurtel-elegant-umkehrbar-schwarz-blau-ref-128140","status":"publish","type":"product","link":"https:\/\/watchdeluxe.it\/de\/prodotto\/gurtel-elegant-umkehrbar-schwarz-blau-ref-128140\/","title":{"rendered":"Eleganter reversibler schwarz\/blauer G\u00fcrtel Ref. 128140"},"content":{"rendered":"<div class=\"column material\" data-mce-fragment=\"1\">\n<h3 data-mce-fragment=\"1\">Material<\/h3>\n<p class=\"materials\" data-mce-fragment=\"1\"><strong class=\"key\" data-mce-fragment=\"1\">MaterialRindsleder<\/strong><\/p>\n<p class=\"finishing_description\" data-mce-fragment=\"1\"><strong class=\"key\" data-mce-fragment=\"1\">Oberfl\u00e4cheGl\u00e4nzend<\/strong><\/p>\n<p class=\"strap_description\" data-mce-fragment=\"1\"><strong class=\"key\" data-mce-fragment=\"1\">ArmbandWiederverwendbares<\/strong>Armband aus genarbtem und schattiertem Leder<\/p>\n<p class=\"buckle_mechanism\" data-mce-fragment=\"1\"><strong class=\"key\" data-mce-fragment=\"1\">SchnallenmechanismusL\u00e4ngenverstellmechanismus<\/strong><\/p>\n<p class=\"buckle_shape\" data-mce-fragment=\"1\"><strong class=\"key\" data-mce-fragment=\"1\">FormRechteckig<\/strong><\/p>\n<p class=\"coating\" data-mce-fragment=\"1\"><strong class=\"key\" data-mce-fragment=\"1\">BeschichtungPalladium-Finish<\/strong><\/p>\n<p class=\"emblem_location\" data-mce-fragment=\"1\"><strong class=\"key\" data-mce-fragment=\"1\">Position des EmblemsMontblanc-Emblem<\/strong>auf Metallschlaufe<\/p>\n<p class=\"brand_colour\" data-mce-fragment=\"1\"><strong class=\"key\" data-mce-fragment=\"1\">FarbeSchwarz<\/strong>| Blau<\/p>\n<\/div>\n<div class=\"column dimensions\" data-mce-fragment=\"1\">\n<h3 data-mce-fragment=\"1\">Abmessungen<\/h3>\n<p class=\"length first\" data-mce-fragment=\"1\"><strong class=\"key\" data-mce-fragment=\"1\">Abmessungen1200<\/strong><\/p>\n<p class=\"width\" data-mce-fragment=\"1\">30<\/p>\n<p class=\"height\" data-mce-fragment=\"1\">5<\/p>\n<p class=\"emblem\" data-mce-fragment=\"1\"><strong class=\"key\" data-mce-fragment=\"1\">Veredelung \/ EmblemDie<\/strong>Embleme werden von unseren Handwerkern eins nach dem anderen von Hand zentriert. Das Emblem befindet sich in der Mitte, kann sich aber durch manuelles Dr\u00fccken mit den entsprechenden Ger\u00e4ten bewegen oder drehen. Dies ist ein Merkmal, das die \u00c4sthetik des Produkts nicht beeintr\u00e4chtigt, so dass es gem\u00e4\u00df unserer Politik nicht als Reklamation akzeptiert werden kann.<\/p>\n<\/div>\n","protected":false},"excerpt":{"rendered":"<p>Material MaterialRindsleder Oberfl\u00e4cheGl\u00e4nzend ArmbandWiederverwendbaresArmband aus genarbtem und schattiertem Leder SchnallenmechanismusL\u00e4ngenverstellmechanismus FormRechteckig BeschichtungPalladium-Finish Position des EmblemsMontblanc-Emblemauf Metallschlaufe FarbeSchwarz| Blau Abmessungen Abmessungen1200 30 5 Veredelung \/ EmblemDieEmbleme werden von unseren Handwerkern eins nach dem anderen von Hand zentriert. Das Emblem befindet sich in der Mitte, kann sich aber durch manuelles Dr\u00fccken mit den entsprechenden Ger\u00e4ten bewegen oder [&hellip;]<\/p>\n","protected":false},"featured_media":158431,"template":"","meta":{"_crdt_document":"","advanced_seo_description":"","jetpack_seo_html_title":"","jetpack_seo_noindex":false},"product_brand":[],"product_cat":[2250],"product_tag":[2275],"berocket_brand":[],"woo-feed-brand":[],"class_list":{"0":"post-71727","1":"product","2":"type-product","3":"status-publish","4":"has-post-thumbnail","6":"product_cat-montblanc-de","7":"product_tag-gurtel","9":"first","10":"instock","11":"sale","12":"taxable","13":"shipping-taxable","14":"purchasable","15":"product-type-simple"},"bundled_by":[],"bundle_stock_status":"instock","bundle_stock_quantity":1,"bundle_virtual":false,"bundle_layout":"","bundle_add_to_cart_form_location":"","bundle_editable_in_cart":false,"bundle_sold_individually_context":"","bundle_item_grouping":"","bundle_min_size":"","bundle_max_size":"","bundle_price":[],"bundled_items":[],"bundle_sell_ids":[],"group_of_quantity":0,"min_quantity":0,"max_quantity":"","exclude_order_quantity_value_rules":"no","exclude_category_quantity_rules":"no","combine_variations":"no","exclude_global_add_ons":[],"addons":[],"jetpack_sharing_enabled":true,"jetpack_likes_enabled":true,"_links":{"self":[{"href":"https:\/\/watchdeluxe.it\/de\/wp-json\/wp\/v2\/product\/71727","targetHints":{"allow":["GET"]}}],"collection":[{"href":"https:\/\/watchdeluxe.it\/de\/wp-json\/wp\/v2\/product"}],"about":[{"href":"https:\/\/watchdeluxe.it\/de\/wp-json\/wp\/v2\/types\/product"}],"wp:featuredmedia":[{"embeddable":true,"href":"https:\/\/watchdeluxe.it\/de\/wp-json\/wp\/v2\/media\/158431"}],"wp:attachment":[{"href":"https:\/\/watchdeluxe.it\/de\/wp-json\/wp\/v2\/media?parent=71727"}],"wp:term":[{"taxonomy":"product_brand","embeddable":true,"href":"https:\/\/watchdeluxe.it\/de\/wp-json\/wp\/v2\/product_brand?post=71727"},{"taxonomy":"product_cat","embeddable":true,"href":"https:\/\/watchdeluxe.it\/de\/wp-json\/wp\/v2\/product_cat?post=71727"},{"taxonomy":"product_tag","embeddable":true,"href":"https:\/\/watchdeluxe.it\/de\/wp-json\/wp\/v2\/product_tag?post=71727"},{"taxonomy":"berocket_brand","embeddable":true,"href":"https:\/\/watchdeluxe.it\/de\/wp-json\/wp\/v2\/berocket_brand?post=71727"},{"taxonomy":"woo-feed-brand","embeddable":true,"href":"https:\/\/watchdeluxe.it\/de\/wp-json\/wp\/v2\/woo-feed-brand?post=71727"}],"curies":[{"name":"wp","href":"https:\/\/api.w.org\/{rel}","templated":true}]}}