{"id":71479,"date":"2023-03-20T13:49:29","date_gmt":"2023-03-20T12:49:29","guid":{"rendered":"https:\/\/watchdeluxe.it\/prodotto\/montblanc-mb-01-braun-reise-kopfhoerer-127666\/"},"modified":"2026-04-08T18:20:18","modified_gmt":"2026-04-08T16:20:18","slug":"cuffie-smart-montblanc-mb-01-da-viaggio-marroni-127666","status":"publish","type":"product","link":"https:\/\/watchdeluxe.it\/de\/prodotto\/cuffie-smart-montblanc-mb-01-da-viaggio-marroni-127666\/","title":{"rendered":"Montblanc MB 01 braun Reise Kopfh\u00f6rer 127666"},"content":{"rendered":"<div>\n<p>Hergestellt aus Aluminiumleder. Braunes Leder, goldfarbene Metalle. Bluetooth 5.0 Kabellose und kabelgebundene Konnektivit\u00e4t Smartwatch-Konnektivit\u00e4t 10-20.000 kHZ Kopfh\u00f6rer USB-Kabeladapter Flugzeugadapter Gewicht 280 g Original Montblanc-Verpackung Garantie inklusive<\/p>\n<\/div>\n<ul><\/ul>\n","protected":false},"excerpt":{"rendered":"<p>Hergestellt aus Aluminiumleder. Braunes Leder, goldfarbene Metalle. Bluetooth 5.0 Kabellose und kabelgebundene Konnektivit\u00e4t Smartwatch-Konnektivit\u00e4t 10-20.000 kHZ Kopfh\u00f6rer USB-Kabeladapter Flugzeugadapter Gewicht 280 g Original Montblanc-Verpackung Garantie inklusive<\/p>\n","protected":false},"featured_media":15968,"template":"","meta":{"_crdt_document":"","advanced_seo_description":"","jetpack_seo_html_title":"","jetpack_seo_noindex":false,"jetpack_post_was_ever_published":false},"product_brand":[],"product_cat":[2250],"product_tag":[2995],"berocket_brand":[],"woo-feed-brand":[],"class_list":{"0":"post-71479","1":"product","2":"type-product","3":"status-publish","4":"has-post-thumbnail","6":"product_cat-montblanc-de","7":"product_tag-kopfhorer","9":"first","10":"instock","11":"sale","12":"taxable","13":"shipping-taxable","14":"purchasable","15":"product-type-simple"},"bundled_by":[],"bundle_stock_status":"instock","bundle_stock_quantity":1,"bundle_virtual":false,"bundle_layout":"","bundle_add_to_cart_form_location":"","bundle_editable_in_cart":false,"bundle_sold_individually_context":"","bundle_item_grouping":"","bundle_min_size":"","bundle_max_size":"","bundle_price":[],"bundled_items":[],"bundle_sell_ids":[],"group_of_quantity":0,"min_quantity":0,"max_quantity":"","exclude_order_quantity_value_rules":"no","exclude_category_quantity_rules":"no","combine_variations":"no","exclude_global_add_ons":[],"addons":[],"jetpack_sharing_enabled":true,"jetpack_likes_enabled":true,"_links":{"self":[{"href":"https:\/\/watchdeluxe.it\/de\/wp-json\/wp\/v2\/product\/71479","targetHints":{"allow":["GET"]}}],"collection":[{"href":"https:\/\/watchdeluxe.it\/de\/wp-json\/wp\/v2\/product"}],"about":[{"href":"https:\/\/watchdeluxe.it\/de\/wp-json\/wp\/v2\/types\/product"}],"wp:featuredmedia":[{"embeddable":true,"href":"https:\/\/watchdeluxe.it\/de\/wp-json\/wp\/v2\/media\/15968"}],"wp:attachment":[{"href":"https:\/\/watchdeluxe.it\/de\/wp-json\/wp\/v2\/media?parent=71479"}],"wp:term":[{"taxonomy":"product_brand","embeddable":true,"href":"https:\/\/watchdeluxe.it\/de\/wp-json\/wp\/v2\/product_brand?post=71479"},{"taxonomy":"product_cat","embeddable":true,"href":"https:\/\/watchdeluxe.it\/de\/wp-json\/wp\/v2\/product_cat?post=71479"},{"taxonomy":"product_tag","embeddable":true,"href":"https:\/\/watchdeluxe.it\/de\/wp-json\/wp\/v2\/product_tag?post=71479"},{"taxonomy":"berocket_brand","embeddable":true,"href":"https:\/\/watchdeluxe.it\/de\/wp-json\/wp\/v2\/berocket_brand?post=71479"},{"taxonomy":"woo-feed-brand","embeddable":true,"href":"https:\/\/watchdeluxe.it\/de\/wp-json\/wp\/v2\/woo-feed-brand?post=71479"}],"curies":[{"name":"wp","href":"https:\/\/api.w.org\/{rel}","templated":true}]}}