{"id":71324,"date":"2023-03-20T13:50:36","date_gmt":"2023-03-20T12:50:36","guid":{"rendered":"https:\/\/watchdeluxe.it\/prodotto\/montblanc-stiftetui-ref-14309-schwarz\/"},"modified":"2026-04-08T18:47:05","modified_gmt":"2026-04-08T16:47:05","slug":"montblanc-stiftetasche-ref-14309-schwarz","status":"publish","type":"product","link":"https:\/\/watchdeluxe.it\/de\/prodotto\/montblanc-stiftetasche-ref-14309-schwarz\/","title":{"rendered":"Montblanc Stiftetui ref. 14309 Schwarz"},"content":{"rendered":"<div>\n<p>Etui f\u00fcr 1 Schreibger\u00e4t aus schwarzem, vollnarbigem Kalbsleder mit schwarzem Jacquard-Futter Europ\u00e4isches vollnarbiges Kalbsleder, exklusives Montblanc glossy black, Chromgerbung, Durchf\u00e4rbung Jacquard-Futter mit Montblanc-Logo. Montblanc-Logo in Palladium-Finish. Abmessungen: 3 x 16 cm<\/p>\n<\/div>\n<ul>\n<li>Material: Vollnarbiges italienisches Kalbsleder<\/li>\n<li>Abmessungen: 16,0 x 3,2 cm<\/li>\n<\/ul>\n","protected":false},"excerpt":{"rendered":"<p>Etui f\u00fcr 1 Schreibger\u00e4t aus schwarzem, vollnarbigem Kalbsleder mit schwarzem Jacquard-Futter Europ\u00e4isches vollnarbiges Kalbsleder, exklusives Montblanc glossy black, Chromgerbung, Durchf\u00e4rbung Jacquard-Futter mit Montblanc-Logo. Montblanc-Logo in Palladium-Finish. Abmessungen: 3 x 16 cm Material: Vollnarbiges italienisches Kalbsleder Abmessungen: 16,0 x 3,2 cm<\/p>\n","protected":false},"featured_media":165053,"template":"","meta":{"_crdt_document":"","advanced_seo_description":"","jetpack_seo_html_title":"","jetpack_seo_noindex":false},"product_brand":[],"product_cat":[2250],"product_tag":[2912],"berocket_brand":[],"woo-feed-brand":[],"class_list":{"0":"post-71324","1":"product","2":"type-product","3":"status-publish","4":"has-post-thumbnail","6":"product_cat-montblanc-de","7":"product_tag-falle","9":"first","10":"instock","11":"sale","12":"taxable","13":"shipping-taxable","14":"purchasable","15":"product-type-simple"},"bundled_by":[],"bundle_stock_status":"instock","bundle_stock_quantity":1,"bundle_virtual":false,"bundle_layout":"","bundle_add_to_cart_form_location":"","bundle_editable_in_cart":false,"bundle_sold_individually_context":"","bundle_item_grouping":"","bundle_min_size":"","bundle_max_size":"","bundle_price":[],"bundled_items":[],"bundle_sell_ids":[],"group_of_quantity":0,"min_quantity":0,"max_quantity":"","exclude_order_quantity_value_rules":"no","exclude_category_quantity_rules":"no","combine_variations":"no","jetpack_sharing_enabled":true,"jetpack_likes_enabled":true,"_links":{"self":[{"href":"https:\/\/watchdeluxe.it\/de\/wp-json\/wp\/v2\/product\/71324","targetHints":{"allow":["GET"]}}],"collection":[{"href":"https:\/\/watchdeluxe.it\/de\/wp-json\/wp\/v2\/product"}],"about":[{"href":"https:\/\/watchdeluxe.it\/de\/wp-json\/wp\/v2\/types\/product"}],"wp:featuredmedia":[{"embeddable":true,"href":"https:\/\/watchdeluxe.it\/de\/wp-json\/wp\/v2\/media\/165053"}],"wp:attachment":[{"href":"https:\/\/watchdeluxe.it\/de\/wp-json\/wp\/v2\/media?parent=71324"}],"wp:term":[{"taxonomy":"product_brand","embeddable":true,"href":"https:\/\/watchdeluxe.it\/de\/wp-json\/wp\/v2\/product_brand?post=71324"},{"taxonomy":"product_cat","embeddable":true,"href":"https:\/\/watchdeluxe.it\/de\/wp-json\/wp\/v2\/product_cat?post=71324"},{"taxonomy":"product_tag","embeddable":true,"href":"https:\/\/watchdeluxe.it\/de\/wp-json\/wp\/v2\/product_tag?post=71324"},{"taxonomy":"berocket_brand","embeddable":true,"href":"https:\/\/watchdeluxe.it\/de\/wp-json\/wp\/v2\/berocket_brand?post=71324"},{"taxonomy":"woo-feed-brand","embeddable":true,"href":"https:\/\/watchdeluxe.it\/de\/wp-json\/wp\/v2\/woo-feed-brand?post=71324"}],"curies":[{"name":"wp","href":"https:\/\/api.w.org\/{rel}","templated":true}]}}