{"id":70931,"date":"2023-03-20T13:52:03","date_gmt":"2023-03-20T12:52:03","guid":{"rendered":"https:\/\/watchdeluxe.it\/prodotto\/montblanc-brieftasche-ref-7163\/"},"modified":"2026-04-09T09:26:41","modified_gmt":"2026-04-09T07:26:41","slug":"montblanc-wallet-ref-7163","status":"publish","type":"product","link":"https:\/\/watchdeluxe.it\/de\/prodotto\/montblanc-wallet-ref-7163\/","title":{"rendered":"Montblanc Brieftasche Ref. 7163"},"content":{"rendered":"<div><\/div>\n<ul>\n<li>Au\u00dfenmaterial: Glattleder<\/li>\n<li>Futter: Nylon<\/li>\n<li>Verschluss: Kein Verschluss\/offen<\/li>\n<li>Materialzusammensetzung: Montblanc Leather Wallet: Metallic-Logo zwei Innenf\u00e4cher f\u00fcr Geldscheine acht Kreditkartenf\u00e4cher zwei vertikale F\u00e4cher Made in Germany.<\/li>\n<\/ul>\n","protected":false},"excerpt":{"rendered":"<p>Au\u00dfenmaterial: Glattleder Futter: Nylon Verschluss: Kein Verschluss\/offen Materialzusammensetzung: Montblanc Leather Wallet: Metallic-Logo zwei Innenf\u00e4cher f\u00fcr Geldscheine acht Kreditkartenf\u00e4cher zwei vertikale F\u00e4cher Made in Germany.<\/p>\n","protected":false},"featured_media":164948,"template":"","meta":{"_crdt_document":"","advanced_seo_description":"","jetpack_seo_html_title":"","jetpack_seo_noindex":false},"product_brand":[],"product_cat":[2250],"product_tag":[2346],"berocket_brand":[],"woo-feed-brand":[],"class_list":{"0":"post-70931","1":"product","2":"type-product","3":"status-publish","4":"has-post-thumbnail","6":"product_cat-montblanc-de","7":"product_tag-brieftasche","9":"first","10":"instock","11":"sale","12":"taxable","13":"shipping-taxable","14":"purchasable","15":"product-type-simple"},"bundled_by":[],"bundle_stock_status":"instock","bundle_stock_quantity":1,"bundle_virtual":false,"bundle_layout":"","bundle_add_to_cart_form_location":"","bundle_editable_in_cart":false,"bundle_sold_individually_context":"","bundle_item_grouping":"","bundle_min_size":"","bundle_max_size":"","bundle_price":[],"bundled_items":[],"bundle_sell_ids":[],"group_of_quantity":0,"min_quantity":0,"max_quantity":"","exclude_order_quantity_value_rules":"no","exclude_category_quantity_rules":"no","combine_variations":"no","jetpack_sharing_enabled":true,"jetpack_likes_enabled":true,"_links":{"self":[{"href":"https:\/\/watchdeluxe.it\/de\/wp-json\/wp\/v2\/product\/70931","targetHints":{"allow":["GET"]}}],"collection":[{"href":"https:\/\/watchdeluxe.it\/de\/wp-json\/wp\/v2\/product"}],"about":[{"href":"https:\/\/watchdeluxe.it\/de\/wp-json\/wp\/v2\/types\/product"}],"wp:featuredmedia":[{"embeddable":true,"href":"https:\/\/watchdeluxe.it\/de\/wp-json\/wp\/v2\/media\/164948"}],"wp:attachment":[{"href":"https:\/\/watchdeluxe.it\/de\/wp-json\/wp\/v2\/media?parent=70931"}],"wp:term":[{"taxonomy":"product_brand","embeddable":true,"href":"https:\/\/watchdeluxe.it\/de\/wp-json\/wp\/v2\/product_brand?post=70931"},{"taxonomy":"product_cat","embeddable":true,"href":"https:\/\/watchdeluxe.it\/de\/wp-json\/wp\/v2\/product_cat?post=70931"},{"taxonomy":"product_tag","embeddable":true,"href":"https:\/\/watchdeluxe.it\/de\/wp-json\/wp\/v2\/product_tag?post=70931"},{"taxonomy":"berocket_brand","embeddable":true,"href":"https:\/\/watchdeluxe.it\/de\/wp-json\/wp\/v2\/berocket_brand?post=70931"},{"taxonomy":"woo-feed-brand","embeddable":true,"href":"https:\/\/watchdeluxe.it\/de\/wp-json\/wp\/v2\/woo-feed-brand?post=70931"}],"curies":[{"name":"wp","href":"https:\/\/api.w.org\/{rel}","templated":true}]}}