{"id":70884,"date":"2023-03-20T13:52:32","date_gmt":"2023-03-20T12:52:32","guid":{"rendered":"https:\/\/watchdeluxe.it\/prodotto\/montblanc-meisterstueck-classic-kreditkartenetui-14-cm-schwarz-ref-118304\/"},"modified":"2026-04-07T11:45:25","modified_gmt":"2026-04-07T09:45:25","slug":"montblanc-meisterstuck-classic-credit-card-carrier-14-cm-schwarz-ref-118304","status":"publish","type":"product","link":"https:\/\/watchdeluxe.it\/de\/prodotto\/montblanc-meisterstuck-classic-credit-card-carrier-14-cm-schwarz-ref-118304\/","title":{"rendered":"Montblanc Meisterst\u00fcck Classic Kreditkartenetui, 14 cm, Schwarz Ref. 118304"},"content":{"rendered":"<div>\n<p>Eine au\u00dfergew\u00f6hnliche Mischung aus handwerklichem K\u00f6nnen und Leidenschaft f\u00fcr Exzellenz verwandelt sorgf\u00e4ltig ausgew\u00e4hltes Leder in raffinierte Montblanc Kreationen.<\/p>\n<p>Das Rohleder tr\u00e4gt die Spuren des Lebens der Tiere und erz\u00e4hlt ihre Geschichten in Form von Narben, die an K\u00e4mpfe erinnern, oder Zeichen der Zeit, die von der Lebensfreude unter freiem Himmel zeugen.<\/p>\n<p>Kalbs-, Hirsch-, Lammleder oder s\u00fcddeutsches Kalbsleder: Nur die edelsten, wertvollsten und makellosesten St\u00fccke werden ausgew\u00e4hlt, um Teil der Geschichte von Montblanc zu werden.<\/p>\n<\/div>\n<ul>\n<li>MST Vertikale Brieftasche 12cc ZipAround Sm Bk<\/li>\n<li>12 Kreditkartenf\u00e4cher<\/li>\n<li>Elegantes Design und hoher Tragekomfort<\/li>\n<li>Alle unsere Produkte sind mit einem Montblanc-Emblem gekennzeichnet<\/li>\n<li>Abmessungen: 7 x 14 x 2<\/li>\n<\/ul>\n","protected":false},"excerpt":{"rendered":"<p>Eine au\u00dfergew\u00f6hnliche Mischung aus handwerklichem K\u00f6nnen und Leidenschaft f\u00fcr Exzellenz verwandelt sorgf\u00e4ltig ausgew\u00e4hltes Leder in raffinierte Montblanc Kreationen. Das Rohleder tr\u00e4gt die Spuren des Lebens der Tiere und erz\u00e4hlt ihre Geschichten in Form von Narben, die an K\u00e4mpfe erinnern, oder Zeichen der Zeit, die von der Lebensfreude unter freiem Himmel zeugen. Kalbs-, Hirsch-, Lammleder oder [&hellip;]<\/p>\n","protected":false},"featured_media":169397,"template":"","meta":{"_crdt_document":"","advanced_seo_description":"","jetpack_seo_html_title":"","jetpack_seo_noindex":false},"product_brand":[],"product_cat":[2250],"product_tag":[2346],"berocket_brand":[],"woo-feed-brand":[],"class_list":{"0":"post-70884","1":"product","2":"type-product","3":"status-publish","4":"has-post-thumbnail","6":"product_cat-montblanc-de","7":"product_tag-brieftasche","9":"first","10":"instock","11":"sale","12":"taxable","13":"shipping-taxable","14":"purchasable","15":"product-type-simple"},"bundled_by":[],"bundle_stock_status":"instock","bundle_stock_quantity":1,"bundle_virtual":false,"bundle_layout":"","bundle_add_to_cart_form_location":"","bundle_editable_in_cart":false,"bundle_sold_individually_context":"","bundle_item_grouping":"","bundle_min_size":"","bundle_max_size":"","bundle_price":[],"bundled_items":[],"bundle_sell_ids":[],"group_of_quantity":0,"min_quantity":0,"max_quantity":"","exclude_order_quantity_value_rules":"no","exclude_category_quantity_rules":"no","combine_variations":"no","jetpack_sharing_enabled":true,"jetpack_likes_enabled":true,"_links":{"self":[{"href":"https:\/\/watchdeluxe.it\/de\/wp-json\/wp\/v2\/product\/70884","targetHints":{"allow":["GET"]}}],"collection":[{"href":"https:\/\/watchdeluxe.it\/de\/wp-json\/wp\/v2\/product"}],"about":[{"href":"https:\/\/watchdeluxe.it\/de\/wp-json\/wp\/v2\/types\/product"}],"wp:featuredmedia":[{"embeddable":true,"href":"https:\/\/watchdeluxe.it\/de\/wp-json\/wp\/v2\/media\/169397"}],"wp:attachment":[{"href":"https:\/\/watchdeluxe.it\/de\/wp-json\/wp\/v2\/media?parent=70884"}],"wp:term":[{"taxonomy":"product_brand","embeddable":true,"href":"https:\/\/watchdeluxe.it\/de\/wp-json\/wp\/v2\/product_brand?post=70884"},{"taxonomy":"product_cat","embeddable":true,"href":"https:\/\/watchdeluxe.it\/de\/wp-json\/wp\/v2\/product_cat?post=70884"},{"taxonomy":"product_tag","embeddable":true,"href":"https:\/\/watchdeluxe.it\/de\/wp-json\/wp\/v2\/product_tag?post=70884"},{"taxonomy":"berocket_brand","embeddable":true,"href":"https:\/\/watchdeluxe.it\/de\/wp-json\/wp\/v2\/berocket_brand?post=70884"},{"taxonomy":"woo-feed-brand","embeddable":true,"href":"https:\/\/watchdeluxe.it\/de\/wp-json\/wp\/v2\/woo-feed-brand?post=70884"}],"curies":[{"name":"wp","href":"https:\/\/api.w.org\/{rel}","templated":true}]}}