{"id":70825,"date":"2023-03-20T13:52:51","date_gmt":"2023-03-20T12:52:51","guid":{"rendered":"https:\/\/watchdeluxe.it\/prodotto\/montblanc-meisterstueck-kreditkartenetui-12-zentimeter-schwarz-ref-2665\/"},"modified":"2026-04-14T14:05:00","modified_gmt":"2026-04-14T12:05:00","slug":"montblanc-meisterstuck-credit-kartenhalter-12-zentimeter-schwarz-ref-2665","status":"publish","type":"product","link":"https:\/\/watchdeluxe.it\/de\/prodotto\/montblanc-meisterstuck-credit-kartenhalter-12-zentimeter-schwarz-ref-2665\/","title":{"rendered":"Montblanc Meisterst\u00fcck Kreditkartenetui 12 Zentimeter schwarz Ref. 2665"},"content":{"rendered":"<div>\n<p>4 Kreditkartenf\u00e4cher + 3 Extraf\u00e4cher + herausnehmbares Sichtfach f\u00fcr den PersonalausweisMONTBLANC 4-POCKET POCKET CASE MEISTERSTUCK POCKET CARD HOLDER 2665Das Meisterst\u00fcck Pocket-Kreditkartenetui ist aus vollnarbigem Rindsleder mit exklusivem Montblanc Glanzeffekt gefertigt. Dieses luxuri\u00f6se schwarze Kreditkartenetui f\u00fcr Herren ist eine Kreation der Meisterst\u00fcck Collection und repr\u00e4sentiert die historische Tradition der Handwerkskunst mit feinstem Leder und dem Montblanc Emblem mit Palladium-Finish-Ring. Dieser kleine, aber funktionelle Kreditkartenhalter verf\u00fcgt \u00fcber 4 Kreditkartenf\u00e4cher, 3 zus\u00e4tzliche F\u00e4cher und ein herausnehmbares transparentes Ausweisfach zur Aufbewahrung Ihrer wichtigsten Dokumente. Mit seinen kompakten Ma\u00dfen von 9 x 12 cm ist er der perfekte Alltagsbegleiter.Ident : 2665Farbe : SchwarzInneneinteilung: 4 Kreditkartenf\u00e4cher, 3 Extraf\u00e4cherAbmessungen : 9 x 12 cm<\/p>\n<\/div>\n<ul>\n<li>Kreditkarteninhaber<\/li>\n<li>Leder<\/li>\n<li>montblanc<\/li>\n<\/ul>\n","protected":false},"excerpt":{"rendered":"<p>4 Kreditkartenf\u00e4cher + 3 Extraf\u00e4cher + herausnehmbares Sichtfach f\u00fcr den PersonalausweisMONTBLANC 4-POCKET POCKET CASE MEISTERSTUCK POCKET CARD HOLDER 2665Das Meisterst\u00fcck Pocket-Kreditkartenetui ist aus vollnarbigem Rindsleder mit exklusivem Montblanc Glanzeffekt gefertigt. Dieses luxuri\u00f6se schwarze Kreditkartenetui f\u00fcr Herren ist eine Kreation der Meisterst\u00fcck Collection und repr\u00e4sentiert die historische Tradition der Handwerkskunst mit feinstem Leder und dem Montblanc [&hellip;]<\/p>\n","protected":false},"featured_media":25067,"template":"","meta":{"_crdt_document":"","advanced_seo_description":"","jetpack_seo_html_title":"","jetpack_seo_noindex":false},"product_brand":[],"product_cat":[2250],"product_tag":[2346],"berocket_brand":[],"woo-feed-brand":[],"class_list":{"0":"post-70825","1":"product","2":"type-product","3":"status-publish","4":"has-post-thumbnail","6":"product_cat-montblanc-de","7":"product_tag-brieftasche","9":"first","10":"instock","11":"sale","12":"taxable","13":"shipping-taxable","14":"purchasable","15":"product-type-simple"},"bundled_by":[],"bundle_stock_status":"instock","bundle_stock_quantity":1,"bundle_virtual":false,"bundle_layout":"","bundle_add_to_cart_form_location":"","bundle_editable_in_cart":false,"bundle_sold_individually_context":"","bundle_item_grouping":"","bundle_min_size":"","bundle_max_size":"","bundle_price":[],"bundled_items":[],"bundle_sell_ids":[],"group_of_quantity":0,"min_quantity":0,"max_quantity":"","exclude_order_quantity_value_rules":"no","exclude_category_quantity_rules":"no","combine_variations":"no","jetpack_sharing_enabled":true,"jetpack_likes_enabled":true,"_links":{"self":[{"href":"https:\/\/watchdeluxe.it\/de\/wp-json\/wp\/v2\/product\/70825","targetHints":{"allow":["GET"]}}],"collection":[{"href":"https:\/\/watchdeluxe.it\/de\/wp-json\/wp\/v2\/product"}],"about":[{"href":"https:\/\/watchdeluxe.it\/de\/wp-json\/wp\/v2\/types\/product"}],"wp:featuredmedia":[{"embeddable":true,"href":"https:\/\/watchdeluxe.it\/de\/wp-json\/wp\/v2\/media\/25067"}],"wp:attachment":[{"href":"https:\/\/watchdeluxe.it\/de\/wp-json\/wp\/v2\/media?parent=70825"}],"wp:term":[{"taxonomy":"product_brand","embeddable":true,"href":"https:\/\/watchdeluxe.it\/de\/wp-json\/wp\/v2\/product_brand?post=70825"},{"taxonomy":"product_cat","embeddable":true,"href":"https:\/\/watchdeluxe.it\/de\/wp-json\/wp\/v2\/product_cat?post=70825"},{"taxonomy":"product_tag","embeddable":true,"href":"https:\/\/watchdeluxe.it\/de\/wp-json\/wp\/v2\/product_tag?post=70825"},{"taxonomy":"berocket_brand","embeddable":true,"href":"https:\/\/watchdeluxe.it\/de\/wp-json\/wp\/v2\/berocket_brand?post=70825"},{"taxonomy":"woo-feed-brand","embeddable":true,"href":"https:\/\/watchdeluxe.it\/de\/wp-json\/wp\/v2\/woo-feed-brand?post=70825"}],"curies":[{"name":"wp","href":"https:\/\/api.w.org\/{rel}","templated":true}]}}