{"id":70795,"date":"2023-03-20T13:53:00","date_gmt":"2023-03-20T12:53:00","guid":{"rendered":"https:\/\/watchdeluxe.it\/prodotto\/montblanc-meisterstuck-visitenkartenetui-14108\/"},"modified":"2026-01-16T13:05:18","modified_gmt":"2026-01-16T12:05:18","slug":"montblanc-meisterstuck-business-kartenhalter-14108-von-montblanc","status":"publish","type":"product","link":"https:\/\/watchdeluxe.it\/de\/prodotto\/montblanc-meisterstuck-business-kartenhalter-14108-von-montblanc\/","title":{"rendered":"Montblanc Meisterstuck Visitenkartenetui 14108"},"content":{"rendered":"<p>Aus schwarzem, vollnarbigem Leder. Aus Rindsleder; Montblanc Emblem mit palladiumbeschichtetem Ring; Jacquard-Futter mit Montblanc Schriftzug; Visitenkartenfach; 2 Kreditkartenf\u00e4cher mit einem zus\u00e4tzlichen Fach. Wird in Schachtel und Staubbeutel geliefert; Ma\u00dfe: 2 3\/4 Zoll x 4 1\/3 Zoll<\/p>\n<p>Montblanc Meisterstuck Visitenkartenetui 14108<br \/>\nEine Gr\u00f6\u00dfe f\u00fcr alle<br \/>\nSchwarz<\/p>\n","protected":false},"excerpt":{"rendered":"<p>Aus schwarzem, vollnarbigem Leder. Aus Rindsleder; Montblanc Emblem mit palladiumbeschichtetem Ring; Jacquard-Futter mit Montblanc Schriftzug; Visitenkartenfach; 2 Kreditkartenf\u00e4cher mit einem zus\u00e4tzlichen Fach. Wird in Schachtel und Staubbeutel geliefert; Ma\u00dfe: 2 3\/4 Zoll x 4 1\/3 Zoll Montblanc Meisterstuck Visitenkartenetui 14108 Eine Gr\u00f6\u00dfe f\u00fcr alle Schwarz<\/p>\n","protected":false},"featured_media":165059,"template":"","meta":{"_crdt_document":"","advanced_seo_description":"","jetpack_seo_html_title":"","jetpack_seo_noindex":false},"product_brand":[],"product_cat":[2250,2332],"product_tag":[2346],"berocket_brand":[],"woo-feed-brand":[],"class_list":{"0":"post-70795","1":"product","2":"type-product","3":"status-publish","4":"has-post-thumbnail","6":"product_cat-montblanc-de","7":"product_cat-schaufenster","8":"product_tag-brieftasche","10":"first","11":"instock","12":"sale","13":"taxable","14":"shipping-taxable","15":"purchasable","16":"product-type-simple"},"bundled_by":[],"bundle_stock_status":"instock","bundle_stock_quantity":1,"bundle_virtual":false,"bundle_layout":"","bundle_add_to_cart_form_location":"","bundle_editable_in_cart":false,"bundle_sold_individually_context":"","bundle_item_grouping":"","bundle_min_size":"","bundle_max_size":"","bundle_price":[],"bundled_items":[],"bundle_sell_ids":[],"group_of_quantity":0,"min_quantity":0,"max_quantity":"","exclude_order_quantity_value_rules":"no","exclude_category_quantity_rules":"no","combine_variations":"no","jetpack_sharing_enabled":true,"jetpack_likes_enabled":true,"_links":{"self":[{"href":"https:\/\/watchdeluxe.it\/de\/wp-json\/wp\/v2\/product\/70795","targetHints":{"allow":["GET"]}}],"collection":[{"href":"https:\/\/watchdeluxe.it\/de\/wp-json\/wp\/v2\/product"}],"about":[{"href":"https:\/\/watchdeluxe.it\/de\/wp-json\/wp\/v2\/types\/product"}],"wp:featuredmedia":[{"embeddable":true,"href":"https:\/\/watchdeluxe.it\/de\/wp-json\/wp\/v2\/media\/165059"}],"wp:attachment":[{"href":"https:\/\/watchdeluxe.it\/de\/wp-json\/wp\/v2\/media?parent=70795"}],"wp:term":[{"taxonomy":"product_brand","embeddable":true,"href":"https:\/\/watchdeluxe.it\/de\/wp-json\/wp\/v2\/product_brand?post=70795"},{"taxonomy":"product_cat","embeddable":true,"href":"https:\/\/watchdeluxe.it\/de\/wp-json\/wp\/v2\/product_cat?post=70795"},{"taxonomy":"product_tag","embeddable":true,"href":"https:\/\/watchdeluxe.it\/de\/wp-json\/wp\/v2\/product_tag?post=70795"},{"taxonomy":"berocket_brand","embeddable":true,"href":"https:\/\/watchdeluxe.it\/de\/wp-json\/wp\/v2\/berocket_brand?post=70795"},{"taxonomy":"woo-feed-brand","embeddable":true,"href":"https:\/\/watchdeluxe.it\/de\/wp-json\/wp\/v2\/woo-feed-brand?post=70795"}],"curies":[{"name":"wp","href":"https:\/\/api.w.org\/{rel}","templated":true}]}}