{"id":70563,"date":"2023-03-20T13:53:57","date_gmt":"2023-03-20T12:53:57","guid":{"rendered":"https:\/\/watchdeluxe.it\/prodotto\/montblanc-starwalker-stylus-f-kugelschreiber-ref-8481\/"},"modified":"2026-04-07T11:11:27","modified_gmt":"2026-04-07T09:11:27","slug":"montblanc-pen-starwalker-stilo-f-ref-8481","status":"publish","type":"product","link":"https:\/\/watchdeluxe.it\/de\/prodotto\/montblanc-pen-starwalker-stilo-f-ref-8481\/","title":{"rendered":"Montblanc Starwalker Stylus F Kugelschreiber Ref. 8481"},"content":{"rendered":"<p>Montblanc Starwalker Stylus F Kugelschreiber Ref. 8481<\/p>\n<p>Das Design des Starwalker-Kugelschreibers ist von der Weltraumforschung inspiriert: Der schwarz gl\u00e4nzende Korpus erinnert an die Dunkelheit des Kosmos, der Clip in Form eines Raumschiffs an eine futuristische Vision. Dieses einzigartige Design hebt sich von den anderen ab und zieht die Blicke auf sich.<\/p>\n<p>Der Starwalker-Stift ist mit einer F-Spitze ausgestattet, die ein fl\u00fcssiges und pr\u00e4zises Schreiben erm\u00f6glicht. Der Stift ist mit platinierten Metalldetails versehen, die ihm einen Hauch von Eleganz und Raffinesse verleihen. Der Schriftzug Montblanc&#8221; ist auf der Kappe eingraviert, ein Symbol f\u00fcr Prestige und Qualit\u00e4t.<\/p>\n<p>&nbsp;<\/p>\n<p>&nbsp;<\/p>\n","protected":false},"excerpt":{"rendered":"<p>Montblanc Starwalker Stylus F Kugelschreiber Ref. 8481 Das Design des Starwalker-Kugelschreibers ist von der Weltraumforschung inspiriert: Der schwarz gl\u00e4nzende Korpus erinnert an die Dunkelheit des Kosmos, der Clip in Form eines Raumschiffs an eine futuristische Vision. Dieses einzigartige Design hebt sich von den anderen ab und zieht die Blicke auf sich. Der Starwalker-Stift ist mit [&hellip;]<\/p>\n","protected":false},"featured_media":24806,"template":"","meta":{"_crdt_document":"","advanced_seo_description":"","jetpack_seo_html_title":"","jetpack_seo_noindex":false},"product_brand":[],"product_cat":[2250],"product_tag":[4004],"berocket_brand":[],"woo-feed-brand":[],"class_list":{"0":"post-70563","1":"product","2":"type-product","3":"status-publish","4":"has-post-thumbnail","6":"product_cat-montblanc-de","7":"product_tag-penne-de","9":"first","10":"instock","11":"sale","12":"taxable","13":"shipping-taxable","14":"purchasable","15":"product-type-simple"},"bundled_by":[],"bundle_stock_status":"instock","bundle_stock_quantity":1,"bundle_virtual":false,"bundle_layout":"","bundle_add_to_cart_form_location":"","bundle_editable_in_cart":false,"bundle_sold_individually_context":"","bundle_item_grouping":"","bundle_min_size":"","bundle_max_size":"","bundle_price":[],"bundled_items":[],"bundle_sell_ids":[],"group_of_quantity":0,"min_quantity":0,"max_quantity":"","exclude_order_quantity_value_rules":"no","exclude_category_quantity_rules":"no","combine_variations":"no","jetpack_sharing_enabled":true,"jetpack_likes_enabled":true,"_links":{"self":[{"href":"https:\/\/watchdeluxe.it\/de\/wp-json\/wp\/v2\/product\/70563","targetHints":{"allow":["GET"]}}],"collection":[{"href":"https:\/\/watchdeluxe.it\/de\/wp-json\/wp\/v2\/product"}],"about":[{"href":"https:\/\/watchdeluxe.it\/de\/wp-json\/wp\/v2\/types\/product"}],"wp:featuredmedia":[{"embeddable":true,"href":"https:\/\/watchdeluxe.it\/de\/wp-json\/wp\/v2\/media\/24806"}],"wp:attachment":[{"href":"https:\/\/watchdeluxe.it\/de\/wp-json\/wp\/v2\/media?parent=70563"}],"wp:term":[{"taxonomy":"product_brand","embeddable":true,"href":"https:\/\/watchdeluxe.it\/de\/wp-json\/wp\/v2\/product_brand?post=70563"},{"taxonomy":"product_cat","embeddable":true,"href":"https:\/\/watchdeluxe.it\/de\/wp-json\/wp\/v2\/product_cat?post=70563"},{"taxonomy":"product_tag","embeddable":true,"href":"https:\/\/watchdeluxe.it\/de\/wp-json\/wp\/v2\/product_tag?post=70563"},{"taxonomy":"berocket_brand","embeddable":true,"href":"https:\/\/watchdeluxe.it\/de\/wp-json\/wp\/v2\/berocket_brand?post=70563"},{"taxonomy":"woo-feed-brand","embeddable":true,"href":"https:\/\/watchdeluxe.it\/de\/wp-json\/wp\/v2\/woo-feed-brand?post=70563"}],"curies":[{"name":"wp","href":"https:\/\/api.w.org\/{rel}","templated":true}]}}