{"id":70528,"date":"2023-03-20T13:54:12","date_gmt":"2023-03-20T12:54:12","guid":{"rendered":"https:\/\/watchdeluxe.it\/prodotto\/montblanc-106653-kreditkartenetui-6-faecher-schwarz\/"},"modified":"2025-09-03T19:16:17","modified_gmt":"2025-09-03T17:16:17","slug":"montblanc-106653-kreditkartenhalter-6-facher-schwarz","status":"publish","type":"product","link":"https:\/\/watchdeluxe.it\/de\/prodotto\/montblanc-106653-kreditkartenhalter-6-facher-schwarz\/","title":{"rendered":"Montblanc 106653 Kreditkartenetui, 6 F\u00e4cher, schwarz"},"content":{"rendered":"<div>\n<p>Die Meisterstueck Pocket 6cc ist aus schwarzem, vollnarbigem Kalbsleder und schwarzem Jacquard-Futter mit Montblanc Schriftzug gefertigt. Als Teil der legend\u00e4ren Meisterstueck-Kollektion steht dieser schwarze Taschenhalter f\u00fcr die lange Tradition der Herstellung von Produkten aus erstklassigen Materialien und mit h\u00f6chster Handwerkskunst. Mit 6 F\u00e4chern f\u00fcr Kredit- oder Visitenkarten und einem zus\u00e4tzlichen Fach ist sie der perfekte Begleiter f\u00fcr den Alltag.<\/p>\n<\/div>\n<ul>\n<li>Abmessungen: 10 x 0,5 x 8 cm<\/li>\n<li>Leder: Europ\u00e4isches vollnarbiges Rindsleder mit einzigartigem Montblanc Tiefenglanz, chromgegerbt, durchgef\u00e4rbt<\/li>\n<li>Die Gewichtsabweichung bei Diamanten betr\u00e4gt +\/- 6%.<\/li>\n<\/ul>\n","protected":false},"excerpt":{"rendered":"<p>Die Meisterstueck Pocket 6cc ist aus schwarzem, vollnarbigem Kalbsleder und schwarzem Jacquard-Futter mit Montblanc Schriftzug gefertigt. Als Teil der legend\u00e4ren Meisterstueck-Kollektion steht dieser schwarze Taschenhalter f\u00fcr die lange Tradition der Herstellung von Produkten aus erstklassigen Materialien und mit h\u00f6chster Handwerkskunst. Mit 6 F\u00e4chern f\u00fcr Kredit- oder Visitenkarten und einem zus\u00e4tzlichen Fach ist sie der perfekte [&hellip;]<\/p>\n","protected":false},"featured_media":60105,"template":"","meta":{"_crdt_document":"","advanced_seo_description":"","jetpack_seo_html_title":"","jetpack_seo_noindex":false,"jetpack_post_was_ever_published":false},"product_brand":[],"product_cat":[2250],"product_tag":[3998],"berocket_brand":[],"woo-feed-brand":[],"class_list":{"0":"post-70528","1":"product","2":"type-product","3":"status-publish","4":"has-post-thumbnail","6":"product_cat-montblanc-de","7":"product_tag-brieftasche-de","9":"first","10":"instock","11":"sale","12":"taxable","13":"shipping-taxable","14":"purchasable","15":"product-type-simple"},"bundled_by":[],"bundle_stock_status":"instock","bundle_stock_quantity":2,"bundle_virtual":false,"bundle_layout":"","bundle_add_to_cart_form_location":"","bundle_editable_in_cart":false,"bundle_sold_individually_context":"","bundle_item_grouping":"","bundle_min_size":"","bundle_max_size":"","bundle_price":[],"bundled_items":[],"bundle_sell_ids":[],"group_of_quantity":0,"min_quantity":0,"max_quantity":"","exclude_order_quantity_value_rules":"no","exclude_category_quantity_rules":"no","combine_variations":"no","exclude_global_add_ons":[],"addons":[],"jetpack_sharing_enabled":true,"jetpack_likes_enabled":true,"_links":{"self":[{"href":"https:\/\/watchdeluxe.it\/de\/wp-json\/wp\/v2\/product\/70528","targetHints":{"allow":["GET"]}}],"collection":[{"href":"https:\/\/watchdeluxe.it\/de\/wp-json\/wp\/v2\/product"}],"about":[{"href":"https:\/\/watchdeluxe.it\/de\/wp-json\/wp\/v2\/types\/product"}],"wp:featuredmedia":[{"embeddable":true,"href":"https:\/\/watchdeluxe.it\/de\/wp-json\/wp\/v2\/media\/60105"}],"wp:attachment":[{"href":"https:\/\/watchdeluxe.it\/de\/wp-json\/wp\/v2\/media?parent=70528"}],"wp:term":[{"taxonomy":"product_brand","embeddable":true,"href":"https:\/\/watchdeluxe.it\/de\/wp-json\/wp\/v2\/product_brand?post=70528"},{"taxonomy":"product_cat","embeddable":true,"href":"https:\/\/watchdeluxe.it\/de\/wp-json\/wp\/v2\/product_cat?post=70528"},{"taxonomy":"product_tag","embeddable":true,"href":"https:\/\/watchdeluxe.it\/de\/wp-json\/wp\/v2\/product_tag?post=70528"},{"taxonomy":"berocket_brand","embeddable":true,"href":"https:\/\/watchdeluxe.it\/de\/wp-json\/wp\/v2\/berocket_brand?post=70528"},{"taxonomy":"woo-feed-brand","embeddable":true,"href":"https:\/\/watchdeluxe.it\/de\/wp-json\/wp\/v2\/woo-feed-brand?post=70528"}],"curies":[{"name":"wp","href":"https:\/\/api.w.org\/{rel}","templated":true}]}}