{"id":70503,"date":"2023-03-20T13:54:11","date_gmt":"2023-03-20T12:54:11","guid":{"rendered":"https:\/\/watchdeluxe.it\/prodotto\/montblanc-classique-fountain-145-klassischer-fuellfederhalter-ref-106514\/"},"modified":"2026-01-21T17:43:00","modified_gmt":"2026-01-21T16:43:00","slug":"montblanc-klassischer-brunnen-145-stylographischer-stift-ref-106514","status":"publish","type":"product","link":"https:\/\/watchdeluxe.it\/de\/prodotto\/montblanc-klassischer-brunnen-145-stylographischer-stift-ref-106514\/","title":{"rendered":"Montblanc Classique Fountain 145 &#8211; Klassischer F\u00fcllfederhalter Ref. 106514"},"content":{"rendered":"<p>Dieser brillante Montblanc F\u00fcllfederhalter aus schwarzem Harz, hergestellt f\u00fcr Unisex, vergoldet Meisterstueck Classique Line M 106514<\/p>\n<p>F\u00fcllfederhalter mit Kolbenkonverter<br \/>\nClip: Vergoldeter Clip mit individueller Seriennummer<br \/>\nTrommel: schwarzes Edelharz<br \/>\nKappe: Schwarzes Edelharz mit Montblanc Emblem als Intarsie<br \/>\nFeder: Handgefertigte Au585 \/ 14 K Goldfeder mit rhodinierter Einlage<\/p>\n","protected":false},"excerpt":{"rendered":"<p>Dieser brillante Montblanc F\u00fcllfederhalter aus schwarzem Harz, hergestellt f\u00fcr Unisex, vergoldet Meisterstueck Classique Line M 106514 F\u00fcllfederhalter mit Kolbenkonverter Clip: Vergoldeter Clip mit individueller Seriennummer Trommel: schwarzes Edelharz Kappe: Schwarzes Edelharz mit Montblanc Emblem als Intarsie Feder: Handgefertigte Au585 \/ 14 K Goldfeder mit rhodinierter Einlage<\/p>\n","protected":false},"featured_media":169270,"template":"","meta":{"_crdt_document":"","advanced_seo_description":"","jetpack_seo_html_title":"","jetpack_seo_noindex":false},"product_brand":[],"product_cat":[2250],"product_tag":[4004],"berocket_brand":[],"woo-feed-brand":[],"class_list":{"0":"post-70503","1":"product","2":"type-product","3":"status-publish","4":"has-post-thumbnail","6":"product_cat-montblanc-de","7":"product_tag-penne-de","9":"first","10":"instock","11":"sale","12":"taxable","13":"shipping-taxable","14":"purchasable","15":"product-type-simple"},"bundled_by":[],"bundle_stock_status":"instock","bundle_stock_quantity":1,"bundle_virtual":false,"bundle_layout":"","bundle_add_to_cart_form_location":"","bundle_editable_in_cart":false,"bundle_sold_individually_context":"","bundle_item_grouping":"","bundle_min_size":"","bundle_max_size":"","bundle_price":[],"bundled_items":[],"bundle_sell_ids":[],"group_of_quantity":0,"min_quantity":0,"max_quantity":"","exclude_order_quantity_value_rules":"no","exclude_category_quantity_rules":"no","combine_variations":"no","jetpack_sharing_enabled":true,"jetpack_likes_enabled":true,"_links":{"self":[{"href":"https:\/\/watchdeluxe.it\/de\/wp-json\/wp\/v2\/product\/70503","targetHints":{"allow":["GET"]}}],"collection":[{"href":"https:\/\/watchdeluxe.it\/de\/wp-json\/wp\/v2\/product"}],"about":[{"href":"https:\/\/watchdeluxe.it\/de\/wp-json\/wp\/v2\/types\/product"}],"wp:featuredmedia":[{"embeddable":true,"href":"https:\/\/watchdeluxe.it\/de\/wp-json\/wp\/v2\/media\/169270"}],"wp:attachment":[{"href":"https:\/\/watchdeluxe.it\/de\/wp-json\/wp\/v2\/media?parent=70503"}],"wp:term":[{"taxonomy":"product_brand","embeddable":true,"href":"https:\/\/watchdeluxe.it\/de\/wp-json\/wp\/v2\/product_brand?post=70503"},{"taxonomy":"product_cat","embeddable":true,"href":"https:\/\/watchdeluxe.it\/de\/wp-json\/wp\/v2\/product_cat?post=70503"},{"taxonomy":"product_tag","embeddable":true,"href":"https:\/\/watchdeluxe.it\/de\/wp-json\/wp\/v2\/product_tag?post=70503"},{"taxonomy":"berocket_brand","embeddable":true,"href":"https:\/\/watchdeluxe.it\/de\/wp-json\/wp\/v2\/berocket_brand?post=70503"},{"taxonomy":"woo-feed-brand","embeddable":true,"href":"https:\/\/watchdeluxe.it\/de\/wp-json\/wp\/v2\/woo-feed-brand?post=70503"}],"curies":[{"name":"wp","href":"https:\/\/api.w.org\/{rel}","templated":true}]}}