{"id":69894,"date":"2023-03-17T09:56:42","date_gmt":"2023-03-17T08:56:42","guid":{"rendered":"https:\/\/watchdeluxe.it\/prodotto\/hamilton-ventura-automatik-ref-h24515521\/"},"modified":"2026-04-06T04:37:00","modified_gmt":"2026-04-06T02:37:00","slug":"hamilton-ventura-automatico-ref-h24515521","status":"publish","type":"product","link":"https:\/\/watchdeluxe.it\/de\/prodotto\/hamilton-ventura-automatico-ref-h24515521\/","title":{"rendered":"Hamilton Ventura Automatik, Ref. H24515521"},"content":{"rendered":"<p>Hamilton Ventura Automatik, Ref. H24515521<\/p>\n<ul>\n<li class=\"col col-1-2-m watch\">\n<h4>Uhr<\/h4>\n<p>Aktenzeichen: H24515521<br \/>\nKaliber : H-10<br \/>\nSammlung: Ventura<br \/>\nUhrwerk : Automatischer Aufzug<br \/>\nAbmessungen des Geh\u00e4uses: 34,7 mm x 53,5 mm<br \/>\nFarbe des Zifferblatts : Beige<br \/>\nGeh\u00e4usematerial: Stahl<br \/>\nGlas : Saphir<br \/>\nBreite der Schleife: 21 mm<br \/>\nWasserdichtigkeit: 5 bar (50m)<br \/>\nSichtbare R\u00fcckseite : Ja<\/li>\n<li class=\"col col-1-2-m strap\">\n<h4>Armband\/Riemen<\/h4>\n<p>Zubeh\u00f6r REF : H600.245.101<br \/>\nBandtyp : Kalbsleder<br \/>\nSchnalle Typ : Schmetterling<br \/>\nSchnalle Breite : 18mm<\/li>\n<\/ul>\n","protected":false},"excerpt":{"rendered":"<p>Hamilton Ventura Automatik, Ref. H24515521 Uhr Aktenzeichen: H24515521 Kaliber : H-10 Sammlung: Ventura Uhrwerk : Automatischer Aufzug Abmessungen des Geh\u00e4uses: 34,7 mm x 53,5 mm Farbe des Zifferblatts : Beige Geh\u00e4usematerial: Stahl Glas : Saphir Breite der Schleife: 21 mm Wasserdichtigkeit: 5 bar (50m) Sichtbare R\u00fcckseite : Ja Armband\/Riemen Zubeh\u00f6r REF : H600.245.101 Bandtyp : [&hellip;]<\/p>\n","protected":false},"featured_media":166727,"template":"","meta":{"_crdt_document":"","advanced_seo_description":"","jetpack_seo_html_title":"","jetpack_seo_noindex":false},"product_brand":[],"product_cat":[2303],"product_tag":[2777],"berocket_brand":[],"woo-feed-brand":[],"class_list":{"0":"post-69894","1":"product","2":"type-product","3":"status-publish","4":"has-post-thumbnail","6":"product_cat-hamilton-de","7":"product_tag-ventura-de","9":"first","10":"outofstock","11":"sale","12":"taxable","13":"shipping-taxable","14":"purchasable","15":"product-type-simple"},"bundled_by":[],"bundle_stock_status":"outofstock","bundle_stock_quantity":0,"bundle_virtual":false,"bundle_layout":"","bundle_add_to_cart_form_location":"","bundle_editable_in_cart":false,"bundle_sold_individually_context":"","bundle_item_grouping":"","bundle_min_size":"","bundle_max_size":"","bundle_price":[],"bundled_items":[],"bundle_sell_ids":[],"group_of_quantity":0,"min_quantity":0,"max_quantity":"","exclude_order_quantity_value_rules":"no","exclude_category_quantity_rules":"no","combine_variations":"no","jetpack_sharing_enabled":true,"jetpack_likes_enabled":true,"_links":{"self":[{"href":"https:\/\/watchdeluxe.it\/de\/wp-json\/wp\/v2\/product\/69894","targetHints":{"allow":["GET"]}}],"collection":[{"href":"https:\/\/watchdeluxe.it\/de\/wp-json\/wp\/v2\/product"}],"about":[{"href":"https:\/\/watchdeluxe.it\/de\/wp-json\/wp\/v2\/types\/product"}],"wp:featuredmedia":[{"embeddable":true,"href":"https:\/\/watchdeluxe.it\/de\/wp-json\/wp\/v2\/media\/166727"}],"wp:attachment":[{"href":"https:\/\/watchdeluxe.it\/de\/wp-json\/wp\/v2\/media?parent=69894"}],"wp:term":[{"taxonomy":"product_brand","embeddable":true,"href":"https:\/\/watchdeluxe.it\/de\/wp-json\/wp\/v2\/product_brand?post=69894"},{"taxonomy":"product_cat","embeddable":true,"href":"https:\/\/watchdeluxe.it\/de\/wp-json\/wp\/v2\/product_cat?post=69894"},{"taxonomy":"product_tag","embeddable":true,"href":"https:\/\/watchdeluxe.it\/de\/wp-json\/wp\/v2\/product_tag?post=69894"},{"taxonomy":"berocket_brand","embeddable":true,"href":"https:\/\/watchdeluxe.it\/de\/wp-json\/wp\/v2\/berocket_brand?post=69894"},{"taxonomy":"woo-feed-brand","embeddable":true,"href":"https:\/\/watchdeluxe.it\/de\/wp-json\/wp\/v2\/woo-feed-brand?post=69894"}],"curies":[{"name":"wp","href":"https:\/\/api.w.org\/{rel}","templated":true}]}}