{"id":68772,"date":"2023-03-22T10:36:37","date_gmt":"2023-03-22T09:36:37","guid":{"rendered":"https:\/\/watchdeluxe.it\/prodotto\/baume-mercier-classima-ref-m0a08485\/"},"modified":"2026-04-13T11:57:46","modified_gmt":"2026-04-13T09:57:46","slug":"baume-mercier-classima-ref-m0a08485","status":"publish","type":"product","link":"https:\/\/watchdeluxe.it\/de\/prodotto\/baume-mercier-classima-ref-m0a08485\/","title":{"rendered":"BAUME &amp; MERCIER CLASSIMA REF. M0A08485"},"content":{"rendered":"<p>BAUME &amp; MERCIER CLASSIMA REF. M0A08485<\/p>\n<div id=\"blk_77083\" class=\"main-col-dx col-md-9 col-sm-8 col-xs-12\">\n<div id=\"contenuto_494991\" class=\"cnt\">\n<div id=\"catWrapperOutput\" class=\"cat_wrapper_output cat_wrapper_prodotto\">\n<div class=\"highslide-gallery\">\n<div id=\"scheda-prodotto\">\n<div class=\"row contSubScheda\">\n<div class=\"col-xs-12 col-sm-6 col-md-5\">\n<div class=\"sxSub\">Diese unverzichtbare Interpretation der Classima-Uhr mit ihrem \u00e4u\u00dferst schlichten Design und einem sehr schlanken Stahlgeh\u00e4use mit 42 mm Durchmesser entspricht dem Zeitgeschmack und wird von einem Schweizer Quarzkaliber angetrieben. Diese schlanke Uhr mit wei\u00dfem Zifferblatt, zwei Zeigern und einem Datumsfenster bei 3 Uhr wird mit einem schwarzen Alligatorlederarmband mit Dornschlie\u00dfe angeboten, das ihren schlichten und essentiellen Stil unterstreicht.<\/div>\n<\/div>\n<div class=\"col-xs-12 col-sm-6 col-md-5 cxSub\">\n<div class=\"labelSubScheda\"><\/div>\n<div class=\"labelSubScheda\">TECHNISCHE DATEN<\/div>\n<div class=\"carProdScheda\"><b>Uhrwerk:<\/b> Quarz<br \/>\n<b>Zifferblatt:<\/b> Wei\u00df<br \/>\nIndikatoren<b>:<\/b> Indizes<br \/>\n<b>Geh\u00e4use:<\/b> Stahl<br \/>\n<b>Gr\u00f6\u00dfe:<\/b> 42 mm<br \/>\n<b>Armband\/Riemen:<\/b> schwarzes Alligatorleder<br \/>\n<b>Wasserdichtigkeit:<\/b> 50 Meter<br \/>\n<b>Glas:<\/b> Saphir<br \/>\n<b>Geschlecht:<\/b> M\u00e4nnlich<\/div>\n<\/div>\n<p>&nbsp;<\/p>\n<\/div>\n<\/div>\n<\/div>\n<\/div>\n<\/div>\n<p>&nbsp;<\/p>\n<div id=\"blk_84374\" class=\"row\"><\/div>\n<\/div>\n","protected":false},"excerpt":{"rendered":"<p>BAUME &amp; MERCIER CLASSIMA REF. M0A08485 Diese unverzichtbare Interpretation der Classima-Uhr mit ihrem \u00e4u\u00dferst schlichten Design und einem sehr schlanken Stahlgeh\u00e4use mit 42 mm Durchmesser entspricht dem Zeitgeschmack und wird von einem Schweizer Quarzkaliber angetrieben. Diese schlanke Uhr mit wei\u00dfem Zifferblatt, zwei Zeigern und einem Datumsfenster bei 3 Uhr wird mit einem schwarzen Alligatorlederarmband mit [&hellip;]<\/p>\n","protected":false},"featured_media":169138,"template":"","meta":{"_crdt_document":"","advanced_seo_description":"","jetpack_seo_html_title":"","jetpack_seo_noindex":false},"product_brand":[],"product_cat":[2610],"product_tag":[2617],"berocket_brand":[],"woo-feed-brand":[],"class_list":{"0":"post-68772","1":"product","2":"type-product","3":"status-publish","4":"has-post-thumbnail","6":"product_cat-baume-mercier-de","7":"product_tag-classima-de","9":"first","10":"instock","11":"sale","12":"taxable","13":"shipping-taxable","14":"purchasable","15":"product-type-simple"},"bundled_by":[],"bundle_stock_status":"instock","bundle_stock_quantity":1,"bundle_virtual":false,"bundle_layout":"","bundle_add_to_cart_form_location":"","bundle_editable_in_cart":false,"bundle_sold_individually_context":"","bundle_item_grouping":"","bundle_min_size":"","bundle_max_size":"","bundle_price":[],"bundled_items":[],"bundle_sell_ids":[],"group_of_quantity":0,"min_quantity":0,"max_quantity":"","exclude_order_quantity_value_rules":"no","exclude_category_quantity_rules":"no","combine_variations":"no","jetpack_sharing_enabled":true,"jetpack_likes_enabled":true,"_links":{"self":[{"href":"https:\/\/watchdeluxe.it\/de\/wp-json\/wp\/v2\/product\/68772","targetHints":{"allow":["GET"]}}],"collection":[{"href":"https:\/\/watchdeluxe.it\/de\/wp-json\/wp\/v2\/product"}],"about":[{"href":"https:\/\/watchdeluxe.it\/de\/wp-json\/wp\/v2\/types\/product"}],"wp:featuredmedia":[{"embeddable":true,"href":"https:\/\/watchdeluxe.it\/de\/wp-json\/wp\/v2\/media\/169138"}],"wp:attachment":[{"href":"https:\/\/watchdeluxe.it\/de\/wp-json\/wp\/v2\/media?parent=68772"}],"wp:term":[{"taxonomy":"product_brand","embeddable":true,"href":"https:\/\/watchdeluxe.it\/de\/wp-json\/wp\/v2\/product_brand?post=68772"},{"taxonomy":"product_cat","embeddable":true,"href":"https:\/\/watchdeluxe.it\/de\/wp-json\/wp\/v2\/product_cat?post=68772"},{"taxonomy":"product_tag","embeddable":true,"href":"https:\/\/watchdeluxe.it\/de\/wp-json\/wp\/v2\/product_tag?post=68772"},{"taxonomy":"berocket_brand","embeddable":true,"href":"https:\/\/watchdeluxe.it\/de\/wp-json\/wp\/v2\/berocket_brand?post=68772"},{"taxonomy":"woo-feed-brand","embeddable":true,"href":"https:\/\/watchdeluxe.it\/de\/wp-json\/wp\/v2\/woo-feed-brand?post=68772"}],"curies":[{"name":"wp","href":"https:\/\/api.w.org\/{rel}","templated":true}]}}