{"id":68689,"date":"2023-03-22T10:36:38","date_gmt":"2023-03-22T09:36:38","guid":{"rendered":"https:\/\/watchdeluxe.it\/prodotto\/baume-mercier-classima-ref-m0a10098\/"},"modified":"2026-04-13T11:57:37","modified_gmt":"2026-04-13T09:57:37","slug":"baume-mercier-classima-ref-m0a10098","status":"publish","type":"product","link":"https:\/\/watchdeluxe.it\/de\/prodotto\/baume-mercier-classima-ref-m0a10098\/","title":{"rendered":"Baume &amp; Mercier Classima ref. M0A10098"},"content":{"rendered":"<p>Baume &amp; Mercier Classima ref. M0A10098<\/p>\n<p><span class=\"label\">Modell:<\/span> <span class=\"data\">Classima<\/span><\/p>\n<p><span class=\"label\">Geschlecht:<\/span> <span class=\"data\">M\u00e4nnlich<\/span><\/p>\n<p><span class=\"label\">Uhrwerk:<\/span> <span class=\"data\">Quarz<\/span><\/p>\n<p><span class=\"label\">Geh\u00e4use:<\/span> <span class=\"data\">Stahl<\/span><\/p>\n<p><span class=\"label\">Glas:<\/span> <span class=\"data\">Saphirglas<\/span><\/p>\n<p><span class=\"label\">Durchmesser (mm):<\/span> <span class=\"data\">39<\/span><\/p>\n<p><span class=\"label\">Unter Wasser:<\/span> <span class=\"data\">3 ATM<\/span><\/p>\n<p><span class=\"label\">Armb\u00e4nder:<\/span> <span class=\"data\">Leder<\/span><\/p>\n<p><span class=\"label\">Zifferblatt:<\/span> <span class=\"data\">Schwarz<\/span><\/p>\n<p><span class=\"label\">Zustand:<\/span> <span class=\"data\">Neu<\/span><\/p>\n","protected":false},"excerpt":{"rendered":"<p>Baume &amp; Mercier Classima ref. M0A10098 Modell: Classima Geschlecht: M\u00e4nnlich Uhrwerk: Quarz Geh\u00e4use: Stahl Glas: Saphirglas Durchmesser (mm): 39 Unter Wasser: 3 ATM Armb\u00e4nder: Leder Zifferblatt: Schwarz Zustand: Neu<\/p>\n","protected":false},"featured_media":169120,"template":"","meta":{"_crdt_document":"","advanced_seo_description":"","jetpack_seo_html_title":"","jetpack_seo_noindex":false},"product_brand":[],"product_cat":[2610],"product_tag":[2617],"berocket_brand":[],"woo-feed-brand":[],"class_list":{"0":"post-68689","1":"product","2":"type-product","3":"status-publish","4":"has-post-thumbnail","6":"product_cat-baume-mercier-de","7":"product_tag-classima-de","9":"first","10":"instock","11":"sale","12":"taxable","13":"shipping-taxable","14":"purchasable","15":"product-type-simple"},"bundled_by":[],"bundle_stock_status":"instock","bundle_stock_quantity":1,"bundle_virtual":false,"bundle_layout":"","bundle_add_to_cart_form_location":"","bundle_editable_in_cart":false,"bundle_sold_individually_context":"","bundle_item_grouping":"","bundle_min_size":"","bundle_max_size":"","bundle_price":[],"bundled_items":[],"bundle_sell_ids":[],"group_of_quantity":0,"min_quantity":0,"max_quantity":"","exclude_order_quantity_value_rules":"no","exclude_category_quantity_rules":"no","combine_variations":"no","jetpack_sharing_enabled":true,"jetpack_likes_enabled":true,"_links":{"self":[{"href":"https:\/\/watchdeluxe.it\/de\/wp-json\/wp\/v2\/product\/68689","targetHints":{"allow":["GET"]}}],"collection":[{"href":"https:\/\/watchdeluxe.it\/de\/wp-json\/wp\/v2\/product"}],"about":[{"href":"https:\/\/watchdeluxe.it\/de\/wp-json\/wp\/v2\/types\/product"}],"wp:featuredmedia":[{"embeddable":true,"href":"https:\/\/watchdeluxe.it\/de\/wp-json\/wp\/v2\/media\/169120"}],"wp:attachment":[{"href":"https:\/\/watchdeluxe.it\/de\/wp-json\/wp\/v2\/media?parent=68689"}],"wp:term":[{"taxonomy":"product_brand","embeddable":true,"href":"https:\/\/watchdeluxe.it\/de\/wp-json\/wp\/v2\/product_brand?post=68689"},{"taxonomy":"product_cat","embeddable":true,"href":"https:\/\/watchdeluxe.it\/de\/wp-json\/wp\/v2\/product_cat?post=68689"},{"taxonomy":"product_tag","embeddable":true,"href":"https:\/\/watchdeluxe.it\/de\/wp-json\/wp\/v2\/product_tag?post=68689"},{"taxonomy":"berocket_brand","embeddable":true,"href":"https:\/\/watchdeluxe.it\/de\/wp-json\/wp\/v2\/berocket_brand?post=68689"},{"taxonomy":"woo-feed-brand","embeddable":true,"href":"https:\/\/watchdeluxe.it\/de\/wp-json\/wp\/v2\/woo-feed-brand?post=68689"}],"curies":[{"name":"wp","href":"https:\/\/api.w.org\/{rel}","templated":true}]}}