{"id":68660,"date":"2023-03-22T10:36:44","date_gmt":"2023-03-22T09:36:44","guid":{"rendered":"https:\/\/watchdeluxe.it\/prodotto\/baume-mercier-riviera-ref-m0a10683\/"},"modified":"2026-04-13T11:57:19","modified_gmt":"2026-04-13T09:57:19","slug":"baume-mercier-riviera-ref-m0a10683","status":"publish","type":"product","link":"https:\/\/watchdeluxe.it\/de\/prodotto\/baume-mercier-riviera-ref-m0a10683\/","title":{"rendered":"BAUME &amp; MERCIER RIVIERA REF. M0A10683"},"content":{"rendered":"<p>BAUME &amp; MERCIER RIVIERA REF. 10683<\/p>\n<h3 class=\"h1-title\">Beschreibung<\/h3>\n<p class=\"product-detail__description--desktop\">Die 1973 kreierte Riviera-Uhr kehrt in diesem Jahr zur\u00fcck und l\u00e4sst den Geist einer glanzvollen \u00c4ra der Uhrmacherkunst wieder aufleben. Hier ist sie 2021, \u00fcberarbeitet, aber mit derselben Authentizit\u00e4t: ein Stahlgeh\u00e4use mit ausgewogenen Abmessungen, eine zw\u00f6lfeckige L\u00fcnette mit vier Schrauben, ein Automatik- oder Quarzwerk &#8220;Swiss Made&#8221; und ein integriertes, austauschbares Metallarmband. Das urspr\u00fcngliche Design ist immer noch vorhanden, ebenso wie der Wunsch, das Zeitgen\u00f6ssische mit einzubeziehen.<\/p>\n<div class=\"product-specifications__list\">\n<h4 id=\"technicalitem0\" class=\"open\">Eigenschaften<\/h4>\n<ul>\n<li>Quarzuhr<\/li>\n<li>Wasserdichtigkeit: 5 ATM (ca. 50 Meter)<\/li>\n<li>Datum<\/li>\n<li>\n<div class=\"product-specifications__list\">\n<h4 id=\"technicalitem1\" class=\"open\">Bewegung<\/h4>\n<ul>\n<li>Schweizer Fabrikat<\/li>\n<li>\n<\/li>\n<li> <label> Quarz-Energie <\/label> <\/li>\n<li>\n<div class=\"product-specifications__list\">\n<h4 id=\"technicalitem2\" class=\"open\">Fall<\/h4>\n<ul>\n<li>  Zw\u00f6lfeckige <label> Form <\/label> <\/li>\n<li> <label> Dicke <\/label> 9,47 mm<\/li>\n<li> <label> Material und Ausf\u00fchrung <\/label> Stahl, satinpoliert<\/li>\n<li> <label> Geh\u00e4useboden <\/label> Geschlossener Geh\u00e4useboden, Mit Schrauben<\/li>\n<li>\n<div class=\"product-specifications__list\">\n<h4 id=\"technicalitem3\" class=\"open\">W\u00e4hlen Sie<\/h4>\n<ul>\n<li> <label> Farben und <\/label> Ausf\u00fchrungen Gr\u00fcn, satiniert &#8220;soleil&#8221;.<\/li>\n<li>  R\u00f6mische <label> Figuren <\/label> <\/li>\n<li>  Vernietete <label> Indexe <\/label> <\/li>\n<li>  Rhodinierte <label> Zeiger <\/label>, Dauphine<\/li>\n<li>\n<div class=\"product-specifications__list\">\n<h4 id=\"technicalitem4\" class=\"open\">Riemen<\/h4>\n<ul>\n<li> <label> Material <\/label> Stahl, (Ausf\u00fchrung) Satiniert\/poliert<\/li>\n<li> <label> Dreifach-Faltschlie\u00dfe <\/label> mit Sicherheitsverschluss, Stahl, poliert<\/li>\n<\/ul>\n<\/div>\n<\/li>\n<\/ul>\n<\/div>\n<\/li>\n<\/ul>\n<\/div>\n<\/li>\n<\/ul>\n<\/div>\n<\/li>\n<\/ul>\n<\/div>\n","protected":false},"excerpt":{"rendered":"<p>BAUME &amp; MERCIER RIVIERA REF. 10683 Beschreibung Die 1973 kreierte Riviera-Uhr kehrt in diesem Jahr zur\u00fcck und l\u00e4sst den Geist einer glanzvollen \u00c4ra der Uhrmacherkunst wieder aufleben. Hier ist sie 2021, \u00fcberarbeitet, aber mit derselben Authentizit\u00e4t: ein Stahlgeh\u00e4use mit ausgewogenen Abmessungen, eine zw\u00f6lfeckige L\u00fcnette mit vier Schrauben, ein Automatik- oder Quarzwerk &#8220;Swiss Made&#8221; und ein [&hellip;]<\/p>\n","protected":false},"featured_media":169043,"template":"","meta":{"_crdt_document":"","advanced_seo_description":"","jetpack_seo_html_title":"","jetpack_seo_noindex":false},"product_brand":[2141],"product_cat":[2610],"product_tag":[2612],"berocket_brand":[],"woo-feed-brand":[],"class_list":{"0":"post-68660","1":"product","2":"type-product","3":"status-publish","4":"has-post-thumbnail","6":"product_brand-baume-mercier","7":"product_cat-baume-mercier-de","8":"product_tag-riviera-de","10":"first","11":"instock","12":"sale","13":"taxable","14":"shipping-taxable","15":"purchasable","16":"product-type-simple"},"bundled_by":[],"bundle_stock_status":"instock","bundle_stock_quantity":1,"bundle_virtual":false,"bundle_layout":"","bundle_add_to_cart_form_location":"","bundle_editable_in_cart":false,"bundle_sold_individually_context":"","bundle_item_grouping":"","bundle_min_size":"","bundle_max_size":"","bundle_price":[],"bundled_items":[],"bundle_sell_ids":[],"group_of_quantity":0,"min_quantity":0,"max_quantity":"","exclude_order_quantity_value_rules":"no","exclude_category_quantity_rules":"no","combine_variations":"no","exclude_global_add_ons":[],"addons":[],"jetpack_sharing_enabled":true,"jetpack_likes_enabled":true,"_links":{"self":[{"href":"https:\/\/watchdeluxe.it\/de\/wp-json\/wp\/v2\/product\/68660","targetHints":{"allow":["GET"]}}],"collection":[{"href":"https:\/\/watchdeluxe.it\/de\/wp-json\/wp\/v2\/product"}],"about":[{"href":"https:\/\/watchdeluxe.it\/de\/wp-json\/wp\/v2\/types\/product"}],"wp:featuredmedia":[{"embeddable":true,"href":"https:\/\/watchdeluxe.it\/de\/wp-json\/wp\/v2\/media\/169043"}],"wp:attachment":[{"href":"https:\/\/watchdeluxe.it\/de\/wp-json\/wp\/v2\/media?parent=68660"}],"wp:term":[{"taxonomy":"product_brand","embeddable":true,"href":"https:\/\/watchdeluxe.it\/de\/wp-json\/wp\/v2\/product_brand?post=68660"},{"taxonomy":"product_cat","embeddable":true,"href":"https:\/\/watchdeluxe.it\/de\/wp-json\/wp\/v2\/product_cat?post=68660"},{"taxonomy":"product_tag","embeddable":true,"href":"https:\/\/watchdeluxe.it\/de\/wp-json\/wp\/v2\/product_tag?post=68660"},{"taxonomy":"berocket_brand","embeddable":true,"href":"https:\/\/watchdeluxe.it\/de\/wp-json\/wp\/v2\/berocket_brand?post=68660"},{"taxonomy":"woo-feed-brand","embeddable":true,"href":"https:\/\/watchdeluxe.it\/de\/wp-json\/wp\/v2\/woo-feed-brand?post=68660"}],"curies":[{"name":"wp","href":"https:\/\/api.w.org\/{rel}","templated":true}]}}