{"id":68648,"date":"2025-04-10T17:01:07","date_gmt":"2025-04-10T15:01:07","guid":{"rendered":"https:\/\/watchdeluxe.it\/prodotto\/baume-mercier-hampton-ref-m0a10670\/"},"modified":"2026-04-13T11:54:56","modified_gmt":"2026-04-13T09:54:56","slug":"baume-mercier-hampton-ref-m0a10670","status":"publish","type":"product","link":"https:\/\/watchdeluxe.it\/de\/prodotto\/baume-mercier-hampton-ref-m0a10670\/","title":{"rendered":"BAUME &amp; MERCIER HAMPTON REF. M0A10670"},"content":{"rendered":"<p>BAUME &amp; MERCIER HAMPTON REF. 10670<\/p>\n<div class=\"product-specifications__list\">\n<h4 id=\"technicalitem0\" class=\"open\">Eigenschaften<\/h4>\n<ul>\n<li>Quarzuhr<\/li>\n<li>Wasserdichtigkeit: 5 ATM (ca. 50 Meter)<\/li>\n<li>\n<div class=\"product-specifications__list\">\n<h4 id=\"technicalitem1\" class=\"open\">Bewegung<\/h4>\n<ul>\n<li>Schweizer Fabrikat<\/li>\n<li>\n<\/li>\n<li> <label> Quarz-Energie <\/label> <\/li>\n<li>\n<div class=\"product-specifications__list\">\n<h4 id=\"technicalitem2\" class=\"open\">Fall<\/h4>\n<ul>\n<li>  Rechteckige <label> Form <\/label> <\/li>\n<li> <label> Ma\u00dfe <\/label> Breite: 27,5 mm x L\u00e4nge: 43,0 mm<\/li>\n<li> <label> Dicke <\/label> 8,65 mm<\/li>\n<li> <label> Material und Ausf\u00fchrung <\/label> Stahl, poliert<\/li>\n<li> <label> Geh\u00e4useboden <\/label> Geschlossener Geh\u00e4useboden, Mit Schrauben<\/li>\n<li>\n<div class=\"product-specifications__list\">\n<h4 id=\"technicalitem3\" class=\"open\">W\u00e4hlen Sie<\/h4>\n<ul>\n<li> <label> Farben und Oberfl\u00e4chen <\/label> Wei\u00df, opalin<\/li>\n<li>  Arabische <label> Figuren <\/label> <\/li>\n<li>  Rhodinierte <label> Zeiger <\/label>, Gladio<\/li>\n<li>\n<div class=\"product-specifications__list\">\n<h4 id=\"technicalitem4\" class=\"open\">Riemen<\/h4>\n<ul>\n<li> <label> Material <\/label> Kalb, Hellbraun<\/li>\n<li> <label> Schnalle <\/label> Dornschlie\u00dfe, polierte Ausf\u00fchrung<\/li>\n<\/ul>\n<\/div>\n<\/li>\n<\/ul>\n<\/div>\n<\/li>\n<\/ul>\n<\/div>\n<\/li>\n<\/ul>\n<\/div>\n<\/li>\n<\/ul>\n<\/div>\n","protected":false},"excerpt":{"rendered":"<p>BAUME &amp; MERCIER HAMPTON REF. 10670 Eigenschaften Quarzuhr Wasserdichtigkeit: 5 ATM (ca. 50 Meter) Bewegung Schweizer Fabrikat Quarz-Energie Fall Rechteckige Form Ma\u00dfe Breite: 27,5 mm x L\u00e4nge: 43,0 mm Dicke 8,65 mm Material und Ausf\u00fchrung Stahl, poliert Geh\u00e4useboden Geschlossener Geh\u00e4useboden, Mit Schrauben W\u00e4hlen Sie Farben und Oberfl\u00e4chen Wei\u00df, opalin Arabische Figuren Rhodinierte Zeiger , Gladio [&hellip;]<\/p>\n","protected":false},"featured_media":169037,"template":"","meta":{"_crdt_document":"","advanced_seo_description":"","jetpack_seo_html_title":"","jetpack_seo_noindex":false},"product_brand":[2141],"product_cat":[1927],"product_tag":[2645],"berocket_brand":[],"woo-feed-brand":[],"class_list":{"0":"post-68648","1":"product","2":"type-product","3":"status-publish","4":"has-post-thumbnail","6":"product_brand-baume-mercier","7":"product_cat-baume-mercier","8":"product_tag-hampton-de","10":"first","11":"instock","12":"sale","13":"taxable","14":"shipping-taxable","15":"purchasable","16":"product-type-simple"},"bundled_by":[],"bundle_stock_status":"instock","bundle_stock_quantity":1,"bundle_virtual":false,"bundle_layout":"","bundle_add_to_cart_form_location":"","bundle_editable_in_cart":false,"bundle_sold_individually_context":"","bundle_item_grouping":"","bundle_min_size":"","bundle_max_size":"","bundle_price":[],"bundled_items":[],"bundle_sell_ids":[],"group_of_quantity":0,"min_quantity":0,"max_quantity":"","exclude_order_quantity_value_rules":"no","exclude_category_quantity_rules":"no","combine_variations":"no","jetpack_sharing_enabled":true,"jetpack_likes_enabled":true,"_links":{"self":[{"href":"https:\/\/watchdeluxe.it\/de\/wp-json\/wp\/v2\/product\/68648","targetHints":{"allow":["GET"]}}],"collection":[{"href":"https:\/\/watchdeluxe.it\/de\/wp-json\/wp\/v2\/product"}],"about":[{"href":"https:\/\/watchdeluxe.it\/de\/wp-json\/wp\/v2\/types\/product"}],"wp:featuredmedia":[{"embeddable":true,"href":"https:\/\/watchdeluxe.it\/de\/wp-json\/wp\/v2\/media\/169037"}],"wp:attachment":[{"href":"https:\/\/watchdeluxe.it\/de\/wp-json\/wp\/v2\/media?parent=68648"}],"wp:term":[{"taxonomy":"product_brand","embeddable":true,"href":"https:\/\/watchdeluxe.it\/de\/wp-json\/wp\/v2\/product_brand?post=68648"},{"taxonomy":"product_cat","embeddable":true,"href":"https:\/\/watchdeluxe.it\/de\/wp-json\/wp\/v2\/product_cat?post=68648"},{"taxonomy":"product_tag","embeddable":true,"href":"https:\/\/watchdeluxe.it\/de\/wp-json\/wp\/v2\/product_tag?post=68648"},{"taxonomy":"berocket_brand","embeddable":true,"href":"https:\/\/watchdeluxe.it\/de\/wp-json\/wp\/v2\/berocket_brand?post=68648"},{"taxonomy":"woo-feed-brand","embeddable":true,"href":"https:\/\/watchdeluxe.it\/de\/wp-json\/wp\/v2\/woo-feed-brand?post=68648"}],"curies":[{"name":"wp","href":"https:\/\/api.w.org\/{rel}","templated":true}]}}