{"id":68591,"date":"2023-03-22T10:36:46","date_gmt":"2023-03-22T09:36:46","guid":{"rendered":"https:\/\/watchdeluxe.it\/prodotto\/baume-mercier-mod-baume-ref-m0a10603\/"},"modified":"2026-04-14T14:32:57","modified_gmt":"2026-04-14T12:32:57","slug":"baume-mercier-mod-baume-ref-m0a10603","status":"publish","type":"product","link":"https:\/\/watchdeluxe.it\/de\/prodotto\/baume-mercier-mod-baume-ref-m0a10603\/","title":{"rendered":"Baume &amp; Mercier Mod. Baume Ref. M0A10603"},"content":{"rendered":"<p>BAUME &amp; MERCIER MOD. BAUME REF. 10603<\/p>\n<h3 class=\"h1-title\">Beschreibung<\/h3>\n<p class=\"product-detail__description--desktop\">Die Kollektion BAUME bietet Zeitmesser mit farbigen Rehauts, die farblich auf den Zeiger der kleinen Sekunde und die Ziern\u00e4hte am Armband abgestimmt sind. Blau, rot, lila, gr\u00fcn oder schwarz, jede BAUME Uhr bietet eine Farbkombination, die sie einzigartig macht! Alle Armb\u00e4nder sind aus nat\u00fcrlichen Materialien gefertigt, dank des recycelten Knopfsystems austauschbar und mit Kork gef\u00fcttert, um absoluten Tragekomfort am Handgelenk zu gew\u00e4hrleisten. Ein verspieltes Detail: Sogar die Farbe der Dr\u00e4hte, die f\u00fcr den Knopf verwendet werden, ist aufeinander abgestimmt und sorgt so f\u00fcr einen zus\u00e4tzlichen farblichen Reiz!<\/p>\n<div class=\"product-specifications__list\">\n<h4 id=\"technicalitem0\" class=\"open\">Eigenschaften<\/h4>\n<ul>\n<li>Quarzuhr<\/li>\n<li>Wasserdichtigkeit: 3 ATM (ca. 30 Meter)<\/li>\n<li>Datum, Kleine Sekunde<\/li>\n<li>\n<div class=\"product-specifications__list\">\n<h4 id=\"technicalitem1\" class=\"open\">Bewegung<\/h4>\n<ul>\n<li>Schweizer Fabrikat<\/li>\n<li>RONDA 6004 D<\/li>\n<li> <label> Quarz-Energie <\/label> <\/li>\n<li>\n<div class=\"product-specifications__list\">\n<h4 id=\"technicalitem2\" class=\"open\">Fall<\/h4>\n<ul>\n<li>  Runde <label> Form <\/label> <\/li>\n<li> <label> Messung des <\/label> Durchmessers: 35 mm<\/li>\n<li> <label> Dicke <\/label> 7,56 mm<\/li>\n<li> <label> Material und Ausf\u00fchrung <\/label> Stahl PVD 5N, poliert<\/li>\n<li>\n<div class=\"product-specifications__list\">\n<h4 id=\"technicalitem3\" class=\"open\">W\u00e4hlen Sie<\/h4>\n<ul>\n<li> <label> Farben und <\/label> Ausf\u00fchrungen Blau, satiniert &#8220;soleil&#8221;.<\/li>\n<li>  Arabische <label> Figuren <\/label> <\/li>\n<li>  Vergoldete <label> Zeiger <\/label>, Stab<\/li>\n<li>\n<div class=\"product-specifications__list\">\n<h4 id=\"technicalitem4\" class=\"open\">Riemen<\/h4>\n<ul>\n<li> <label> Material <\/label> Baumwolle, Blau<\/li>\n<li> <label> Schnalle <\/label> Dornschlie\u00dfe, polierte Ausf\u00fchrung<\/li>\n<\/ul>\n<\/div>\n<\/li>\n<\/ul>\n<\/div>\n<\/li>\n<\/ul>\n<\/div>\n<\/li>\n<\/ul>\n<\/div>\n<\/li>\n<\/ul>\n<\/div>\n","protected":false},"excerpt":{"rendered":"<p>BAUME &amp; MERCIER MOD. BAUME REF. 10603 Beschreibung Die Kollektion BAUME bietet Zeitmesser mit farbigen Rehauts, die farblich auf den Zeiger der kleinen Sekunde und die Ziern\u00e4hte am Armband abgestimmt sind. Blau, rot, lila, gr\u00fcn oder schwarz, jede BAUME Uhr bietet eine Farbkombination, die sie einzigartig macht! Alle Armb\u00e4nder sind aus nat\u00fcrlichen Materialien gefertigt, dank [&hellip;]<\/p>\n","protected":false},"featured_media":174831,"template":"","meta":{"_crdt_document":"","advanced_seo_description":"","jetpack_seo_html_title":"","jetpack_seo_noindex":false},"product_brand":[],"product_cat":[2610],"product_tag":[2653],"berocket_brand":[],"woo-feed-brand":[],"class_list":{"0":"post-68591","1":"product","2":"type-product","3":"status-publish","4":"has-post-thumbnail","6":"product_cat-baume-mercier-de","7":"product_tag-baume-de","9":"first","10":"instock","11":"sale","12":"taxable","13":"shipping-taxable","14":"purchasable","15":"product-type-simple"},"bundled_by":[],"bundle_stock_status":"instock","bundle_stock_quantity":1,"bundle_virtual":false,"bundle_layout":"","bundle_add_to_cart_form_location":"","bundle_editable_in_cart":false,"bundle_sold_individually_context":"","bundle_item_grouping":"","bundle_min_size":"","bundle_max_size":"","bundle_price":[],"bundled_items":[],"bundle_sell_ids":[],"group_of_quantity":0,"min_quantity":0,"max_quantity":"","exclude_order_quantity_value_rules":"no","exclude_category_quantity_rules":"no","combine_variations":"no","jetpack_sharing_enabled":true,"jetpack_likes_enabled":true,"_links":{"self":[{"href":"https:\/\/watchdeluxe.it\/de\/wp-json\/wp\/v2\/product\/68591","targetHints":{"allow":["GET"]}}],"collection":[{"href":"https:\/\/watchdeluxe.it\/de\/wp-json\/wp\/v2\/product"}],"about":[{"href":"https:\/\/watchdeluxe.it\/de\/wp-json\/wp\/v2\/types\/product"}],"wp:featuredmedia":[{"embeddable":true,"href":"https:\/\/watchdeluxe.it\/de\/wp-json\/wp\/v2\/media\/174831"}],"wp:attachment":[{"href":"https:\/\/watchdeluxe.it\/de\/wp-json\/wp\/v2\/media?parent=68591"}],"wp:term":[{"taxonomy":"product_brand","embeddable":true,"href":"https:\/\/watchdeluxe.it\/de\/wp-json\/wp\/v2\/product_brand?post=68591"},{"taxonomy":"product_cat","embeddable":true,"href":"https:\/\/watchdeluxe.it\/de\/wp-json\/wp\/v2\/product_cat?post=68591"},{"taxonomy":"product_tag","embeddable":true,"href":"https:\/\/watchdeluxe.it\/de\/wp-json\/wp\/v2\/product_tag?post=68591"},{"taxonomy":"berocket_brand","embeddable":true,"href":"https:\/\/watchdeluxe.it\/de\/wp-json\/wp\/v2\/berocket_brand?post=68591"},{"taxonomy":"woo-feed-brand","embeddable":true,"href":"https:\/\/watchdeluxe.it\/de\/wp-json\/wp\/v2\/woo-feed-brand?post=68591"}],"curies":[{"name":"wp","href":"https:\/\/api.w.org\/{rel}","templated":true}]}}