{"id":68538,"date":"2023-03-22T10:36:50","date_gmt":"2023-03-22T09:36:50","guid":{"rendered":"https:\/\/watchdeluxe.it\/prodotto\/baume-mercier-clifton-club-ref-m0a10487\/"},"modified":"2026-04-13T11:56:44","modified_gmt":"2026-04-13T09:56:44","slug":"baume-mercier-clifton-club-ref-m0a10487","status":"publish","type":"product","link":"https:\/\/watchdeluxe.it\/de\/prodotto\/baume-mercier-clifton-club-ref-m0a10487\/","title":{"rendered":"BAUME &amp; MERCIER CLIFTON CLUB REF. M0A10487"},"content":{"rendered":"<p>BAUME &amp; MERCIER CLIFTON CLUB REF. 10487<\/p>\n<h3 class=\"h1-title\">Beschreibung<\/h3>\n<p class=\"product-detail__description--desktop\">Die Clifton Club 10487 ist eine GMT-Automatikuhr mit opalschwarzem Zifferblatt, blauer L\u00fcnette und Leuchtzeigern mit Superluminova\u00ae. Sie ist ein au\u00dfergew\u00f6hnlicher Zeitmesser, perfekt f\u00fcr den dynamischen Gentleman von heute. Dieses Schweizer Modell wird mit einem Edelstahlgeh\u00e4use und -armband angeboten.<\/p>\n<p class=\"product-detail__description--desktop\">Eigenschaften<\/p>\n<p>Automatikuhr, automatischer Aufzug<br \/>\nGangreserve: 42 Stunde(n)<br \/>\nWasserdichtigkeit: 10 ATM (ca. 100 Meter)<\/p>\n<div class=\"product-specifications__list\">\n<h4 id=\"technicalitem1\" class=\"open\">Bewegung<\/h4>\n<ul>\n<li>Schweizer Fabrikat<\/li>\n<li>\n    <\/li>\n<li> <label> Energy <\/label> Automatic, automatischer Aufzug<\/li>\n<li> <label> Frequenz <\/label> 28800.0vph\/4.0hz<\/li>\n<li> <label> Rubine <\/label> 21<\/li>\n<li>\n<div class=\"product-specifications__list\">\n<h4 id=\"technicalitem2\" class=\"open\">Fall<\/h4>\n<ul>\n<li>  Runde <label> Form <\/label> <\/li>\n<li> <label> Messung des <\/label> Durchmessers: 42 mm<\/li>\n<li> <label> Dicke <\/label> 10,6 mm<\/li>\n<li> <label> Material und Ausf\u00fchrung <\/label> Stahl, satinpoliert<\/li>\n<li> <label> Geh\u00e4useboden <\/label> Geschlossener Geh\u00e4useboden, Mit Schrauben<\/li>\n<li>\n<div class=\"product-specifications__list\">\n<h4 id=\"technicalitem3\" class=\"open\">W\u00e4hlen Sie<\/h4>\n<ul>\n<li> <label> Farben und Oberfl\u00e4chen <\/label> Schwarz, Opalin<\/li>\n<li>  Vernietete <label> Indexe <\/label> <\/li>\n<li>  Rhodinierte <label> Zeiger <\/label>, Superluminova C1, blau leuchtend<\/li>\n<li>\n<div class=\"product-specifications__list\">\n<h4 id=\"technicalitem4\" class=\"open\">Riemen<\/h4>\n<ul>\n<li> <label> Material <\/label> Stahl, (Ausf\u00fchrung) Satiniert\/poliert<\/li>\n<li> <label> Dreifach-Faltschlie\u00dfe <\/label> mit Sicherheitsverschluss, Stahl, poliert<\/li>\n<\/ul>\n<\/div>\n<\/li>\n<\/ul>\n<\/div>\n<\/li>\n<\/ul>\n<\/div>\n<\/li>\n<\/ul>\n<\/div>\n<p class=\"product-detail__description--desktop\">\n","protected":false},"excerpt":{"rendered":"<p>BAUME &amp; MERCIER CLIFTON CLUB REF. 10487 Beschreibung Die Clifton Club 10487 ist eine GMT-Automatikuhr mit opalschwarzem Zifferblatt, blauer L\u00fcnette und Leuchtzeigern mit Superluminova\u00ae. Sie ist ein au\u00dfergew\u00f6hnlicher Zeitmesser, perfekt f\u00fcr den dynamischen Gentleman von heute. Dieses Schweizer Modell wird mit einem Edelstahlgeh\u00e4use und -armband angeboten. Eigenschaften Automatikuhr, automatischer Aufzug Gangreserve: 42 Stunde(n) Wasserdichtigkeit: 10 [&hellip;]<\/p>\n","protected":false},"featured_media":62985,"template":"","meta":{"_crdt_document":"","advanced_seo_description":"","jetpack_seo_html_title":"","jetpack_seo_noindex":false},"product_brand":[],"product_cat":[2610],"product_tag":[2624],"berocket_brand":[],"woo-feed-brand":[],"class_list":{"0":"post-68538","1":"product","2":"type-product","3":"status-publish","4":"has-post-thumbnail","6":"product_cat-baume-mercier-de","7":"product_tag-clifton-de","9":"first","10":"instock","11":"sale","12":"taxable","13":"shipping-taxable","14":"purchasable","15":"product-type-simple"},"bundled_by":[],"bundle_stock_status":"instock","bundle_stock_quantity":1,"bundle_virtual":false,"bundle_layout":"","bundle_add_to_cart_form_location":"","bundle_editable_in_cart":false,"bundle_sold_individually_context":"","bundle_item_grouping":"","bundle_min_size":"","bundle_max_size":"","bundle_price":[],"bundled_items":[],"bundle_sell_ids":[],"group_of_quantity":0,"min_quantity":0,"max_quantity":"","exclude_order_quantity_value_rules":"no","exclude_category_quantity_rules":"no","combine_variations":"no","jetpack_sharing_enabled":true,"jetpack_likes_enabled":true,"_links":{"self":[{"href":"https:\/\/watchdeluxe.it\/de\/wp-json\/wp\/v2\/product\/68538","targetHints":{"allow":["GET"]}}],"collection":[{"href":"https:\/\/watchdeluxe.it\/de\/wp-json\/wp\/v2\/product"}],"about":[{"href":"https:\/\/watchdeluxe.it\/de\/wp-json\/wp\/v2\/types\/product"}],"wp:featuredmedia":[{"embeddable":true,"href":"https:\/\/watchdeluxe.it\/de\/wp-json\/wp\/v2\/media\/62985"}],"wp:attachment":[{"href":"https:\/\/watchdeluxe.it\/de\/wp-json\/wp\/v2\/media?parent=68538"}],"wp:term":[{"taxonomy":"product_brand","embeddable":true,"href":"https:\/\/watchdeluxe.it\/de\/wp-json\/wp\/v2\/product_brand?post=68538"},{"taxonomy":"product_cat","embeddable":true,"href":"https:\/\/watchdeluxe.it\/de\/wp-json\/wp\/v2\/product_cat?post=68538"},{"taxonomy":"product_tag","embeddable":true,"href":"https:\/\/watchdeluxe.it\/de\/wp-json\/wp\/v2\/product_tag?post=68538"},{"taxonomy":"berocket_brand","embeddable":true,"href":"https:\/\/watchdeluxe.it\/de\/wp-json\/wp\/v2\/berocket_brand?post=68538"},{"taxonomy":"woo-feed-brand","embeddable":true,"href":"https:\/\/watchdeluxe.it\/de\/wp-json\/wp\/v2\/woo-feed-brand?post=68538"}],"curies":[{"name":"wp","href":"https:\/\/api.w.org\/{rel}","templated":true}]}}