{"id":68521,"date":"2023-03-22T10:36:51","date_gmt":"2023-03-22T09:36:51","guid":{"rendered":"https:\/\/watchdeluxe.it\/prodotto\/baume-mercier-clifton-club-ref-m0a10337\/"},"modified":"2026-04-06T02:11:42","modified_gmt":"2026-04-06T00:11:42","slug":"baume-mercier-clifton-club-ref-10337","status":"publish","type":"product","link":"https:\/\/watchdeluxe.it\/de\/prodotto\/baume-mercier-clifton-club-ref-10337\/","title":{"rendered":"BAUME &amp; MERCIER CLIFTON CLUB REF. M0A10337"},"content":{"rendered":"<p>BAUME &amp; MERCIER CLIFTON CLUB REF. 10337<\/p>\n<h3 class=\"h1-title\">Beschreibung<\/h3>\n<p class=\"product-detail__description--desktop\">Diese Herren-Automatikuhr mit orange-schwarzem Segeltucharmband verf\u00fcgt \u00fcber ein rundes Geh\u00e4use mit 42 mm Durchmesser aus satiniertem Stahl und ein wei\u00dfes Zifferblatt. Die Zeiger und Indizes sind mit gr\u00fcn leuchtendem Superluminova beschichtet. Die Clifton Club 10337 Sportuhr ist perfekt f\u00fcr M\u00e4nner, die einen aktiven Lebensstil f\u00fchren. Sie ist bis zu 100 Meter wasserdicht und wurde auf Sto\u00dffestigkeit bis 550 G getestet. verf\u00fcgt \u00fcber ein Datumsfenster bei 3 Uhr und Stundenmarkierungen auf der L\u00fcnette.<\/p>\n<h4 id=\"technicalitem0\" class=\"open\">Eigenschaften<\/h4>\n<ul>\n<li>Uhr Automatik, Selbstaufzug<\/li>\n<li>Gangreserve: 38 Stunde(n)<\/li>\n<li>Wasserdichtigkeit: 10 ATM (ca. 100 Meter)<\/li>\n<li>\n<div class=\"product-specifications__list\">\n<h4 id=\"technicalitem1\" class=\"open\">Bewegung<\/h4>\n<ul>\n<li>Schweizer Fabrikat<\/li>\n<li>\n<\/li>\n<li> <label> Energy <\/label> Automatic, automatischer Aufzug<\/li>\n<li> <label> Frequenz <\/label> 28800.0vph\/4.0hz<\/li>\n<li> <label> Rubine <\/label> 26<\/li>\n<li>\n<div class=\"product-specifications__list\">\n<h4 id=\"technicalitem2\" class=\"open\">Fall<\/h4>\n<ul>\n<li>  Runde <label> Form <\/label> <\/li>\n<li> <label> Messung des <\/label> Durchmessers: 42 mm<\/li>\n<li> <label> Dicke <\/label> 10,3 mm<\/li>\n<li> <label> Material und Ausf\u00fchrung <\/label> Stahl, satinpoliert<\/li>\n<li>  Unidirektionale <label> L\u00fcnette <\/label> <\/li>\n<li> <label> Geh\u00e4useboden <\/label> Geschlossener Geh\u00e4useboden, Mit Schrauben<\/li>\n<li>\n<div class=\"product-specifications__list\">\n<h4 id=\"technicalitem3\" class=\"open\">W\u00e4hlen Sie<\/h4>\n<ul>\n<li> <label> Farben und Ausf\u00fchrungen <\/label> Wei\u00df<\/li>\n<li>  Vernietete <label> Indexe <\/label> <\/li>\n<li>  Rhodinierte <label> Zeiger <\/label>, Superluminova C1, gr\u00fcne Emission<\/li>\n<li>\n<div class=\"product-specifications__list\">\n<h4 id=\"technicalitem4\" class=\"open\">Riemen<\/h4>\n<ul>\n<li> <label> Schnalle <\/label> Verstellbare Dreifach-Faltschlie\u00dfe mit Sicherheitsverschluss, polierte Oberfl\u00e4che<\/li>\n<\/ul>\n<\/div>\n<\/li>\n<\/ul>\n<\/div>\n<\/li>\n<\/ul>\n<\/div>\n<\/li>\n<\/ul>\n<\/div>\n<\/li>\n<\/ul>\n<p class=\"product-detail__description--desktop\">\n","protected":false},"excerpt":{"rendered":"<p>BAUME &amp; MERCIER CLIFTON CLUB REF. 10337 Beschreibung Diese Herren-Automatikuhr mit orange-schwarzem Segeltucharmband verf\u00fcgt \u00fcber ein rundes Geh\u00e4use mit 42 mm Durchmesser aus satiniertem Stahl und ein wei\u00dfes Zifferblatt. Die Zeiger und Indizes sind mit gr\u00fcn leuchtendem Superluminova beschichtet. Die Clifton Club 10337 Sportuhr ist perfekt f\u00fcr M\u00e4nner, die einen aktiven Lebensstil f\u00fchren. Sie ist [&hellip;]<\/p>\n","protected":false},"featured_media":149593,"template":"","meta":{"_crdt_document":"","advanced_seo_description":"","jetpack_seo_html_title":"","jetpack_seo_noindex":false,"jetpack_post_was_ever_published":false},"product_brand":[],"product_cat":[2610],"product_tag":[2624],"berocket_brand":[],"woo-feed-brand":[],"class_list":{"0":"post-68521","1":"product","2":"type-product","3":"status-publish","4":"has-post-thumbnail","6":"product_cat-baume-mercier-de","7":"product_tag-clifton-de","9":"first","10":"instock","11":"sale","12":"taxable","13":"shipping-taxable","14":"purchasable","15":"product-type-simple"},"bundled_by":[],"bundle_stock_status":"instock","bundle_stock_quantity":1,"bundle_virtual":false,"bundle_layout":"","bundle_add_to_cart_form_location":"","bundle_editable_in_cart":false,"bundle_sold_individually_context":"","bundle_item_grouping":"","bundle_min_size":"","bundle_max_size":"","bundle_price":[],"bundled_items":[],"bundle_sell_ids":[],"group_of_quantity":0,"min_quantity":0,"max_quantity":"","exclude_order_quantity_value_rules":"no","exclude_category_quantity_rules":"no","combine_variations":"no","exclude_global_add_ons":[],"addons":[],"jetpack_sharing_enabled":true,"jetpack_likes_enabled":true,"_links":{"self":[{"href":"https:\/\/watchdeluxe.it\/de\/wp-json\/wp\/v2\/product\/68521","targetHints":{"allow":["GET"]}}],"collection":[{"href":"https:\/\/watchdeluxe.it\/de\/wp-json\/wp\/v2\/product"}],"about":[{"href":"https:\/\/watchdeluxe.it\/de\/wp-json\/wp\/v2\/types\/product"}],"wp:featuredmedia":[{"embeddable":true,"href":"https:\/\/watchdeluxe.it\/de\/wp-json\/wp\/v2\/media\/149593"}],"wp:attachment":[{"href":"https:\/\/watchdeluxe.it\/de\/wp-json\/wp\/v2\/media?parent=68521"}],"wp:term":[{"taxonomy":"product_brand","embeddable":true,"href":"https:\/\/watchdeluxe.it\/de\/wp-json\/wp\/v2\/product_brand?post=68521"},{"taxonomy":"product_cat","embeddable":true,"href":"https:\/\/watchdeluxe.it\/de\/wp-json\/wp\/v2\/product_cat?post=68521"},{"taxonomy":"product_tag","embeddable":true,"href":"https:\/\/watchdeluxe.it\/de\/wp-json\/wp\/v2\/product_tag?post=68521"},{"taxonomy":"berocket_brand","embeddable":true,"href":"https:\/\/watchdeluxe.it\/de\/wp-json\/wp\/v2\/berocket_brand?post=68521"},{"taxonomy":"woo-feed-brand","embeddable":true,"href":"https:\/\/watchdeluxe.it\/de\/wp-json\/wp\/v2\/woo-feed-brand?post=68521"}],"curies":[{"name":"wp","href":"https:\/\/api.w.org\/{rel}","templated":true}]}}