{"id":68511,"date":"2023-03-22T10:36:51","date_gmt":"2023-03-22T09:36:51","guid":{"rendered":"https:\/\/watchdeluxe.it\/prodotto\/baume-mercier-classima-ref-m0a10356\/"},"modified":"2026-04-13T11:56:41","modified_gmt":"2026-04-13T09:56:41","slug":"baume-mercier-classima-ref-10356","status":"publish","type":"product","link":"https:\/\/watchdeluxe.it\/de\/prodotto\/baume-mercier-classima-ref-10356\/","title":{"rendered":"BAUME &amp; MERCIER CLASSIMA REF. M0A10356"},"content":{"rendered":"<p>BAUME &amp; MERCIER CLASSIMA REF. 10356<\/p>\n<p>Die Classima 10356 ist eine Schweizer Luxus-Damenuhr, die sich durch ihre perfekt ausgewogenen Proportionen und ihr klares, elegantes Design auszeichnet. Sie wird von einem Quarzwerk angetrieben und hat ein poliertes Stahlarmband und eine Dreifach-Faltschlie\u00dfe mit Sicherheitsverschluss. Diese urbane, schicke Uhr mit Stahlarmband verf\u00fcgt \u00fcber ein reinwei\u00dfes Zifferblatt mit klassischen r\u00f6mischen Ziffern und einem Datumsfenster bei 3 Uhr.<\/p>\n<div class=\"product-specifications__list\">\n<h4 id=\"technicalitem0\" class=\"open\">Eigenschaften<\/h4>\n<ul>\n<li>Quarzuhr<\/li>\n<li>Wasserdichtigkeit: 5 ATM (ca. 50 Meter)<\/li>\n<li>Datum<\/li>\n<li>\n<div class=\"product-specifications__list\">\n<h4 id=\"technicalitem1\" class=\"open\">Bewegung<\/h4>\n<ul>\n<li>Schweizer Fabrikat<\/li>\n<li>\n    <\/li>\n<li> <label> Quarz-Energie <\/label> <\/li>\n<li>\n<div class=\"product-specifications__list\">\n<h4 id=\"technicalitem2\" class=\"open\">Fall<\/h4>\n<ul>\n<li>  Runde <label> Form <\/label> <\/li>\n<li> <label> Messung des <\/label> Durchmessers: 36,5 mm<\/li>\n<li> <label> Dicke <\/label> 5,65 mm<\/li>\n<li> <label> Material und Ausf\u00fchrung <\/label> Stahl, poliert<\/li>\n<li> <label> Geh\u00e4useboden <\/label> Geschlossener Geh\u00e4useboden<\/li>\n<li>\n<div class=\"product-specifications__list\">\n<h4 id=\"technicalitem3\" class=\"open\">W\u00e4hlen Sie<\/h4>\n<ul>\n<li> <label> Farben und Ausf\u00fchrungen <\/label> Wei\u00df<\/li>\n<li>  R\u00f6mische <label> Figuren <\/label> <\/li>\n<li>  Rhodinierte <label> Zeiger <\/label>, Leaf<\/li>\n<li>\n<div class=\"product-specifications__list\">\n<h4 id=\"technicalitem4\" class=\"open\">Riemen<\/h4>\n<ul>\n<li> <label> Material <\/label> Stahl, poliert<\/li>\n<li> <label> Dreifach-Faltschlie\u00dfe <\/label> mit Sicherheitsverschluss, Stahl, poliert<\/li>\n<\/ul>\n<\/div>\n<\/li>\n<\/ul>\n<\/div>\n<\/li>\n<\/ul>\n<\/div>\n<\/li>\n<\/ul>\n<\/div>\n<\/li>\n<\/ul>\n<\/div>\n","protected":false},"excerpt":{"rendered":"<p>BAUME &amp; MERCIER CLASSIMA REF. 10356 Die Classima 10356 ist eine Schweizer Luxus-Damenuhr, die sich durch ihre perfekt ausgewogenen Proportionen und ihr klares, elegantes Design auszeichnet. Sie wird von einem Quarzwerk angetrieben und hat ein poliertes Stahlarmband und eine Dreifach-Faltschlie\u00dfe mit Sicherheitsverschluss. Diese urbane, schicke Uhr mit Stahlarmband verf\u00fcgt \u00fcber ein reinwei\u00dfes Zifferblatt mit klassischen [&hellip;]<\/p>\n","protected":false},"featured_media":62957,"template":"","meta":{"_crdt_document":"","advanced_seo_description":"","jetpack_seo_html_title":"","jetpack_seo_noindex":false},"product_brand":[],"product_cat":[2610],"product_tag":[2617],"berocket_brand":[],"woo-feed-brand":[],"class_list":{"0":"post-68511","1":"product","2":"type-product","3":"status-publish","4":"has-post-thumbnail","6":"product_cat-baume-mercier-de","7":"product_tag-classima-de","9":"first","10":"instock","11":"sale","12":"taxable","13":"shipping-taxable","14":"purchasable","15":"product-type-simple"},"bundled_by":[],"bundle_stock_status":"instock","bundle_stock_quantity":2,"bundle_virtual":false,"bundle_layout":"","bundle_add_to_cart_form_location":"","bundle_editable_in_cart":false,"bundle_sold_individually_context":"","bundle_item_grouping":"","bundle_min_size":"","bundle_max_size":"","bundle_price":[],"bundled_items":[],"bundle_sell_ids":[],"group_of_quantity":0,"min_quantity":0,"max_quantity":"","exclude_order_quantity_value_rules":"no","exclude_category_quantity_rules":"no","combine_variations":"no","jetpack_sharing_enabled":true,"jetpack_likes_enabled":true,"_links":{"self":[{"href":"https:\/\/watchdeluxe.it\/de\/wp-json\/wp\/v2\/product\/68511","targetHints":{"allow":["GET"]}}],"collection":[{"href":"https:\/\/watchdeluxe.it\/de\/wp-json\/wp\/v2\/product"}],"about":[{"href":"https:\/\/watchdeluxe.it\/de\/wp-json\/wp\/v2\/types\/product"}],"wp:featuredmedia":[{"embeddable":true,"href":"https:\/\/watchdeluxe.it\/de\/wp-json\/wp\/v2\/media\/62957"}],"wp:attachment":[{"href":"https:\/\/watchdeluxe.it\/de\/wp-json\/wp\/v2\/media?parent=68511"}],"wp:term":[{"taxonomy":"product_brand","embeddable":true,"href":"https:\/\/watchdeluxe.it\/de\/wp-json\/wp\/v2\/product_brand?post=68511"},{"taxonomy":"product_cat","embeddable":true,"href":"https:\/\/watchdeluxe.it\/de\/wp-json\/wp\/v2\/product_cat?post=68511"},{"taxonomy":"product_tag","embeddable":true,"href":"https:\/\/watchdeluxe.it\/de\/wp-json\/wp\/v2\/product_tag?post=68511"},{"taxonomy":"berocket_brand","embeddable":true,"href":"https:\/\/watchdeluxe.it\/de\/wp-json\/wp\/v2\/berocket_brand?post=68511"},{"taxonomy":"woo-feed-brand","embeddable":true,"href":"https:\/\/watchdeluxe.it\/de\/wp-json\/wp\/v2\/woo-feed-brand?post=68511"}],"curies":[{"name":"wp","href":"https:\/\/api.w.org\/{rel}","templated":true}]}}