{"id":68487,"date":"2023-03-22T10:36:52","date_gmt":"2023-03-22T09:36:52","guid":{"rendered":"https:\/\/watchdeluxe.it\/prodotto\/baume-merciere-classima-ref-m0a10330\/"},"modified":"2026-04-13T11:56:31","modified_gmt":"2026-04-13T09:56:31","slug":"baume-merciere-classima-ref-m0a10330","status":"publish","type":"product","link":"https:\/\/watchdeluxe.it\/de\/prodotto\/baume-merciere-classima-ref-m0a10330\/","title":{"rendered":"BAUME &amp; MERCIERE CLASSIMA REF. M0A10330"},"content":{"rendered":"<p>BAUME &amp; MERCIERE CLASSIMA REF. 10330<\/p>\n<p>Dieser runde 42-mm-Chronograph mit Automatikfunktion verf\u00fcgt \u00fcber ein poliertes Stahlgeh\u00e4use, ein silbernes Zifferblatt mit Opallackierung und gebl\u00e4ute Stahlzeiger. Drei kleinere Zifferbl\u00e4tter und ein Datumsfenster vor dem Hintergrund des ikonischen guillochierten Dekors unterstreichen die technische Raffinesse dieses Herrenchronographen mit Automatikaufzug. Die erhabenen Markierungen werden von anderen grafischen Zeichen auf der L\u00fcnette begleitet. Der Zeitmesser aus Stahl mit transparentem Saphirglasboden ist perfekt auf ein blaues Alligatorband abgestimmt.<\/p>\n<div class=\"product-specifications__list\">\n<h4 id=\"technicalitem0\" class=\"open\">Eigenschaften<\/h4>\n<ul>\n<li>Uhr Automatik, Selbstaufzug<\/li>\n<li>Gangreserve: 48 Stunde(n)<\/li>\n<li>Wasserdichtigkeit: 5 ATM (ca. 50 Meter)<\/li>\n<li>Chronograph, Datum<\/li>\n<li>R\u00fcckseite aus Saphirglas<\/li>\n<li>\n<div class=\"product-specifications__list\">\n<h4 id=\"technicalitem1\" class=\"open\">Bewegung<\/h4>\n<ul>\n<li>Schweizer Fabrikat<\/li>\n<li>\n<\/li>\n<li> <label> Energy <\/label> Automatic, automatischer Aufzug<\/li>\n<li> <label> Frequenz <\/label> 28800.0vph\/4.0hz<\/li>\n<li> <label> Rubine <\/label> 25<\/li>\n<li>\n<div class=\"product-specifications__list\">\n<h4 id=\"technicalitem2\" class=\"open\">Fall<\/h4>\n<ul>\n<li>  Runde <label> Form <\/label> <\/li>\n<li> <label> Messung des <\/label> Durchmessers: 42 mm<\/li>\n<li> <label> Dicke <\/label> 13,25 mm<\/li>\n<li> <label> Material und Ausf\u00fchrung <\/label> Stahl, poliert<\/li>\n<li> <label> Geh\u00e4useboden <\/label> Geh\u00e4useboden aus Saphirglas<\/li>\n<\/ul>\n<div class=\"product-specifications__list\">\n<h4 id=\"technicalitem3\" class=\"open\">W\u00e4hlen Sie<\/h4>\n<ul>\n<li> <label> Farben und Ausf\u00fchrungen <\/label> versilbert, opalin<\/li>\n<li> <label> Zeiger <\/label> Gebl\u00e4uter Stahl, Blatt<\/li>\n<li>\n<div class=\"product-specifications__list\">\n<h4 id=\"technicalitem4\" class=\"open\">Riemen<\/h4>\n<ul>\n<li> <label> Material <\/label> Alligatorleder, Blau<\/li>\n<li> <label> Schnalle <\/label> Verstellbare Dreifach-Faltschlie\u00dfe mit Sicherheitsverschluss, polierte Oberfl\u00e4che<\/li>\n<\/ul>\n<\/div>\n<\/li>\n<\/ul>\n<\/div>\n<\/div>\n<\/li>\n<\/ul>\n<\/div>\n<\/li>\n<\/ul>\n<\/div>\n","protected":false},"excerpt":{"rendered":"<p>BAUME &amp; MERCIERE CLASSIMA REF. 10330 Dieser runde 42-mm-Chronograph mit Automatikfunktion verf\u00fcgt \u00fcber ein poliertes Stahlgeh\u00e4use, ein silbernes Zifferblatt mit Opallackierung und gebl\u00e4ute Stahlzeiger. Drei kleinere Zifferbl\u00e4tter und ein Datumsfenster vor dem Hintergrund des ikonischen guillochierten Dekors unterstreichen die technische Raffinesse dieses Herrenchronographen mit Automatikaufzug. Die erhabenen Markierungen werden von anderen grafischen Zeichen auf der [&hellip;]<\/p>\n","protected":false},"featured_media":168935,"template":"","meta":{"_crdt_document":"","advanced_seo_description":"","jetpack_seo_html_title":"","jetpack_seo_noindex":false},"product_brand":[],"product_cat":[2610],"product_tag":[2617],"berocket_brand":[],"woo-feed-brand":[],"class_list":{"0":"post-68487","1":"product","2":"type-product","3":"status-publish","4":"has-post-thumbnail","6":"product_cat-baume-mercier-de","7":"product_tag-classima-de","9":"first","10":"instock","11":"sale","12":"taxable","13":"shipping-taxable","14":"purchasable","15":"product-type-simple"},"bundled_by":[],"bundle_stock_status":"instock","bundle_stock_quantity":1,"bundle_virtual":false,"bundle_layout":"","bundle_add_to_cart_form_location":"","bundle_editable_in_cart":false,"bundle_sold_individually_context":"","bundle_item_grouping":"","bundle_min_size":"","bundle_max_size":"","bundle_price":[],"bundled_items":[],"bundle_sell_ids":[],"group_of_quantity":0,"min_quantity":0,"max_quantity":"","exclude_order_quantity_value_rules":"no","exclude_category_quantity_rules":"no","combine_variations":"no","jetpack_sharing_enabled":true,"jetpack_likes_enabled":true,"_links":{"self":[{"href":"https:\/\/watchdeluxe.it\/de\/wp-json\/wp\/v2\/product\/68487","targetHints":{"allow":["GET"]}}],"collection":[{"href":"https:\/\/watchdeluxe.it\/de\/wp-json\/wp\/v2\/product"}],"about":[{"href":"https:\/\/watchdeluxe.it\/de\/wp-json\/wp\/v2\/types\/product"}],"wp:featuredmedia":[{"embeddable":true,"href":"https:\/\/watchdeluxe.it\/de\/wp-json\/wp\/v2\/media\/168935"}],"wp:attachment":[{"href":"https:\/\/watchdeluxe.it\/de\/wp-json\/wp\/v2\/media?parent=68487"}],"wp:term":[{"taxonomy":"product_brand","embeddable":true,"href":"https:\/\/watchdeluxe.it\/de\/wp-json\/wp\/v2\/product_brand?post=68487"},{"taxonomy":"product_cat","embeddable":true,"href":"https:\/\/watchdeluxe.it\/de\/wp-json\/wp\/v2\/product_cat?post=68487"},{"taxonomy":"product_tag","embeddable":true,"href":"https:\/\/watchdeluxe.it\/de\/wp-json\/wp\/v2\/product_tag?post=68487"},{"taxonomy":"berocket_brand","embeddable":true,"href":"https:\/\/watchdeluxe.it\/de\/wp-json\/wp\/v2\/berocket_brand?post=68487"},{"taxonomy":"woo-feed-brand","embeddable":true,"href":"https:\/\/watchdeluxe.it\/de\/wp-json\/wp\/v2\/woo-feed-brand?post=68487"}],"curies":[{"name":"wp","href":"https:\/\/api.w.org\/{rel}","templated":true}]}}