{"id":68483,"date":"2023-03-22T10:36:51","date_gmt":"2023-03-22T09:36:51","guid":{"rendered":"https:\/\/watchdeluxe.it\/prodotto\/baume-mercier-classima-ref-m0a10353\/"},"modified":"2026-04-13T11:56:38","modified_gmt":"2026-04-13T09:56:38","slug":"baume-mercier-classima-ref-10353","status":"publish","type":"product","link":"https:\/\/watchdeluxe.it\/de\/prodotto\/baume-mercier-classima-ref-10353\/","title":{"rendered":"BAUME &amp; MERCIER CLASSIMA REF. M0A10353"},"content":{"rendered":"<p>BAUME &amp; MERCIER CLASSIMA REF. 10353<\/p>\n<p>Die Classima 10353 ist eine luxuri\u00f6se Damenuhr im modernen Stil mit einem blau gl\u00e4nzenden Lederarmband mit Alligatormuster und einem reinwei\u00dfen Zifferblatt mit rhodinierten Zeigern und klassischen r\u00f6mischen Ziffern bei 6, 9 und 12 Uhr. Diese 31 mm gro\u00dfe Stahluhr ist elegant ausgewogen und verf\u00fcgt \u00fcber ein Datumsfenster bei 3 Uhr. Sie wird von einem Quarzwerk angetrieben und ist damit ein Pr\u00e4zisionszeitmesser f\u00fcr die zukunftsorientierte Frau von heute.<\/p>\n<div class=\"product-specifications__list\">\n<h4 id=\"technicalitem0\" class=\"open\">Eigenschaften<\/h4>\n<ul>\n<li>Quarzuhr<\/li>\n<li>Wasserdichtigkeit: 5 ATM (ca. 50 Meter)<\/li>\n<li>Datum<\/li>\n<li>\n<div class=\"product-specifications__list\">\n<h4 id=\"technicalitem1\" class=\"open\">Bewegung<\/h4>\n<ul>\n<li>Schweizer Fabrikat<\/li>\n<li>\n<\/li>\n<li> <label> Quarz-Energie <\/label> <\/li>\n<li>\n<div class=\"product-specifications__list\">\n<h4 id=\"technicalitem2\" class=\"open\">Fall<\/h4>\n<ul>\n<li>  Runde <label> Form <\/label> <\/li>\n<li> <label> Messung des <\/label> Durchmessers: 31 mm<\/li>\n<li> <label> Dicke <\/label> 5,95 mm<\/li>\n<li> <label> Material und Ausf\u00fchrung <\/label> Stahl, poliert<\/li>\n<li> <label> Geh\u00e4useboden <\/label> Geschlossener Geh\u00e4useboden<\/li>\n<li>\n<div class=\"product-specifications__list\">\n<h4 id=\"technicalitem3\" class=\"open\">W\u00e4hlen Sie<\/h4>\n<ul>\n<li> <label> Farben und Ausf\u00fchrungen <\/label> Wei\u00df, Nein<\/li>\n<li>  R\u00f6mische <label> Figuren <\/label> <\/li>\n<li>  Rhodinierte <label> Zeiger <\/label>, Leaf<\/li>\n<li>\n<div class=\"product-specifications__list\">\n<h4 id=\"technicalitem4\" class=\"open\">Riemen<\/h4>\n<ul>\n<li> <label> Material <\/label> Kalb, Blau<\/li>\n<li> <label> Schnalle <\/label> Dornschlie\u00dfe, polierte Ausf\u00fchrung<\/li>\n<\/ul>\n<\/div>\n<\/li>\n<\/ul>\n<\/div>\n<\/li>\n<\/ul>\n<\/div>\n<\/li>\n<\/ul>\n<\/div>\n<\/li>\n<\/ul>\n<\/div>\n","protected":false},"excerpt":{"rendered":"<p>BAUME &amp; MERCIER CLASSIMA REF. 10353 Die Classima 10353 ist eine luxuri\u00f6se Damenuhr im modernen Stil mit einem blau gl\u00e4nzenden Lederarmband mit Alligatormuster und einem reinwei\u00dfen Zifferblatt mit rhodinierten Zeigern und klassischen r\u00f6mischen Ziffern bei 6, 9 und 12 Uhr. Diese 31 mm gro\u00dfe Stahluhr ist elegant ausgewogen und verf\u00fcgt \u00fcber ein Datumsfenster bei 3 [&hellip;]<\/p>\n","protected":false},"featured_media":160540,"template":"","meta":{"_crdt_document":"","advanced_seo_description":"","jetpack_seo_html_title":"","jetpack_seo_noindex":false},"product_brand":[],"product_cat":[2610],"product_tag":[],"berocket_brand":[],"woo-feed-brand":[],"class_list":{"0":"post-68483","1":"product","2":"type-product","3":"status-publish","4":"has-post-thumbnail","6":"product_cat-baume-mercier-de","8":"first","9":"instock","10":"sale","11":"taxable","12":"shipping-taxable","13":"purchasable","14":"product-type-simple"},"bundled_by":[],"bundle_stock_status":"instock","bundle_stock_quantity":1,"bundle_virtual":false,"bundle_layout":"","bundle_add_to_cart_form_location":"","bundle_editable_in_cart":false,"bundle_sold_individually_context":"","bundle_item_grouping":"","bundle_min_size":"","bundle_max_size":"","bundle_price":[],"bundled_items":[],"bundle_sell_ids":[],"group_of_quantity":0,"min_quantity":0,"max_quantity":"","exclude_order_quantity_value_rules":"no","exclude_category_quantity_rules":"no","combine_variations":"no","jetpack_sharing_enabled":true,"jetpack_likes_enabled":true,"_links":{"self":[{"href":"https:\/\/watchdeluxe.it\/de\/wp-json\/wp\/v2\/product\/68483","targetHints":{"allow":["GET"]}}],"collection":[{"href":"https:\/\/watchdeluxe.it\/de\/wp-json\/wp\/v2\/product"}],"about":[{"href":"https:\/\/watchdeluxe.it\/de\/wp-json\/wp\/v2\/types\/product"}],"wp:featuredmedia":[{"embeddable":true,"href":"https:\/\/watchdeluxe.it\/de\/wp-json\/wp\/v2\/media\/160540"}],"wp:attachment":[{"href":"https:\/\/watchdeluxe.it\/de\/wp-json\/wp\/v2\/media?parent=68483"}],"wp:term":[{"taxonomy":"product_brand","embeddable":true,"href":"https:\/\/watchdeluxe.it\/de\/wp-json\/wp\/v2\/product_brand?post=68483"},{"taxonomy":"product_cat","embeddable":true,"href":"https:\/\/watchdeluxe.it\/de\/wp-json\/wp\/v2\/product_cat?post=68483"},{"taxonomy":"product_tag","embeddable":true,"href":"https:\/\/watchdeluxe.it\/de\/wp-json\/wp\/v2\/product_tag?post=68483"},{"taxonomy":"berocket_brand","embeddable":true,"href":"https:\/\/watchdeluxe.it\/de\/wp-json\/wp\/v2\/berocket_brand?post=68483"},{"taxonomy":"woo-feed-brand","embeddable":true,"href":"https:\/\/watchdeluxe.it\/de\/wp-json\/wp\/v2\/woo-feed-brand?post=68483"}],"curies":[{"name":"wp","href":"https:\/\/api.w.org\/{rel}","templated":true}]}}