{"id":68410,"date":"2023-03-22T10:36:57","date_gmt":"2023-03-22T09:36:57","guid":{"rendered":"https:\/\/watchdeluxe.it\/prodotto\/baume-mercier-clifton-club-ref-m0a10486\/"},"modified":"2026-04-13T11:56:01","modified_gmt":"2026-04-13T09:56:01","slug":"baume-mercier-clifton-club-ref-10486","status":"publish","type":"product","link":"https:\/\/watchdeluxe.it\/de\/prodotto\/baume-mercier-clifton-club-ref-10486\/","title":{"rendered":"BAUME &amp; MERCIER CLIFTON CLUB REF. M0A10486"},"content":{"rendered":"<p>BAUME &amp; MERCIER CLIFTON CLUB REF. 10486<\/p>\n<p>Mit ihrem sportlichen Charakter und ihrem raffinierten Herzen ist diese GMT-Automatikuhr der Verb\u00fcndete des modernen, unternehmungslustigen Mannes. Sie verf\u00fcgt \u00fcber ein opales schwarzes Zifferblatt, eine blaue L\u00fcnette und ein schwarzes Kalbslederarmband mit blauem, gummiertem Kalbslederfutter.<\/p>\n<div class=\"product-specifications__list\">\n<h4 id=\"technicalitem0\" class=\"open\">Eigenschaften<\/h4>\n<ul>\n<li>Uhr Automatik, Selbstaufzug<\/li>\n<li>Gangreserve: 42 Stunde(n)<\/li>\n<li>Wasserdichtigkeit: 10 ATM (ca. 100 Meter)<\/li>\n<li>Datum, Doppelte Zeitzone<\/li>\n<li>\n<div class=\"product-specifications__list\">\n<h4 id=\"technicalitem1\" class=\"open\">Bewegung<\/h4>\n<ul>\n<li>Schweizer Fabrikat<\/li>\n<li>\n    <\/li>\n<li> <label> Energy <\/label> Automatic, automatischer Aufzug<\/li>\n<li> <label> Frequenz <\/label> 28800.0vph\/4.0hz<\/li>\n<li> <label> Rubine <\/label> 21<\/li>\n<li>\n<div class=\"product-specifications__list\">\n<h4 id=\"technicalitem2\" class=\"open\">Fall<\/h4>\n<ul>\n<li>  Runde <label> Form <\/label> <\/li>\n<li> <label> Messung des <\/label> Durchmessers: 42 mm<\/li>\n<li> <label> Dicke <\/label> 10,6 mm<\/li>\n<li> <label> Material und Ausf\u00fchrung <\/label> Stahl, satinpoliert<\/li>\n<li> <label> Geh\u00e4useboden <\/label> Geschlossener Geh\u00e4useboden, Mit Schrauben<\/li>\n<li>\n<div class=\"product-specifications__list\">\n<h4 id=\"technicalitem3\" class=\"open\">W\u00e4hlen Sie<\/h4>\n<ul>\n<li> <label> Farben und Oberfl\u00e4chen <\/label> Schwarz, Opalin<\/li>\n<li>  Vernietete <label> Indexe <\/label> <\/li>\n<li>  Rhodinierte <label> Zeiger <\/label>, Superluminova C1, blau leuchtend<\/li>\n<li>\n<div class=\"product-specifications__list\">\n<h4 id=\"technicalitem4\" class=\"open\">Riemen<\/h4>\n<ul>\n<li> <label> Material <\/label> Kalb, Schwarz<\/li>\n<li> <label> Schnalle <\/label> Verstellbare Dreifach-Faltschlie\u00dfe mit Sicherheitsverschluss, polierte Oberfl\u00e4che<\/li>\n<\/ul>\n<\/div>\n<\/li>\n<\/ul>\n<\/div>\n<\/li>\n<\/ul>\n<\/div>\n<\/li>\n<\/ul>\n<\/div>\n<\/li>\n<\/ul>\n<\/div>\n","protected":false},"excerpt":{"rendered":"<p>BAUME &amp; MERCIER CLIFTON CLUB REF. 10486 Mit ihrem sportlichen Charakter und ihrem raffinierten Herzen ist diese GMT-Automatikuhr der Verb\u00fcndete des modernen, unternehmungslustigen Mannes. Sie verf\u00fcgt \u00fcber ein opales schwarzes Zifferblatt, eine blaue L\u00fcnette und ein schwarzes Kalbslederarmband mit blauem, gummiertem Kalbslederfutter. Eigenschaften Uhr Automatik, Selbstaufzug Gangreserve: 42 Stunde(n) Wasserdichtigkeit: 10 ATM (ca. 100 Meter) [&hellip;]<\/p>\n","protected":false},"featured_media":62805,"template":"","meta":{"_crdt_document":"","advanced_seo_description":"","jetpack_seo_html_title":"","jetpack_seo_noindex":false},"product_brand":[],"product_cat":[2610],"product_tag":[2624],"berocket_brand":[],"woo-feed-brand":[],"class_list":{"0":"post-68410","1":"product","2":"type-product","3":"status-publish","4":"has-post-thumbnail","6":"product_cat-baume-mercier-de","7":"product_tag-clifton-de","9":"first","10":"instock","11":"sale","12":"taxable","13":"shipping-taxable","14":"purchasable","15":"product-type-simple"},"bundled_by":[],"bundle_stock_status":"instock","bundle_stock_quantity":1,"bundle_virtual":false,"bundle_layout":"","bundle_add_to_cart_form_location":"","bundle_editable_in_cart":false,"bundle_sold_individually_context":"","bundle_item_grouping":"","bundle_min_size":"","bundle_max_size":"","bundle_price":[],"bundled_items":[],"bundle_sell_ids":[],"group_of_quantity":0,"min_quantity":0,"max_quantity":"","exclude_order_quantity_value_rules":"no","exclude_category_quantity_rules":"no","combine_variations":"no","jetpack_sharing_enabled":true,"jetpack_likes_enabled":true,"_links":{"self":[{"href":"https:\/\/watchdeluxe.it\/de\/wp-json\/wp\/v2\/product\/68410","targetHints":{"allow":["GET"]}}],"collection":[{"href":"https:\/\/watchdeluxe.it\/de\/wp-json\/wp\/v2\/product"}],"about":[{"href":"https:\/\/watchdeluxe.it\/de\/wp-json\/wp\/v2\/types\/product"}],"wp:featuredmedia":[{"embeddable":true,"href":"https:\/\/watchdeluxe.it\/de\/wp-json\/wp\/v2\/media\/62805"}],"wp:attachment":[{"href":"https:\/\/watchdeluxe.it\/de\/wp-json\/wp\/v2\/media?parent=68410"}],"wp:term":[{"taxonomy":"product_brand","embeddable":true,"href":"https:\/\/watchdeluxe.it\/de\/wp-json\/wp\/v2\/product_brand?post=68410"},{"taxonomy":"product_cat","embeddable":true,"href":"https:\/\/watchdeluxe.it\/de\/wp-json\/wp\/v2\/product_cat?post=68410"},{"taxonomy":"product_tag","embeddable":true,"href":"https:\/\/watchdeluxe.it\/de\/wp-json\/wp\/v2\/product_tag?post=68410"},{"taxonomy":"berocket_brand","embeddable":true,"href":"https:\/\/watchdeluxe.it\/de\/wp-json\/wp\/v2\/berocket_brand?post=68410"},{"taxonomy":"woo-feed-brand","embeddable":true,"href":"https:\/\/watchdeluxe.it\/de\/wp-json\/wp\/v2\/woo-feed-brand?post=68410"}],"curies":[{"name":"wp","href":"https:\/\/api.w.org\/{rel}","templated":true}]}}