{"id":68353,"date":"2023-03-22T10:36:58","date_gmt":"2023-03-22T09:36:58","guid":{"rendered":"https:\/\/watchdeluxe.it\/prodotto\/baume-mercier-hampton-ref-m0a10474\/"},"modified":"2026-04-13T11:56:00","modified_gmt":"2026-04-13T09:56:00","slug":"baume-mercier-hampton-ref-m0a10474","status":"publish","type":"product","link":"https:\/\/watchdeluxe.it\/de\/prodotto\/baume-mercier-hampton-ref-m0a10474\/","title":{"rendered":"BAUME &amp; MERCIER HAMPTON REF. M0A10474"},"content":{"rendered":"<p>BAUME &amp; MERCIER HAMPTON REF. 10474<\/p>\n<p>Die rechteckige Perlmuttuhr f\u00fcr Damen verf\u00fcgt \u00fcber ein diamantbesetztes Zifferblatt, rhodinierte schwertf\u00f6rmige Zeiger und genietete Indexe. Das 3-reihige Edelstahlarmband mit polierter Satinoberfl\u00e4che verleiht dieser raffinierten Uhr mit Quarzwerk einen Hauch von Eleganz.<\/p>\n<div class=\"product-specifications__list\">\n<h4 id=\"technicalitem0\" class=\"open\">Eigenschaften<\/h4>\n<ul>\n<li>Quarzuhr<\/li>\n<li>Wasserdichtigkeit: 5 ATM (ca. 50 Meter)<\/li>\n<\/ul>\n<\/div>\n<div class=\"product-specifications__list\">\n<h4 id=\"technicalitem1\" class=\"open\">Bewegung<\/h4>\n<ul>\n<li>Schweizer Fabrikat<\/li>\n<li>MHH057<\/li>\n<li> <label> Quarz-Energie <\/label> <\/li>\n<li>\n<div class=\"product-specifications__list\">\n<h4 id=\"technicalitem2\" class=\"open\">Fall<\/h4>\n<ul>\n<li>  Rechteckige <label> Form <\/label> <\/li>\n<li> <label> Ma\u00dfe <\/label> Breite: 22,2 mm x L\u00e4nge: 34,9 mm<\/li>\n<li> <label> Dicke <\/label> 6,92 mm<\/li>\n<li> <label> Material und Ausf\u00fchrung <\/label> Stahl, poliert<\/li>\n<li> <label> Geh\u00e4useboden <\/label> Geschlossener Geh\u00e4useboden<\/li>\n<li>\n<div class=\"product-specifications__list\">\n<h4 id=\"technicalitem3\" class=\"open\">W\u00e4hlen Sie<\/h4>\n<ul>\n<li> <label> Farben und Oberfl\u00e4chen <\/label> Wei\u00dfes Perlmutt<\/li>\n<li> <label> Indexe <\/label> Diamant-Indexe, genietete Indexe<\/li>\n<li>  Rhodinierte <label> Zeiger <\/label>, Gladio<\/li>\n<li>\n<div class=\"product-specifications__list\">\n<h4 id=\"technicalitem4\" class=\"open\">Riemen<\/h4>\n<ul>\n<li> <label> Material <\/label> Stahl, (Ausf\u00fchrung) Satiniert\/poliert<\/li>\n<li> <label> Stahl-Verschluss <\/label>, poliert<\/li>\n<\/ul>\n<\/div>\n<\/li>\n<\/ul>\n<\/div>\n<\/li>\n<\/ul>\n<\/div>\n<\/li>\n<\/ul>\n<\/div>\n","protected":false},"excerpt":{"rendered":"<p>BAUME &amp; MERCIER HAMPTON REF. 10474 Die rechteckige Perlmuttuhr f\u00fcr Damen verf\u00fcgt \u00fcber ein diamantbesetztes Zifferblatt, rhodinierte schwertf\u00f6rmige Zeiger und genietete Indexe. Das 3-reihige Edelstahlarmband mit polierter Satinoberfl\u00e4che verleiht dieser raffinierten Uhr mit Quarzwerk einen Hauch von Eleganz. Eigenschaften Quarzuhr Wasserdichtigkeit: 5 ATM (ca. 50 Meter) Bewegung Schweizer Fabrikat MHH057 Quarz-Energie Fall Rechteckige Form Ma\u00dfe [&hellip;]<\/p>\n","protected":false},"featured_media":62797,"template":"","meta":{"_crdt_document":"","advanced_seo_description":"","jetpack_seo_html_title":"","jetpack_seo_noindex":false},"product_brand":[],"product_cat":[2610],"product_tag":[4561],"berocket_brand":[],"woo-feed-brand":[],"class_list":{"0":"post-68353","1":"product","2":"type-product","3":"status-publish","4":"has-post-thumbnail","6":"product_cat-baume-mercier-de","7":"product_tag-hampton-de-3","9":"first","10":"instock","11":"sale","12":"taxable","13":"shipping-taxable","14":"purchasable","15":"product-type-simple"},"bundled_by":[],"bundle_stock_status":"instock","bundle_stock_quantity":3,"bundle_virtual":false,"bundle_layout":"","bundle_add_to_cart_form_location":"","bundle_editable_in_cart":false,"bundle_sold_individually_context":"","bundle_item_grouping":"","bundle_min_size":"","bundle_max_size":"","bundle_price":[],"bundled_items":[],"bundle_sell_ids":[],"group_of_quantity":0,"min_quantity":0,"max_quantity":"","exclude_order_quantity_value_rules":"no","exclude_category_quantity_rules":"no","combine_variations":"no","jetpack_sharing_enabled":true,"jetpack_likes_enabled":true,"_links":{"self":[{"href":"https:\/\/watchdeluxe.it\/de\/wp-json\/wp\/v2\/product\/68353","targetHints":{"allow":["GET"]}}],"collection":[{"href":"https:\/\/watchdeluxe.it\/de\/wp-json\/wp\/v2\/product"}],"about":[{"href":"https:\/\/watchdeluxe.it\/de\/wp-json\/wp\/v2\/types\/product"}],"wp:featuredmedia":[{"embeddable":true,"href":"https:\/\/watchdeluxe.it\/de\/wp-json\/wp\/v2\/media\/62797"}],"wp:attachment":[{"href":"https:\/\/watchdeluxe.it\/de\/wp-json\/wp\/v2\/media?parent=68353"}],"wp:term":[{"taxonomy":"product_brand","embeddable":true,"href":"https:\/\/watchdeluxe.it\/de\/wp-json\/wp\/v2\/product_brand?post=68353"},{"taxonomy":"product_cat","embeddable":true,"href":"https:\/\/watchdeluxe.it\/de\/wp-json\/wp\/v2\/product_cat?post=68353"},{"taxonomy":"product_tag","embeddable":true,"href":"https:\/\/watchdeluxe.it\/de\/wp-json\/wp\/v2\/product_tag?post=68353"},{"taxonomy":"berocket_brand","embeddable":true,"href":"https:\/\/watchdeluxe.it\/de\/wp-json\/wp\/v2\/berocket_brand?post=68353"},{"taxonomy":"woo-feed-brand","embeddable":true,"href":"https:\/\/watchdeluxe.it\/de\/wp-json\/wp\/v2\/woo-feed-brand?post=68353"}],"curies":[{"name":"wp","href":"https:\/\/api.w.org\/{rel}","templated":true}]}}