{"id":68315,"date":"2023-04-03T16:12:59","date_gmt":"2023-04-03T14:12:59","guid":{"rendered":"https:\/\/watchdeluxe.it\/prodotto\/hublot-classic-fusion-racing-grau-titanum-33-mm-ref-581-nx-7071-lr-1104\/"},"modified":"2026-04-13T12:15:20","modified_gmt":"2026-04-13T10:15:20","slug":"hublot-classic-fusion-racing-grey-titanum-33-mm-ref-581-nx-7071-lr-2","status":"publish","type":"product","link":"https:\/\/watchdeluxe.it\/de\/prodotto\/hublot-classic-fusion-racing-grey-titanum-33-mm-ref-581-nx-7071-lr-2\/","title":{"rendered":"Hublot Classic Fusion Racing Grau Titanum 33 Mm Ref. 581.Nx.7071.Lr"},"content":{"rendered":"<p>Hublot Classic Fusion Racing Grau Titanum 33 Mm Ref. 581.Nx.7071.Lr<\/p>\n<table class=\"data-table\">\n<tbody>\n<tr class=\"even\">\n<td class=\"spec-name\">Linie<\/td>\n<td class=\"spec-value\">CLASSIC FUSION<\/td>\n<\/tr>\n<tr class=\"odd\">\n<td class=\"spec-name\">Komplikation<\/td>\n<td class=\"spec-value\">NUR ZEIT<\/td>\n<\/tr>\n<tr class=\"even\">\n<td class=\"spec-name\">Uhrwerk<\/td>\n<td class=\"spec-value\">QUARTZ<\/td>\n<\/tr>\n<tr class=\"odd\">\n<td class=\"spec-name\">Dater<\/td>\n<td class=\"spec-value\">DATE<\/td>\n<\/tr>\n<tr class=\"even\">\n<td class=\"spec-name\">Form<\/td>\n<td class=\"spec-value\">RUND<\/td>\n<\/tr>\n<tr class=\"odd\">\n<td class=\"spec-name\">Gr\u00f6\u00dfe<\/td>\n<td class=\"spec-value\">33 MM<\/td>\n<\/tr>\n<tr class=\"even\">\n<td class=\"spec-name\">Material Geh\u00e4use<\/td>\n<td class=\"spec-value\">Titan<\/td>\n<\/tr>\n<tr class=\"odd\">\n<td class=\"spec-name\">W\u00e4hlen Sie<\/td>\n<td class=\"spec-value\">GRAU<\/td>\n<\/tr>\n<tr class=\"even\">\n<td class=\"spec-name\">Armband<\/td>\n<td class=\"spec-value\">ALLIGATOR UND KAUTSCHUK<\/td>\n<\/tr>\n<tr class=\"odd\">\n<td class=\"spec-name\">Wasserdichtigkeit<\/td>\n<td class=\"spec-value\">50 M<\/td>\n<\/tr>\n<\/tbody>\n<\/table>\n","protected":false},"excerpt":{"rendered":"<p>Hublot Classic Fusion Racing Grau Titanum 33 Mm Ref. 581.Nx.7071.Lr Linie CLASSIC FUSION Komplikation NUR ZEIT Uhrwerk QUARTZ Dater DATE Form RUND Gr\u00f6\u00dfe 33 MM Material Geh\u00e4use Titan W\u00e4hlen Sie GRAU Armband ALLIGATOR UND KAUTSCHUK Wasserdichtigkeit 50 M<\/p>\n","protected":false},"featured_media":142196,"template":"","meta":{"_crdt_document":"","advanced_seo_description":"","jetpack_seo_html_title":"","jetpack_seo_noindex":false},"product_brand":[2149],"product_cat":[2222],"product_tag":[2224],"berocket_brand":[],"woo-feed-brand":[],"class_list":{"0":"post-68315","1":"product","2":"type-product","3":"status-publish","4":"has-post-thumbnail","6":"product_brand-hublot","7":"product_cat-hublot-de","8":"product_tag-klassische-fusion","10":"first","11":"instock","12":"sale","13":"taxable","14":"shipping-taxable","15":"purchasable","16":"product-type-simple"},"bundled_by":[],"bundle_stock_status":"instock","bundle_stock_quantity":1,"bundle_virtual":false,"bundle_layout":"","bundle_add_to_cart_form_location":"","bundle_editable_in_cart":false,"bundle_sold_individually_context":"","bundle_item_grouping":"","bundle_min_size":"","bundle_max_size":"","bundle_price":[],"bundled_items":[],"bundle_sell_ids":[],"group_of_quantity":0,"min_quantity":0,"max_quantity":"","exclude_order_quantity_value_rules":"no","exclude_category_quantity_rules":"no","combine_variations":"no","exclude_global_add_ons":[],"addons":[],"jetpack_sharing_enabled":true,"jetpack_likes_enabled":true,"_links":{"self":[{"href":"https:\/\/watchdeluxe.it\/de\/wp-json\/wp\/v2\/product\/68315","targetHints":{"allow":["GET"]}}],"collection":[{"href":"https:\/\/watchdeluxe.it\/de\/wp-json\/wp\/v2\/product"}],"about":[{"href":"https:\/\/watchdeluxe.it\/de\/wp-json\/wp\/v2\/types\/product"}],"wp:featuredmedia":[{"embeddable":true,"href":"https:\/\/watchdeluxe.it\/de\/wp-json\/wp\/v2\/media\/142196"}],"wp:attachment":[{"href":"https:\/\/watchdeluxe.it\/de\/wp-json\/wp\/v2\/media?parent=68315"}],"wp:term":[{"taxonomy":"product_brand","embeddable":true,"href":"https:\/\/watchdeluxe.it\/de\/wp-json\/wp\/v2\/product_brand?post=68315"},{"taxonomy":"product_cat","embeddable":true,"href":"https:\/\/watchdeluxe.it\/de\/wp-json\/wp\/v2\/product_cat?post=68315"},{"taxonomy":"product_tag","embeddable":true,"href":"https:\/\/watchdeluxe.it\/de\/wp-json\/wp\/v2\/product_tag?post=68315"},{"taxonomy":"berocket_brand","embeddable":true,"href":"https:\/\/watchdeluxe.it\/de\/wp-json\/wp\/v2\/berocket_brand?post=68315"},{"taxonomy":"woo-feed-brand","embeddable":true,"href":"https:\/\/watchdeluxe.it\/de\/wp-json\/wp\/v2\/woo-feed-brand?post=68315"}],"curies":[{"name":"wp","href":"https:\/\/api.w.org\/{rel}","templated":true}]}}