{"id":68250,"date":"2023-05-11T10:32:14","date_gmt":"2023-05-11T08:32:14","guid":{"rendered":"https:\/\/watchdeluxe.it\/prodotto\/baume-mercier-classima-ref-m0a08868\/"},"modified":"2026-04-13T11:55:37","modified_gmt":"2026-04-13T09:55:37","slug":"baume-mercier-classima-ref-m0a08868","status":"publish","type":"product","link":"https:\/\/watchdeluxe.it\/de\/prodotto\/baume-mercier-classima-ref-m0a08868\/","title":{"rendered":"Baume &amp; Mercier Classima ref. M0A08868"},"content":{"rendered":"<p>Baume &amp; Mercier Classima ref. M0A08868<\/p>\n<div class=\"labelSubScheda\">TECHNISCHE DATEN<\/div>\n<div class=\"carProdScheda\"><b>Uhrwerk:<\/b> Quarz<br \/>\n<b>Zifferblatt:<\/b> Wei\u00df<br \/>\n<b>Indizes:<\/b> Indizes<br \/>\n<b>Geh\u00e4use:<\/b> Edelstahl<br \/>\n<b>Gr\u00f6\u00dfe:<\/b> 42 mm<br \/>\n<b>Armband:<\/b> Schwarzes Alligatorleder<br \/>\n<b>Wasserdichtigkeit:<\/b> 50 Meter<br \/>\n<b>Glas:<\/b> Saphirglas<\/p>\n<\/div>\n","protected":false},"excerpt":{"rendered":"<p>Baume &amp; Mercier Classima ref. M0A08868 TECHNISCHE DATEN Uhrwerk: Quarz Zifferblatt: Wei\u00df Indizes: Indizes Geh\u00e4use: Edelstahl Gr\u00f6\u00dfe: 42 mm Armband: Schwarzes Alligatorleder Wasserdichtigkeit: 50 Meter Glas: Saphirglas<\/p>\n","protected":false},"featured_media":65881,"template":"","meta":{"_crdt_document":"","advanced_seo_description":"","jetpack_seo_html_title":"","jetpack_seo_noindex":false},"product_brand":[],"product_cat":[2610],"product_tag":[2617],"berocket_brand":[],"woo-feed-brand":[],"class_list":{"0":"post-68250","1":"product","2":"type-product","3":"status-publish","4":"has-post-thumbnail","6":"product_cat-baume-mercier-de","7":"product_tag-classima-de","9":"first","10":"instock","11":"sale","12":"taxable","13":"shipping-taxable","14":"purchasable","15":"product-type-simple"},"bundled_by":[],"bundle_stock_status":"instock","bundle_stock_quantity":1,"bundle_virtual":false,"bundle_layout":"","bundle_add_to_cart_form_location":"","bundle_editable_in_cart":false,"bundle_sold_individually_context":"","bundle_item_grouping":"","bundle_min_size":"","bundle_max_size":"","bundle_price":[],"bundled_items":[],"bundle_sell_ids":[],"group_of_quantity":0,"min_quantity":0,"max_quantity":"","exclude_order_quantity_value_rules":"no","exclude_category_quantity_rules":"no","combine_variations":"no","jetpack_sharing_enabled":true,"jetpack_likes_enabled":true,"_links":{"self":[{"href":"https:\/\/watchdeluxe.it\/de\/wp-json\/wp\/v2\/product\/68250","targetHints":{"allow":["GET"]}}],"collection":[{"href":"https:\/\/watchdeluxe.it\/de\/wp-json\/wp\/v2\/product"}],"about":[{"href":"https:\/\/watchdeluxe.it\/de\/wp-json\/wp\/v2\/types\/product"}],"wp:featuredmedia":[{"embeddable":true,"href":"https:\/\/watchdeluxe.it\/de\/wp-json\/wp\/v2\/media\/65881"}],"wp:attachment":[{"href":"https:\/\/watchdeluxe.it\/de\/wp-json\/wp\/v2\/media?parent=68250"}],"wp:term":[{"taxonomy":"product_brand","embeddable":true,"href":"https:\/\/watchdeluxe.it\/de\/wp-json\/wp\/v2\/product_brand?post=68250"},{"taxonomy":"product_cat","embeddable":true,"href":"https:\/\/watchdeluxe.it\/de\/wp-json\/wp\/v2\/product_cat?post=68250"},{"taxonomy":"product_tag","embeddable":true,"href":"https:\/\/watchdeluxe.it\/de\/wp-json\/wp\/v2\/product_tag?post=68250"},{"taxonomy":"berocket_brand","embeddable":true,"href":"https:\/\/watchdeluxe.it\/de\/wp-json\/wp\/v2\/berocket_brand?post=68250"},{"taxonomy":"woo-feed-brand","embeddable":true,"href":"https:\/\/watchdeluxe.it\/de\/wp-json\/wp\/v2\/woo-feed-brand?post=68250"}],"curies":[{"name":"wp","href":"https:\/\/api.w.org\/{rel}","templated":true}]}}