{"id":68077,"date":"2023-03-15T20:06:15","date_gmt":"2023-03-15T19:06:15","guid":{"rendered":"https:\/\/watchdeluxe.it\/prodotto\/bell-ross-br-126-sport-ref-brv126-bl-be-sca\/"},"modified":"2023-09-01T13:47:38","modified_gmt":"2023-09-01T11:47:38","slug":"bell-ross-br-126-sport-ref-brv126-bl-be-sca","status":"publish","type":"product","link":"https:\/\/watchdeluxe.it\/de\/prodotto\/bell-ross-br-126-sport-ref-brv126-bl-be-sca\/","title":{"rendered":"Bell &amp; Ross BR 126 SPORT ref. BRV126-BL-BE\/SCA"},"content":{"rendered":"<p>Bell &amp; Ross BR 126 SPORT ref. BRV126-BL-BE\/SCA<\/p>\n<p>Uhrwerk: mechanische Automatik.<\/p>\n<p>Funktionen: Stunden, Minuten, Sekunden. Dater. Chronograph 2<\/p>\n<p>Z\u00e4hler (60 s und 30 min Totalisatoren).<\/p>\n<p>Geh\u00e4use: 43 mm Durchmesser, satinierter Edelstahl. L\u00fcnette<\/p>\n<p>schwarzer fi ssa, mit 60-Minuten-Skala.<\/p>\n<p>Zifferblatt: schwarz. Ziffern, Indizes und H\u00e4nde, die mit einem<\/p>\n<p>photolumineszierende Beschichtung.<\/p>\n<p>Glas: ultra-gebombtes, entspiegeltes Saphirglas.<\/p>\n<p>Wasserdichtigkeit: 100 m.<\/p>\n<p>Armband: schwarzes Kalbsleder.<\/p>\n<p>Schnalle: faltbar. Polierter Stahl.<\/p>\n<div><\/div>\n","protected":false},"excerpt":{"rendered":"<p>Bell &amp; Ross BR 126 SPORT ref. BRV126-BL-BE\/SCA Uhrwerk: mechanische Automatik. Funktionen: Stunden, Minuten, Sekunden. Dater. Chronograph 2 Z\u00e4hler (60 s und 30 min Totalisatoren). Geh\u00e4use: 43 mm Durchmesser, satinierter Edelstahl. L\u00fcnette schwarzer fi ssa, mit 60-Minuten-Skala. Zifferblatt: schwarz. Ziffern, Indizes und H\u00e4nde, die mit einem photolumineszierende Beschichtung. Glas: ultra-gebombtes, entspiegeltes Saphirglas. Wasserdichtigkeit: 100 m. [&hellip;]<\/p>\n","protected":false},"featured_media":82117,"template":"","meta":{"_crdt_document":"","advanced_seo_description":"","jetpack_seo_html_title":"","jetpack_seo_noindex":false,"jetpack_post_was_ever_published":false},"product_brand":[2142],"product_cat":[2525],"product_tag":[2583],"berocket_brand":[],"woo-feed-brand":[],"class_list":{"0":"post-68077","1":"product","2":"type-product","3":"status-publish","4":"has-post-thumbnail","6":"product_brand-bell-ross","7":"product_cat-bell-ross-de","8":"product_tag-br126-de","10":"first","11":"instock","12":"sale","13":"taxable","14":"shipping-taxable","15":"purchasable","16":"product-type-simple"},"bundled_by":[],"bundle_stock_status":"instock","bundle_stock_quantity":1,"bundle_virtual":false,"bundle_layout":"","bundle_add_to_cart_form_location":"","bundle_editable_in_cart":false,"bundle_sold_individually_context":"","bundle_item_grouping":"","bundle_min_size":"","bundle_max_size":"","bundle_price":[],"bundled_items":[],"bundle_sell_ids":[],"group_of_quantity":0,"min_quantity":0,"max_quantity":"","exclude_order_quantity_value_rules":"no","exclude_category_quantity_rules":"no","combine_variations":"no","exclude_global_add_ons":[],"addons":[],"jetpack_sharing_enabled":true,"jetpack_likes_enabled":true,"_links":{"self":[{"href":"https:\/\/watchdeluxe.it\/de\/wp-json\/wp\/v2\/product\/68077","targetHints":{"allow":["GET"]}}],"collection":[{"href":"https:\/\/watchdeluxe.it\/de\/wp-json\/wp\/v2\/product"}],"about":[{"href":"https:\/\/watchdeluxe.it\/de\/wp-json\/wp\/v2\/types\/product"}],"wp:featuredmedia":[{"embeddable":true,"href":"https:\/\/watchdeluxe.it\/de\/wp-json\/wp\/v2\/media\/82117"}],"wp:attachment":[{"href":"https:\/\/watchdeluxe.it\/de\/wp-json\/wp\/v2\/media?parent=68077"}],"wp:term":[{"taxonomy":"product_brand","embeddable":true,"href":"https:\/\/watchdeluxe.it\/de\/wp-json\/wp\/v2\/product_brand?post=68077"},{"taxonomy":"product_cat","embeddable":true,"href":"https:\/\/watchdeluxe.it\/de\/wp-json\/wp\/v2\/product_cat?post=68077"},{"taxonomy":"product_tag","embeddable":true,"href":"https:\/\/watchdeluxe.it\/de\/wp-json\/wp\/v2\/product_tag?post=68077"},{"taxonomy":"berocket_brand","embeddable":true,"href":"https:\/\/watchdeluxe.it\/de\/wp-json\/wp\/v2\/berocket_brand?post=68077"},{"taxonomy":"woo-feed-brand","embeddable":true,"href":"https:\/\/watchdeluxe.it\/de\/wp-json\/wp\/v2\/woo-feed-brand?post=68077"}],"curies":[{"name":"wp","href":"https:\/\/api.w.org\/{rel}","templated":true}]}}